{"id":146168,"date":"2021-01-15T10:53:16","date_gmt":"2021-01-15T10:53:16","guid":{"rendered":"https:\/\/codengine3.ch\/?product=import-placeholder-for-200519"},"modified":"2021-01-15T10:58:24","modified_gmt":"2021-01-15T10:58:24","slug":"sportklettern-in-oesterreich-1500000-1200000","status":"publish","type":"product","link":"https:\/\/pizbube.ch\/en\/shop\/sportklettern-in-oesterreich-1500000-1200000\/","title":{"rendered":"Sportklettern in \u00d6sterreich 1:500`000 \/ 1:200`000"},"content":{"rendered":"<p>Kletterg\u00e4rten, Bouldergebiete &#038; k\u00fcnstliche Kletteranlagen<\/p>\n<p>Alle Kletterg\u00e4rten und Kletterhallen auf einer \u00d6sterreich-Karte im Ma\u00dfstab<br \/>\n1:200.000 mit 8 Detailkarten bei besonders hoher Dichte an<br \/>\nKletterm\u00f6glichkeiten (Ma\u00dfstab 1:500.000) &#8211; auf der R\u00fcckseite der Karte findet<br \/>\nman zu jedem in der Karte angef\u00fchrten Gebiet den Verweis\/Quellennachweis f\u00fcr<br \/>\ndie Topos. (hompages oder B\u00fccher)<\/p>","protected":false},"excerpt":{"rendered":"<p>Kletterg\u00e4rten, Bouldergebiete &#038; k\u00fcnstliche Kletteranlagen Alle Kletterg\u00e4rten und Kletterhallen auf einer \u00d6sterreich-Karte im Ma\u00dfstab 1:200.000 mit 8 Detailkarten bei besonders hoher Dichte an Kletterm\u00f6glichkeiten (Ma\u00dfstab 1:500.000) &#8211; auf der R\u00fcckseite der Karte findet man zu jedem in der Karte angef\u00fchrten Gebiet den Verweis\/Quellennachweis f\u00fcr die Topos. (hompages oder B\u00fccher)<\/p>","protected":false},"featured_media":27164,"template":"","meta":[],"product_brand":[],"product_cat":[21543],"product_tag":[],"class_list":{"0":"post-146168","1":"product","2":"type-product","3":"status-publish","4":"has-post-thumbnail","6":"product_cat-landkarten","7":"pa_autor-oeav","8":"pa_erscheinungsjahr-21568","9":"pa_region-oesterreich","10":"pa_sprache-de","12":"first","13":"instock","14":"taxable","15":"shipping-taxable","16":"purchasable","17":"product-type-simple"},"_links":{"self":[{"href":"https:\/\/pizbube.ch\/en\/wp-json\/wp\/v2\/product\/146168","targetHints":{"allow":["GET"]}}],"collection":[{"href":"https:\/\/pizbube.ch\/en\/wp-json\/wp\/v2\/product"}],"about":[{"href":"https:\/\/pizbube.ch\/en\/wp-json\/wp\/v2\/types\/product"}],"wp:featuredmedia":[{"embeddable":true,"href":"https:\/\/pizbube.ch\/en\/wp-json\/wp\/v2\/media\/27164"}],"wp:attachment":[{"href":"https:\/\/pizbube.ch\/en\/wp-json\/wp\/v2\/media?parent=146168"}],"wp:term":[{"taxonomy":"product_brand","embeddable":true,"href":"https:\/\/pizbube.ch\/en\/wp-json\/wp\/v2\/product_brand?post=146168"},{"taxonomy":"product_cat","embeddable":true,"href":"https:\/\/pizbube.ch\/en\/wp-json\/wp\/v2\/product_cat?post=146168"},{"taxonomy":"product_tag","embeddable":true,"href":"https:\/\/pizbube.ch\/en\/wp-json\/wp\/v2\/product_tag?post=146168"}],"curies":[{"name":"wp","href":"https:\/\/api.w.org\/{rel}","templated":true}]}}