{"id":146170,"date":"2021-01-15T10:53:16","date_gmt":"2021-01-15T10:53:16","guid":{"rendered":"https:\/\/codengine3.ch\/?product=import-placeholder-for-204541"},"modified":"2024-07-30T16:26:54","modified_gmt":"2024-07-30T14:26:54","slug":"zillertal-sport-climbing-bouldering-and-multi-pitch-routes","status":"publish","type":"product","link":"https:\/\/pizbube.ch\/en\/shop\/zillertal-sport-climbing-bouldering-and-multi-pitch-routes\/","title":{"rendered":"Zillertal &#8211; Sportklettern, Bouldern und Mehrseill\u00e4ngenrouten"},"content":{"rendered":"<p>Sportklettern, Bouldern und Mehrseill\u00e4ngenrouten &#8211; Das neue Standardwerk zum Zillertal<\/p>\n<p>Der Kletterf\u00fchrers Zillertal von Michael Meisl beschreibt \u00fcber 500 Kletterrouten, mehr als 1000 Boulder und 77 Mehrseill\u00e4ngenrouten im Zemmgrund und im Zillergrund sowie im unteren Zillertal in Tirol.<br \/>\nAuf 480 Seiten stellt er die besten Bouldergebiete, Sportklettergebiete und Mehrseill\u00e4ngenrouten des Tals vor.<\/p>\n<p>Das ganze in Zahlen:<\/p>\n<ul>\n<li>1.000 Boulder<\/li>\n<li>550 Sportkletterrouten<\/li>\n<li>77 Mehrseill\u00e4ngenrouten<\/li>\n<\/ul>\n<p>Dieses Buch ist ein absolutes \u201emust have\u201c f\u00fcr Liebhaber des Urgesteins. Denn in den Ostalpen findet man wohl nur noch im Maltatal und \u00d6tztal eine derart gro\u00dfe Anzahl an Kletterm\u00f6glichkeiten in allen Disziplinen im Gneis und Granit.<\/p>\n<p>Buch (Paperback), 480 Seiten<br \/>\nMa\u00dfe (L\/B\/H): 210\/160\/19 mm<\/p>\n<p>&nbsp;<\/p>\n<p>500 climbing routes, over 1.000 Boulders and 77multi-pitch routes.<\/p>\n<p>The Zillertal is not only one of the largest climbing Areas in Austria.<br \/>\nIt is also one of the few that has a high, international awareness Level.<br \/>\nDetailed Topos and approach sketches.<\/p>\n<p>&nbsp;<\/p>","protected":false},"excerpt":{"rendered":"<ul>\n<li><strong><a href=\"https:\/\/pizbube.ch\/wp-content\/uploads\/attachments\/a_006\/44C3185BEB0A924F392B2236936BF398.pdf\" target=\"_blank\" rel=\"noopener\">PDF: Leseprobe_zillertal_sportklettern_bouldern_mehrseill\u00e4ngen.pdf<\/a><\/strong><\/li>\n<\/ul>","protected":false},"featured_media":171358,"template":"","meta":[],"product_brand":[],"product_cat":[21539],"product_tag":[],"class_list":{"0":"post-146170","1":"product","2":"type-product","3":"status-publish","4":"has-post-thumbnail","6":"product_cat-fuehrerliteratur-sportklettern-bouldern","7":"pa_autor-meisl","8":"pa_erscheinungsjahr-21546","9":"pa_region-oesterreich","10":"pa_sprache-en","12":"first","13":"instock","14":"taxable","15":"shipping-taxable","16":"purchasable","17":"product-type-simple"},"_links":{"self":[{"href":"https:\/\/pizbube.ch\/en\/wp-json\/wp\/v2\/product\/146170","targetHints":{"allow":["GET"]}}],"collection":[{"href":"https:\/\/pizbube.ch\/en\/wp-json\/wp\/v2\/product"}],"about":[{"href":"https:\/\/pizbube.ch\/en\/wp-json\/wp\/v2\/types\/product"}],"wp:featuredmedia":[{"embeddable":true,"href":"https:\/\/pizbube.ch\/en\/wp-json\/wp\/v2\/media\/171358"}],"wp:attachment":[{"href":"https:\/\/pizbube.ch\/en\/wp-json\/wp\/v2\/media?parent=146170"}],"wp:term":[{"taxonomy":"product_brand","embeddable":true,"href":"https:\/\/pizbube.ch\/en\/wp-json\/wp\/v2\/product_brand?post=146170"},{"taxonomy":"product_cat","embeddable":true,"href":"https:\/\/pizbube.ch\/en\/wp-json\/wp\/v2\/product_cat?post=146170"},{"taxonomy":"product_tag","embeddable":true,"href":"https:\/\/pizbube.ch\/en\/wp-json\/wp\/v2\/product_tag?post=146170"}],"curies":[{"name":"wp","href":"https:\/\/api.w.org\/{rel}","templated":true}]}}