{"id":146171,"date":"2021-01-15T10:53:16","date_gmt":"2021-01-15T10:53:16","guid":{"rendered":"https:\/\/codengine3.ch\/?product=import-placeholder-for-204747"},"modified":"2024-06-04T10:56:02","modified_gmt":"2024-06-04T08:56:02","slug":"kletterfuehrer-maltatal-inklusive-moelltal-millstaetter-see-sportklettern-alpinklettern-bouldern","status":"publish","type":"product","link":"https:\/\/pizbube.ch\/en\/shop\/kletterfuehrer-maltatal-inklusive-moelltal-millstaetter-see-sportklettern-alpinklettern-bouldern\/","title":{"rendered":"Kletterf\u00fchrer Maltatal, inklusive M\u00f6lltal &amp; Millst\u00e4tter See: Sportklettern &#8211; Alpinklettern &#8211; Bouldern"},"content":{"rendered":"<p>Das Maltatal hat sich seit der ersten Auflage des Kletterf\u00fchrers im Jahr 2015<br \/>\nvom ehemaligen Geheimtipp zu einem echten Top-Spot gemausert. Und das nicht<br \/>\nohne Grund: es bietet eine reiche Auswahl qualitativ erstklassiger Kletter-<br \/>\nund Boulderm\u00f6glichkeiten. Mit der neuen, komplett \u00fcberarbeiteten 2. Auflage<br \/>\nerscheint ein umfassender und topaktueller F\u00fchrer f\u00fcr dieses wunderbare Tal<br \/>\nmit seinen fantastischen Zielen.<\/p>\n<p>Egal ob man an Christoph Rauchs Boulder-Testpiece &#171;The Source&#187; (Fb 8b+) im<br \/>\nromantischen Tal der K\u00f6nige zappelt, sich die &#171;White Winds&#187; (6c) am Gelben<br \/>\nGeheimnis um die Ohren wehen l\u00e4sst oder hochalpine Luft am Plaisir-Grat der<br \/>\nLangkarscheid (IV+) schnuppert: im Tal der st\u00fcrzenden Wasser ist f\u00fcr fast alle<br \/>\netwas geboten.<\/p>\n<p>Familien und Multipitch-Einsteiger werden unter anderem in den Genussrouten<br \/>\nder Seenplatten (max. V+) und in der Damm-High-Arena ihre Freude haben.<br \/>\nKinderfreundliche, flache Wiesen am Einstieg und ein Klettersteig f\u00fcr Anf\u00e4nger<br \/>\n(A\/B) bieten Potential f\u00fcr die ganze Kletterfamilie.<\/p>\n<p>Drei zus\u00e4tzliche Gebiete vor den Toren des Maltatals verleihen dem<br \/>\nKletterf\u00fchrer eine ganz neue Dimension: Die Breitwand mit ihren<br \/>\nMehrseill\u00e4ngenrouten und der Jungfernsprung &#8211; Seaclimbs direkt \u00fcber&#8217;m Wasser &#8211;<br \/>\nam Millst\u00e4tter See bilden einen sanften Kontrast zum inneralpinen Maltatal.<br \/>\nUnd mit dem Danielsberg bei Kolbnitz kann bei Bedarf ein weiterer Malta-<br \/>\nPausentag gef\u00fcllt werden.<\/p>\n<p>Gerhard Schaar hat alle relevanten Informationen f\u00fcr vertikale Abenteuer im<br \/>\nTal der st\u00fcrzenden Wasser in den Sparten Bouldern, Sportklettern &amp;<br \/>\nAlpinklettern zusammengetragen. Auf 336 Seiten (100 neue Seiten!) stellt er<br \/>\n\u00fcber 500 Sportkletter-Seill\u00e4ngen an 23 Massiven, etwa 300 Boulderprobleme<br \/>\nsowie alle erw\u00e4hnenswerten Techno- und Alpinrouten vor.<\/p>\n<p>Dem F\u00fchrer liegt ein Downloadcode f\u00fcr eine kostenlose, drei Jahre g\u00fcltige Anwendung f\u00fcr iOS und Android bei.<br \/>\n3. Auflage 2020, 336 Seiten, 148 x 185 mm, Softcover<\/p>\n<p>&nbsp;<\/p>\n<p>The Maltatal is in the Central Eastern Alps, in the Malta valley, south of<br \/>\nSalzburg, Austria. It hosts a wide range of climbing opportunities in one of<br \/>\nEurope&#8217;s most pituresque and unspoilt areas.<br \/>\nThis guidebook is split in to three sections: sport climbing, Alpine climbing<br \/>\nand bouldering.<\/p>\n<p>The sport climbing section describes single and multi-pitch bolted routes of<br \/>\nvarying grades across 18 crags from the base of the valley to high mountain<br \/>\nareas.<\/p>\n<p>The Alpine section covers rock routes up to 3350m.<br \/>\nThere are two bouldering areas &#8211; Tal der Konige and the world famous<br \/>\nSchleierwasserfall.<\/p>\n<p>The guidebook is mostly in the German language with some English, including<br \/>\naccess, approach information, and an overview of the crags.<\/p>","protected":false},"excerpt":{"rendered":"<ul>\n<li><a href=\"https:\/\/youtu.be\/XEqiWues8Qk\" target=\"_blank\" rel=\"noopener\">Video: TEMPLATE PIZ Attachment &gt; Webvideo &gt; Youtube [KOPIE]<\/a><\/li>\n<li><a href=\"https:\/\/pizbube.ch\/wp-content\/uploads\/attachments\/a_016\/61B6FB05B0A136ECB300C04B600E2433.pdf\" target=\"_blank\" rel=\"noopener\">PDF: Leseprobe-Maltatal<\/a><\/li>\n<\/ul>\n","protected":false},"featured_media":161579,"template":"","meta":[],"product_brand":[],"product_cat":[21539],"product_tag":[],"class_list":{"0":"post-146171","1":"product","2":"type-product","3":"status-publish","4":"has-post-thumbnail","6":"product_cat-fuehrerliteratur-sportklettern-bouldern","7":"pa_autor-schaar","8":"pa_erscheinungsjahr-21558","9":"pa_region-oesterreich","10":"pa_sprache-de-en","12":"first","13":"outofstock","14":"taxable","15":"shipping-taxable","16":"purchasable","17":"product-type-simple"},"_links":{"self":[{"href":"https:\/\/pizbube.ch\/en\/wp-json\/wp\/v2\/product\/146171","targetHints":{"allow":["GET"]}}],"collection":[{"href":"https:\/\/pizbube.ch\/en\/wp-json\/wp\/v2\/product"}],"about":[{"href":"https:\/\/pizbube.ch\/en\/wp-json\/wp\/v2\/types\/product"}],"wp:featuredmedia":[{"embeddable":true,"href":"https:\/\/pizbube.ch\/en\/wp-json\/wp\/v2\/media\/161579"}],"wp:attachment":[{"href":"https:\/\/pizbube.ch\/en\/wp-json\/wp\/v2\/media?parent=146171"}],"wp:term":[{"taxonomy":"product_brand","embeddable":true,"href":"https:\/\/pizbube.ch\/en\/wp-json\/wp\/v2\/product_brand?post=146171"},{"taxonomy":"product_cat","embeddable":true,"href":"https:\/\/pizbube.ch\/en\/wp-json\/wp\/v2\/product_cat?post=146171"},{"taxonomy":"product_tag","embeddable":true,"href":"https:\/\/pizbube.ch\/en\/wp-json\/wp\/v2\/product_tag?post=146171"}],"curies":[{"name":"wp","href":"https:\/\/api.w.org\/{rel}","templated":true}]}}