{"id":146172,"date":"2021-01-15T10:53:16","date_gmt":"2021-01-15T10:53:16","guid":{"rendered":"https:\/\/codengine3.ch\/?product=import-placeholder-for-207321"},"modified":"2026-04-09T09:36:12","modified_gmt":"2026-04-09T07:36:12","slug":"longlines-die-ganz-grossen-klettereien-der-noerdlichen-kalkalpen","status":"publish","type":"product","link":"https:\/\/pizbube.ch\/en\/shop\/longlines-die-ganz-grossen-klettereien-der-noerdlichen-kalkalpen\/","title":{"rendered":"Longlines &#8211; Die ganz gro\u00dfen Klettereien der N\u00f6rdlichen Kalkalpen"},"content":{"rendered":"<p>Auf den 44 000 f\u00fcr dieses Buch recherchierten Klettermetern mischen sich<br \/>\nepochale alpine Meilensteine unter genussreiche neue Routenkreationen.<br \/>\nKletternde Legenden wie Albert Precht, Klaus Hoi oder Heinz Zak kommentieren<br \/>\nihre Leidenschaft f\u00fcr den steilen Fels. Routen von Klettergr\u00f6\u00dfen aus lang<br \/>\nvergangener Zeit, wie Angelo Dibona oder Hias Rebitsch, sind den modernen<br \/>\nAnforderungen entsprechend genauestens aufgezeichnet. Und vor allem den neuen,<br \/>\nmit Bohrhaken abgesicherten Routen von Kreativtalenten wie Ralf Sussmann, Rudi<br \/>\nK\u00fchberger oder dem Autor selber ist viel Platz gewidmet. 40 Routen, in denen<br \/>\nman dem Zeitgeist entsprechend Bohrhaken klinken kann aber manchmal auch mit<br \/>\nmaroden Rostgurken Vorlieb nehmen muss.<\/p>\n<p>F\u00fcr den abseits des Mainstreams Kletternden findet sich zwischen R\u00e4tikon und<br \/>\nGes\u00e4use Kalk in H\u00fclle und F\u00fclle und in allen erdenklichen<br \/>\nQualit\u00e4tserscheinungen. Steiles Rot, wasserzerfressenes Grau, mal bombig fest,<br \/>\nmal zu Staub zerbr\u00f6selnd, Dunkles und Helles formt die hohen W\u00e4nde der<br \/>\nN\u00f6rdlichen Kalkalpen.<\/p>\n<p>Was all dem gemein ist: Eine tagesf\u00fcllende Ausbeute an Erlebnissen und<br \/>\nEindr\u00fccken, die weit l\u00e4nger andauern als die zeitliche L\u00e4nge der Kletterei.<\/p>\n<p>Routenverzeichnis:<br \/>\nGimpel &#8211; Schrei aus Stein Therapie &#8211; Wetterwandeck Lalidererspitze &#8211; Magic<br \/>\nLine Lalidererspitze &#8211; Nordverschneidung Grubenkarspitze &#8211; Inferno und Ekstase<br \/>\nHochkogel &#8211; Police One Hochkogel &#8211; Pipeline Hoher Dachstein &#8211; Zehn nach F\u00fcnf<br \/>\nHoher Dachstein &#8211; B\u00fcchsenschu\u00df Dachl &#8211; Die gro\u00dfe Pleite Kuchenspitze &#8211;<br \/>\nInnuendo S\u00fcdliche Wetterspitze &#8211; Wetterkante Hochwanner &#8211; Direkte Nordwand<br \/>\nTotenkirchl &#8211; Kirchl-Ideale Watzmann &#8211; Salzburger Weg Gro\u00dfer Bratschenkopf &#8211;<br \/>\nFreier als Paul Preu\u00df Hochstadel &#8211; Nordwestpfeiler Torstein &#8211; Windleger Hoher<br \/>\nDachstein &#8211; Steinerweg Gro\u00dfer \u00d6dstein &#8211; Nordkante Hintere Platteinspitze<br \/>\n-Plattenzauber<\/p>\n<p>Sukzfluh &#8211; Kathedrale S\u00fcdliche Wetterspitze &#8211; Zwischen den Toren Plattspitze &#8211;<br \/>\nAquaria Hochwand &#8211; Nice Work Boys Plattenspitze &#8211; Im Schatten der Sphinx<br \/>\nSonnjoch &#8211; Herzschlag der Leidenschaft Hackenk\u00f6pfe &#8211; Weg der Freunde Kleine<br \/>\nHalt &#8211; Kolosseum Kleine Halt &#8211; Via Aqua Westliches Reifhorn &#8211; Fun Connection<br \/>\nWestliches Geislhorn &#8211; RiMi-Gedenkweg Gro\u00dfes Rothorn &#8211; Bloody Old Men<br \/>\nBreithorn &#8211; EndeNie Birnhorn &#8211; Pinzgawurm Gro\u00dfer Bratschenkopf &#8211; Weg der<br \/>\nChaoten Gro\u00dfer T\u00f6rlwieskopf &#8211; Wild und K\u00f6stlich Traunstein &#8211; Kaffee und Kuchen<br \/>\nRotschirr &#8211; Der l\u00e4ngste Tag Schermberg &#8211; Schlo\u00dfgespenst<\/p>\n<p>1. Auflage 2014, 224 Seiten, 195 x 297 mm, Hardcover + Schutzumschlag<\/p>","protected":false},"excerpt":{"rendered":"<ul>\n<li><strong><a href=\"https:\/\/pizbube.ch\/wp-content\/uploads\/attachments\/a_023\/82123681FF5409A2C7D18A3E1AC4C9A4.pdf\" target=\"_blank\" rel=\"noopener\">PDF: Leseprobe-Longlines.pdf<\/a><\/strong><\/li>\n<\/ul>","protected":false},"featured_media":168515,"template":"","meta":[],"product_brand":[],"product_cat":[21539],"product_tag":[],"class_list":{"0":"post-146172","1":"product","2":"type-product","3":"status-publish","4":"has-post-thumbnail","6":"product_cat-fuehrerliteratur-sportklettern-bouldern","7":"pa_autor-stocker","8":"pa_erscheinungsjahr-21550","9":"pa_region-oesterreich","10":"pa_sprache-de","12":"first","13":"instock","14":"taxable","15":"shipping-taxable","16":"purchasable","17":"product-type-simple"},"_links":{"self":[{"href":"https:\/\/pizbube.ch\/en\/wp-json\/wp\/v2\/product\/146172","targetHints":{"allow":["GET"]}}],"collection":[{"href":"https:\/\/pizbube.ch\/en\/wp-json\/wp\/v2\/product"}],"about":[{"href":"https:\/\/pizbube.ch\/en\/wp-json\/wp\/v2\/types\/product"}],"wp:featuredmedia":[{"embeddable":true,"href":"https:\/\/pizbube.ch\/en\/wp-json\/wp\/v2\/media\/168515"}],"wp:attachment":[{"href":"https:\/\/pizbube.ch\/en\/wp-json\/wp\/v2\/media?parent=146172"}],"wp:term":[{"taxonomy":"product_brand","embeddable":true,"href":"https:\/\/pizbube.ch\/en\/wp-json\/wp\/v2\/product_brand?post=146172"},{"taxonomy":"product_cat","embeddable":true,"href":"https:\/\/pizbube.ch\/en\/wp-json\/wp\/v2\/product_cat?post=146172"},{"taxonomy":"product_tag","embeddable":true,"href":"https:\/\/pizbube.ch\/en\/wp-json\/wp\/v2\/product_tag?post=146172"}],"curies":[{"name":"wp","href":"https:\/\/api.w.org\/{rel}","templated":true}]}}