{"id":146177,"date":"2021-01-15T10:53:25","date_gmt":"2021-01-15T10:53:25","guid":{"rendered":"https:\/\/codengine3.ch\/?product=import-placeholder-for-206046"},"modified":"2022-09-06T11:45:55","modified_gmt":"2022-09-06T09:45:55","slug":"marmor-meer-und-maultierpfade","status":"publish","type":"product","link":"https:\/\/pizbube.ch\/en\/shop\/marmor-meer-und-maultierpfade\/","title":{"rendered":"Marmor, Meer und Maultierpfade"},"content":{"rendered":"<p>Die Apuanischen Alpen &#8211; Wandern in einer unbekannten Toskana<br \/>\nZu Fu\u00df eine unbekannte Toskana entdecken!<\/p>\n<p>In den Marmorbergen von Carrara<br \/>\nDie steilen Kalkgipfel der Apuanischen Alpen im \u00e4u\u00dfersten Nordwesten der<br \/>\nToskana erheben sich fast 2000 Meter \u00fcber dem Tyrrhenischen Meer, das auf den<br \/>\nmeisten Wanderungen auch Kulisse ist.<br \/>\nSeit \u00fcber 2000 Jahren wird in der Gegend Marmor abgebaut und in alle Welt<br \/>\nexportiert \u2013 die Berge von Carrara gelten bis heute als gr\u00f6\u00dftes Marmorgebiet<br \/>\nder Welt. Die Steinbr\u00fcche pr\u00e4gen Menschen und Landschaft, sie bedeuten aber<br \/>\nauch Raubbau an der Natur. Den Gegenakzent setzen die riesigen W\u00e4lder und<br \/>\neinsamen T\u00e4ler, die intakten D\u00f6rfer und alten Saumwege: Seit 25 Jahren sind<br \/>\ndie Apuanischen Alpen als Regionalpark gesch\u00fctzt.<\/p>\n<p>Der Wanderf\u00fchrer l\u00e4dt ein, diese alpine, kontrastreiche und<br \/>\ngeschichtstr\u00e4chtige andere Toskana zu entdecken. Er schl\u00e4gt 19 Wanderungen<br \/>\nvor, welche die ganze landschaftliche und kulturelle Vielfalt abdecken: vom<br \/>\nStadtspaziergang in Carrara und Rundgang durch die Steinbrucharena zur<br \/>\nsechst\u00e4gigen Hochtour und zu Gipfeln, von denen man bis zu den Alpen und nach<br \/>\nKorsika sieht. Geschichten zum Marmor, \u00fcber Anarchisten, Besatzungstruppen und<br \/>\nwiderst\u00e4ndige Frauen, \u00fcber Dichter und K\u00fcnstler, H\u00f6hlen und kulinarische<br \/>\nSpezialit\u00e4ten vermitteln Hintergrundwissen zur Gegend. Schlie\u00dflich liefert das<br \/>\nBuch alle n\u00f6tigen Angaben und viele Tipps zu Transport, Unterkunft,<br \/>\nVerpflegung und interessanten Besichtigungen unterwegs.<\/p>","protected":false},"excerpt":{"rendered":"<p>Die Apuanischen Alpen &#8211; Wandern in einer unbekannten Toskana Zu Fu\u00df eine unbekannte Toskana entdecken! In den Marmorbergen von Carrara Die steilen Kalkgipfel der Apuanischen Alpen im \u00e4u\u00dfersten Nordwesten der Toskana erheben sich fast 2000 Meter \u00fcber dem Tyrrhenischen Meer, das auf den meisten Wanderungen auch Kulisse ist. Seit \u00fcber 2000 Jahren wird in der [&#8230;]\n","protected":false},"featured_media":163454,"template":"","meta":[],"product_brand":[],"product_cat":[21605],"product_tag":[],"class_list":{"0":"post-146177","1":"product","2":"type-product","3":"status-publish","4":"has-post-thumbnail","6":"product_cat-wanderfuehrer-trekking","7":"pa_autor-hofstetter","8":"pa_erscheinungsjahr-21830","9":"pa_region-italien","10":"pa_sprache-de","12":"first","13":"instock","14":"taxable","15":"shipping-taxable","16":"purchasable","17":"product-type-simple"},"_links":{"self":[{"href":"https:\/\/pizbube.ch\/en\/wp-json\/wp\/v2\/product\/146177","targetHints":{"allow":["GET"]}}],"collection":[{"href":"https:\/\/pizbube.ch\/en\/wp-json\/wp\/v2\/product"}],"about":[{"href":"https:\/\/pizbube.ch\/en\/wp-json\/wp\/v2\/types\/product"}],"wp:featuredmedia":[{"embeddable":true,"href":"https:\/\/pizbube.ch\/en\/wp-json\/wp\/v2\/media\/163454"}],"wp:attachment":[{"href":"https:\/\/pizbube.ch\/en\/wp-json\/wp\/v2\/media?parent=146177"}],"wp:term":[{"taxonomy":"product_brand","embeddable":true,"href":"https:\/\/pizbube.ch\/en\/wp-json\/wp\/v2\/product_brand?post=146177"},{"taxonomy":"product_cat","embeddable":true,"href":"https:\/\/pizbube.ch\/en\/wp-json\/wp\/v2\/product_cat?post=146177"},{"taxonomy":"product_tag","embeddable":true,"href":"https:\/\/pizbube.ch\/en\/wp-json\/wp\/v2\/product_tag?post=146177"}],"curies":[{"name":"wp","href":"https:\/\/api.w.org\/{rel}","templated":true}]}}