{"id":146180,"date":"2021-01-15T10:53:25","date_gmt":"2021-01-15T10:53:25","guid":{"rendered":"https:\/\/codengine3.ch\/?product=import-placeholder-for-200018"},"modified":"2023-11-18T15:13:29","modified_gmt":"2023-11-18T14:13:29","slug":"apuane-a-spit-chiodi","status":"publish","type":"product","link":"https:\/\/pizbube.ch\/en\/shop\/apuane-a-spit-chiodi\/","title":{"rendered":"Apuane a spit &amp; chiodi"},"content":{"rendered":"<p>55 itinerari classici e moderni.<\/p>\n<p>Le Apuane sono un mondo aspro, di alpinismo vero, che al di l\u00e0 delle mete pi\u00f9<br \/>\nfrequentate offre spazi incontaminati e suggestivi. La montagna vera, spesso,<br \/>\n\u00e8 dietro la porta di casa: basta saperla cercare in modo adeguato, inserendoci<br \/>\nnell\u2019ambiente in punta di piedi.<\/p>\n<p>Il libro che ci accingiamo a leggere \u00e8 davvero emozionante: descrive diverse<br \/>\nvie di arrampicata su pareti famose come nascoste, non alla ricerca forzata<br \/>\ndel grado, ma dell\u2019itinerario per salire in alto. Si parla di vie con<br \/>\ndifficolt\u00e0 varie, senza la ricerca dello spit a tutti i costi, che ha<br \/>\nconsentito anche la riscoperta di itinerari desueti fuori dai giri classici e<br \/>\ndalle falesie pi\u00f9 note.<\/p>\n<p>Tutte le vie sono minuziosamente descritte tiro per tiro, con l\u2019indicazione<br \/>\ndell\u2019avvicinamento e del materiale necessario, illustrate con accattivanti<br \/>\nimmagini che ben descrivono il contesto.<\/p>\n<p>E arrivati all\u2019ultima pagina non potrete che prendere lo zaino col materiale e<br \/>\npartire per salire la vostra via \u2026 e le vie son come le ciliegie: dopo una ne<br \/>\nviene un\u2019altra\u2026<br \/>\nProvare per credere!<\/p>","protected":false},"excerpt":{"rendered":"<p>55 itinerari classici e moderni. Le Apuane sono un mondo aspro, di alpinismo vero, che al di l\u00e0 delle mete pi\u00f9 frequentate offre spazi incontaminati e suggestivi. La montagna vera, spesso, \u00e8 dietro la porta di casa: basta saperla cercare in modo adeguato, inserendoci nell\u2019ambiente in punta di piedi. Il libro che ci accingiamo a [&#8230;]\n","protected":false},"featured_media":170447,"template":"","meta":[],"product_brand":[],"product_cat":[21539],"product_tag":[],"class_list":{"0":"post-146180","1":"product","2":"type-product","3":"status-publish","4":"has-post-thumbnail","6":"product_cat-fuehrerliteratur-sportklettern-bouldern","7":"pa_autor-baldi","8":"pa_erscheinungsjahr-21558","9":"pa_region-italien","10":"pa_sprache-it","12":"first","13":"instock","14":"taxable","15":"shipping-taxable","16":"purchasable","17":"product-type-simple"},"_links":{"self":[{"href":"https:\/\/pizbube.ch\/en\/wp-json\/wp\/v2\/product\/146180","targetHints":{"allow":["GET"]}}],"collection":[{"href":"https:\/\/pizbube.ch\/en\/wp-json\/wp\/v2\/product"}],"about":[{"href":"https:\/\/pizbube.ch\/en\/wp-json\/wp\/v2\/types\/product"}],"wp:featuredmedia":[{"embeddable":true,"href":"https:\/\/pizbube.ch\/en\/wp-json\/wp\/v2\/media\/170447"}],"wp:attachment":[{"href":"https:\/\/pizbube.ch\/en\/wp-json\/wp\/v2\/media?parent=146180"}],"wp:term":[{"taxonomy":"product_brand","embeddable":true,"href":"https:\/\/pizbube.ch\/en\/wp-json\/wp\/v2\/product_brand?post=146180"},{"taxonomy":"product_cat","embeddable":true,"href":"https:\/\/pizbube.ch\/en\/wp-json\/wp\/v2\/product_cat?post=146180"},{"taxonomy":"product_tag","embeddable":true,"href":"https:\/\/pizbube.ch\/en\/wp-json\/wp\/v2\/product_tag?post=146180"}],"curies":[{"name":"wp","href":"https:\/\/api.w.org\/{rel}","templated":true}]}}