{"id":146182,"date":"2021-01-15T10:53:25","date_gmt":"2021-01-15T10:53:25","guid":{"rendered":"https:\/\/codengine3.ch\/?product=import-placeholder-for-200016"},"modified":"2021-01-15T10:53:28","modified_gmt":"2021-01-15T10:53:28","slug":"majestaetische-berge-die-monarchie-auf-dem-weg-in-die-alpen-1760-1910","status":"publish","type":"product","link":"https:\/\/pizbube.ch\/en\/shop\/majestaetische-berge-die-monarchie-auf-dem-weg-in-die-alpen-1760-1910\/","title":{"rendered":"Majest\u00e4tische Berge &#8211; Die Monarchie auf dem Weg in die Alpen 1760\u20131910"},"content":{"rendered":"<p>F\u00fcr die Aufkl\u00e4rer waren die Alpen Sinnbild republikanischer Freiheit. In der<br \/>\nRomantik \u00e4nderte sich der Wertekanon. Nun betonte man im alpinen Kontext<br \/>\nvermehrt die Ergebenheit und Treue der einheimischen Bev\u00f6lkerung gegen\u00fcber den<br \/>\ntradierten Herrschaften. Eine neuartige Verbindung von Alpen und Monarchie<br \/>\nentstand. Die Alpen nahmen majest\u00e4tische Z\u00fcge an.<\/p>\n<p>Das Buch arbeitet erstmals aus einer transnationalen Perspektive f\u00fcr den<br \/>\ngesamten Alpenraum auf, wie sich das Alpenbild im Verlauf des 19. Jahrhunderts<br \/>\nwandelte \u2013 von der philhelvetischen Alpenbegeisterung der Aufkl\u00e4rung hin zum<br \/>\nmajest\u00e4tischen Alpenbild der Belle \u00c9poque.<\/p>\n<p>Beispiele aus der Schweiz sowie aus \u00d6sterreich, Italien und Frankreich belegen<br \/>\ndie unterschiedlichen Motive f\u00fcr die k\u00f6niglichen Reisen in die Alpen sowie die<br \/>\nFolgen f\u00fcr den Tourismus und die alpine Architektur.<\/p>\n<p>Jon Mathieu ist Professor f\u00fcr Geschichte an der Universit\u00e4t Luzern, Experte<br \/>\nf\u00fcr die Geschichte des europ\u00e4ischen Alpenraums und Autor des<br \/>\nWissenschaftsbuches des Jahres 2016 \u00abDie Alpen\u00bb. Zusammen mit Eva Bachmann und<br \/>\nUrsula Butz hat er zu Monarchie, Ideologie und Tourismus in den Alpen<br \/>\ngeforscht.<\/p>","protected":false},"excerpt":{"rendered":"<p>F\u00fcr die Aufkl\u00e4rer waren die Alpen Sinnbild republikanischer Freiheit. In der Romantik \u00e4nderte sich der Wertekanon. Nun betonte man im alpinen Kontext vermehrt die Ergebenheit und Treue der einheimischen Bev\u00f6lkerung gegen\u00fcber den tradierten Herrschaften. Eine neuartige Verbindung von Alpen und Monarchie entstand. Die Alpen nahmen majest\u00e4tische Z\u00fcge an. Das Buch arbeitet erstmals aus einer transnationalen [&#8230;]\n","protected":false},"featured_media":25700,"template":"","meta":[],"product_brand":[],"product_cat":[21542],"product_tag":[],"class_list":{"0":"post-146182","1":"product","2":"type-product","3":"status-publish","4":"has-post-thumbnail","6":"product_cat-sachbuecher-dokumentationen","7":"pa_autor-mathieu-bachmann-butz","8":"pa_erscheinungsjahr-21546","9":"pa_region-schweiz","10":"pa_sprache-de","12":"first","13":"instock","14":"taxable","15":"shipping-taxable","16":"purchasable","17":"product-type-simple"},"_links":{"self":[{"href":"https:\/\/pizbube.ch\/en\/wp-json\/wp\/v2\/product\/146182","targetHints":{"allow":["GET"]}}],"collection":[{"href":"https:\/\/pizbube.ch\/en\/wp-json\/wp\/v2\/product"}],"about":[{"href":"https:\/\/pizbube.ch\/en\/wp-json\/wp\/v2\/types\/product"}],"wp:featuredmedia":[{"embeddable":true,"href":"https:\/\/pizbube.ch\/en\/wp-json\/wp\/v2\/media\/25700"}],"wp:attachment":[{"href":"https:\/\/pizbube.ch\/en\/wp-json\/wp\/v2\/media?parent=146182"}],"wp:term":[{"taxonomy":"product_brand","embeddable":true,"href":"https:\/\/pizbube.ch\/en\/wp-json\/wp\/v2\/product_brand?post=146182"},{"taxonomy":"product_cat","embeddable":true,"href":"https:\/\/pizbube.ch\/en\/wp-json\/wp\/v2\/product_cat?post=146182"},{"taxonomy":"product_tag","embeddable":true,"href":"https:\/\/pizbube.ch\/en\/wp-json\/wp\/v2\/product_tag?post=146182"}],"curies":[{"name":"wp","href":"https:\/\/api.w.org\/{rel}","templated":true}]}}