{"id":146183,"date":"2021-01-15T10:53:25","date_gmt":"2021-01-15T10:53:25","guid":{"rendered":"https:\/\/codengine3.ch\/?product=import-placeholder-for-204079"},"modified":"2021-01-15T14:29:34","modified_gmt":"2021-01-15T14:29:34","slug":"die-alpen-les-alpes","status":"publish","type":"product","link":"https:\/\/pizbube.ch\/en\/shop\/die-alpen-les-alpes\/","title":{"rendered":"Die Alpen! \/ Les alpes!"},"content":{"rendered":"<p>Zur europ\u00e4ischen Wahrnehmungsgeschichte seit der Renaissance<br \/>\nPour une histoire de la perception europ\u00e9enne depuis la Renaissance<br \/>\nDie Beschreibung der alpinen Natur und Bev\u00f6lkerung ist im Allgemeinen<br \/>\nverbunden mit dem Selbstverst\u00e4ndnis und sozialen Umfeld des Autors. Daraus<br \/>\nfolgt, dass der Alpendiskurs von Land zu Land st\u00e4rker differiert als bisher<br \/>\nangenommen. Dieser Forschungsbericht befasst sich mit der Wahrnehmung der<br \/>\nAlpen in der europ\u00e4ischen Kulturgeschichte. Er schliesst auch die bisher<br \/>\nvernachl\u00e4ssigten alpinen Stimmen in die Untersuchung ein. Wie ging die<br \/>\nBev\u00f6lkerung im Berggebiet mit den Diskursen um, die von den St\u00e4dten an sie<br \/>\nherangetragen wurden? Legte sie sich Identit\u00e4ten zu, die das Alpine<br \/>\nzur\u00fcckstellten oder gerade betonten?<br \/>\nLa description de la nature et de la population alpines est en g\u00e9n\u00e9ral li\u00e9e<br \/>\naussi bien \u00e0 l&#8217;image que les auteurs se font d&#8217;eux-m\u00eames qu&#8217;\u00e0 leur milieu<br \/>\nsocial. Cela explique que le discours alpin diff\u00e8re davantage selon les pays<br \/>\nque ce qui a \u00e9t\u00e9 consid\u00e9r\u00e9 jusqu&#8217;ici. Ce recueil de contributions se penche<br \/>\nsur la perception des Alpes dans l&#8217;histoire de la culture europ\u00e9enne. Il<br \/>\nint\u00e8gre dans la recherche les voix alpines n\u00e9glig\u00e9es jusqu&#8217;\u00e0 pr\u00e9sent. Comment<br \/>\na r\u00e9agi la population de ces r\u00e9gions aux discours sur la montagne et les<br \/>\nmontagnards tenus par les gens de la plaine? Se construisait-elle une identit\u00e9<br \/>\nsoulignant ou d\u00e9nigrant plut\u00f4t le c\u00f4t\u00e9 alpin?<\/p>","protected":false},"excerpt":{"rendered":"<p>Zur europ\u00e4ischen Wahrnehmungsgeschichte seit der Renaissance Pour une histoire de la perception europ\u00e9enne depuis la Renaissance Die Beschreibung der alpinen Natur und Bev\u00f6lkerung ist im Allgemeinen verbunden mit dem Selbstverst\u00e4ndnis und sozialen Umfeld des Autors. Daraus folgt, dass der Alpendiskurs von Land zu Land st\u00e4rker differiert als bisher angenommen. Dieser Forschungsbericht befasst sich mit der [&#8230;]\n","protected":false},"featured_media":45070,"template":"","meta":[],"product_brand":[],"product_cat":[21580],"product_tag":[],"class_list":{"0":"post-146183","1":"product","2":"type-product","3":"status-publish","4":"has-post-thumbnail","6":"product_cat-kunst-kultur","7":"pa_autor-mathieu-boscani","8":"pa_erscheinungsjahr-21776","9":"pa_region-schweiz","10":"pa_sprache-d","11":"pa_sprache-f","13":"first","14":"instock","15":"taxable","16":"shipping-taxable","17":"purchasable","18":"product-type-simple"},"_links":{"self":[{"href":"https:\/\/pizbube.ch\/en\/wp-json\/wp\/v2\/product\/146183","targetHints":{"allow":["GET"]}}],"collection":[{"href":"https:\/\/pizbube.ch\/en\/wp-json\/wp\/v2\/product"}],"about":[{"href":"https:\/\/pizbube.ch\/en\/wp-json\/wp\/v2\/types\/product"}],"wp:featuredmedia":[{"embeddable":true,"href":"https:\/\/pizbube.ch\/en\/wp-json\/wp\/v2\/media\/45070"}],"wp:attachment":[{"href":"https:\/\/pizbube.ch\/en\/wp-json\/wp\/v2\/media?parent=146183"}],"wp:term":[{"taxonomy":"product_brand","embeddable":true,"href":"https:\/\/pizbube.ch\/en\/wp-json\/wp\/v2\/product_brand?post=146183"},{"taxonomy":"product_cat","embeddable":true,"href":"https:\/\/pizbube.ch\/en\/wp-json\/wp\/v2\/product_cat?post=146183"},{"taxonomy":"product_tag","embeddable":true,"href":"https:\/\/pizbube.ch\/en\/wp-json\/wp\/v2\/product_tag?post=146183"}],"curies":[{"name":"wp","href":"https:\/\/api.w.org\/{rel}","templated":true}]}}