{"id":146184,"date":"2021-01-15T10:53:25","date_gmt":"2021-01-15T10:53:25","guid":{"rendered":"https:\/\/codengine3.ch\/?product=import-placeholder-for-207914"},"modified":"2021-01-15T17:00:01","modified_gmt":"2021-01-15T17:00:01","slug":"die-alpen-von-hannibal-bis-heidi-geschichten-mythen-und-legenden","status":"publish","type":"product","link":"https:\/\/pizbube.ch\/en\/shop\/die-alpen-von-hannibal-bis-heidi-geschichten-mythen-und-legenden\/","title":{"rendered":"Die Alpen &#8211; Von Hannibal bis Heidi &#8211; Geschichten, Mythen und Legenden"},"content":{"rendered":"<p>Die Geschichte des gr\u00f6\u00dften Gebirges Europas, von Hannibal bis Heidi und<br \/>\ndar\u00fcber hinaus.<\/p>\n<p>Ganze Armeen sind \u00fcber ihre P\u00e4sse marschiert, Herden von Pilgern mussten sie<br \/>\nauf dem Weg nach Rom \u00fcberqueren, Schmuggler und R\u00e4uberbanden nutzten ihre<br \/>\nvielen T\u00e4ler als Unterschlupf und nicht wenige Bergbauingenieure und alpine<br \/>\nPioniere lie\u00dfen ihr Leben bei dem Versuch, ihnen einen menschlichen Stempel<br \/>\naufzudr\u00fccken. Heute leben etwa 14 Millionen Menschen zwischen den Gipfeln des<br \/>\ngr\u00f6\u00dften Gebirges Europas und die einst furchterregenden H\u00f6hen sind ein<br \/>\nbeliebtes Ziel von vielen Millionen Bergwanderern, Skifahrern und<br \/>\nWellnessurlaubern geworden.<\/p>\n<p>Dieses Buch nimmt seine Leser mit auf eine spannende und unterhaltsame Reise<br \/>\nquer durch die Geschichte der Alpen. Der Historiker Stephen O&#8217;Shea begegnet<br \/>\nden Einheimischen, ihren Eigenarten und erz\u00e4hlt wie im Vor\u00fcbergehen die<br \/>\nzahlreichen Mythen und Legenden, die sich an den H\u00e4ngen und in den T\u00e4lern<br \/>\nzwischen Grenoble und Triest finden lassen.<\/p>\n<p>Der Bogen dieser einzigartigen Reise spannt sich \u00fcber 800 Kilometer durch<br \/>\nFrankreich, Italien, die Schweiz, Liechtenstein, Deutschland, \u00d6sterreich und<br \/>\nSlowenien und \u00fcber mehr als 2000 Jahre Geschichte &#8211; von Hannibal bis Heidi und<br \/>\ndar\u00fcber hinaus.<\/p>\n<p>Mit gro\u00dfer \u00dcbersichtskarte im Vor- und Nachsatz, erstellt von Peter Palm.<\/p>","protected":false},"excerpt":{"rendered":"<p>Die Geschichte des gr\u00f6\u00dften Gebirges Europas, von Hannibal bis Heidi und dar\u00fcber hinaus. Ganze Armeen sind \u00fcber ihre P\u00e4sse marschiert, Herden von Pilgern mussten sie auf dem Weg nach Rom \u00fcberqueren, Schmuggler und R\u00e4uberbanden nutzten ihre vielen T\u00e4ler als Unterschlupf und nicht wenige Bergbauingenieure und alpine Pioniere lie\u00dfen ihr Leben bei dem Versuch, ihnen einen [&#8230;]\n","protected":false},"featured_media":38816,"template":"","meta":[],"product_brand":[],"product_cat":[21542],"product_tag":[],"class_list":{"0":"post-146184","1":"product","2":"type-product","3":"status-publish","4":"has-post-thumbnail","6":"product_cat-sachbuecher-dokumentationen","7":"pa_autor-oshea","8":"pa_erscheinungsjahr-21574","9":"pa_region-uebrigers-europa","10":"pa_sprache-de","12":"first","13":"instock","14":"taxable","15":"shipping-taxable","16":"purchasable","17":"product-type-simple"},"_links":{"self":[{"href":"https:\/\/pizbube.ch\/en\/wp-json\/wp\/v2\/product\/146184","targetHints":{"allow":["GET"]}}],"collection":[{"href":"https:\/\/pizbube.ch\/en\/wp-json\/wp\/v2\/product"}],"about":[{"href":"https:\/\/pizbube.ch\/en\/wp-json\/wp\/v2\/types\/product"}],"wp:featuredmedia":[{"embeddable":true,"href":"https:\/\/pizbube.ch\/en\/wp-json\/wp\/v2\/media\/38816"}],"wp:attachment":[{"href":"https:\/\/pizbube.ch\/en\/wp-json\/wp\/v2\/media?parent=146184"}],"wp:term":[{"taxonomy":"product_brand","embeddable":true,"href":"https:\/\/pizbube.ch\/en\/wp-json\/wp\/v2\/product_brand?post=146184"},{"taxonomy":"product_cat","embeddable":true,"href":"https:\/\/pizbube.ch\/en\/wp-json\/wp\/v2\/product_cat?post=146184"},{"taxonomy":"product_tag","embeddable":true,"href":"https:\/\/pizbube.ch\/en\/wp-json\/wp\/v2\/product_tag?post=146184"}],"curies":[{"name":"wp","href":"https:\/\/api.w.org\/{rel}","templated":true}]}}