{"id":146185,"date":"2021-01-15T10:53:25","date_gmt":"2021-01-15T10:53:25","guid":{"rendered":"https:\/\/codengine3.ch\/?product=import-placeholder-for-208813"},"modified":"2021-01-15T17:58:05","modified_gmt":"2021-01-15T17:58:05","slug":"die-alpen-in-der-antike","status":"publish","type":"product","link":"https:\/\/pizbube.ch\/en\/shop\/die-alpen-in-der-antike\/","title":{"rendered":"Die Alpen in der Antike"},"content":{"rendered":"<p>Von \u00d6tzi bis zur V\u00f6lkerwanderung<\/p>\n<p>Von \u00d6tzi \u00fcber Hannibal bis zur Christianisierung \u2013 die Geschichte der Alpen in<br \/>\nder Antike von dem gro\u00dfen Historiker und Bestseller-Autor Ralf-Peter M\u00e4rtin<\/p>\n<p>Meist wird Hannibal genannt, wenn es um die fr\u00fche Geschichte der Alpen geht.<br \/>\nDoch um wieviel reicher an V\u00f6lkern und unterschiedlichen Kulturen, Schlachten<br \/>\nund Eroberungen diese Epoche war, erz\u00e4hlt der bekannte Historiker und<br \/>\nBestseller-Autor Ralf-Peter M\u00e4rtin in seiner farbenpr\u00e4chtigen Geschichte der<br \/>\nAlpen. Er berichtet, wie und warum \u00d6tzi sterben musste und erz\u00e4hlt vom<br \/>\nbeginnenden Handel mit Kupfer, Salz und Eisen, von den Schlachten der Kimbern<br \/>\nund Teutonen, Hannibals Elefanten und von den Hospizen, Kl\u00f6stern und<br \/>\nHandelswegen, die mit der Christianisierung entstanden.<\/p>\n<p>Es entfaltet sich das lebendige Bild eines einzigartigen Kulturraums, der bis<br \/>\nheute von seiner Geschichte in der Antike gepr\u00e4gt ist.  <\/p>\n<p>\u00bbRalf-Peter M\u00e4rtin l\u00f6ste Geschichte in Geschichten auf, in Erz\u00e4hlungen vom<br \/>\nmenschlichen Leben und Tod, von Machtgier, Herrschaft und Vergeblichkeit.\u00ab<br \/>\nChristoph Ransmayr<\/p>","protected":false},"excerpt":{"rendered":"<p>Von \u00d6tzi bis zur V\u00f6lkerwanderung Von \u00d6tzi \u00fcber Hannibal bis zur Christianisierung \u2013 die Geschichte der Alpen in der Antike von dem gro\u00dfen Historiker und Bestseller-Autor Ralf-Peter M\u00e4rtin Meist wird Hannibal genannt, wenn es um die fr\u00fche Geschichte der Alpen geht. Doch um wieviel reicher an V\u00f6lkern und unterschiedlichen Kulturen, Schlachten und Eroberungen diese Epoche [&#8230;]\n","protected":false},"featured_media":41418,"template":"","meta":[],"product_brand":[],"product_cat":[21542],"product_tag":[],"class_list":{"0":"post-146185","1":"product","2":"type-product","3":"status-publish","4":"has-post-thumbnail","6":"product_cat-sachbuecher-dokumentationen","7":"pa_autor-martin","8":"pa_erscheinungsjahr-21574","9":"pa_region-deutschland","10":"pa_sprache-de","12":"first","13":"instock","14":"taxable","15":"shipping-taxable","16":"purchasable","17":"product-type-simple"},"_links":{"self":[{"href":"https:\/\/pizbube.ch\/en\/wp-json\/wp\/v2\/product\/146185","targetHints":{"allow":["GET"]}}],"collection":[{"href":"https:\/\/pizbube.ch\/en\/wp-json\/wp\/v2\/product"}],"about":[{"href":"https:\/\/pizbube.ch\/en\/wp-json\/wp\/v2\/types\/product"}],"wp:featuredmedia":[{"embeddable":true,"href":"https:\/\/pizbube.ch\/en\/wp-json\/wp\/v2\/media\/41418"}],"wp:attachment":[{"href":"https:\/\/pizbube.ch\/en\/wp-json\/wp\/v2\/media?parent=146185"}],"wp:term":[{"taxonomy":"product_brand","embeddable":true,"href":"https:\/\/pizbube.ch\/en\/wp-json\/wp\/v2\/product_brand?post=146185"},{"taxonomy":"product_cat","embeddable":true,"href":"https:\/\/pizbube.ch\/en\/wp-json\/wp\/v2\/product_cat?post=146185"},{"taxonomy":"product_tag","embeddable":true,"href":"https:\/\/pizbube.ch\/en\/wp-json\/wp\/v2\/product_tag?post=146185"}],"curies":[{"name":"wp","href":"https:\/\/api.w.org\/{rel}","templated":true}]}}