{"id":146187,"date":"2021-01-15T10:53:25","date_gmt":"2021-01-15T10:53:25","guid":{"rendered":"https:\/\/codengine3.ch\/?product=import-placeholder-for-207311"},"modified":"2021-01-15T16:01:55","modified_gmt":"2021-01-15T16:01:55","slug":"montan-welten-alpengeschichte-abseits-des-pfades","status":"publish","type":"product","link":"https:\/\/pizbube.ch\/en\/shop\/montan-welten-alpengeschichte-abseits-des-pfades\/","title":{"rendered":"Montan-Welten: Alpengeschichte abseits des Pfades"},"content":{"rendered":"<p>\n\u00c6ther 03 \u2013 Montan-Welten:<\/p>\n<p>Alpengeschichte abseits des Pfades<\/p>\n<p>Bereits lange vor dem modernen Massentourismus wurden die Alpen bereist,<br \/>\nbestiegen, bewirtschaftet, untersucht, durchl\u00f6chert, bebaut und bestaunt.<br \/>\n\u00c6ther 03 wendet sich den Alpen um 1750 als Natur-, Lebens- und Wirtschaftsraum<br \/>\nzu und untersucht die mit diesen R\u00e4umen verbundenen Praktiken, Projekte und<br \/>\nProjektionen.<\/p>\n<p>\u00c6ther 03 entstand im Rahmen eines Seminars des Masterstudiengangs \u00bbGeschichte<br \/>\nund Philosophie des Wissens\u00ab an der Professur f\u00fcr Wissenschaftsforschung der<br \/>\nETH Z\u00fcrich.  <\/p>\n<p>Mit Beitr\u00e4gen von: Tina Asmussen, Annina Boogen, Eva Brugger, Silvia<br \/>\nFlubacher, Meike Knittel,<br \/>\nSascha M\u00fcller, Reto Nyffeler, Alina Ragoni, Lukas Rathjen, Jo\u00eblle Simmen,<br \/>\nCaroline Tanner,<br \/>\nJuri Vonwyl.  <\/p>","protected":false},"excerpt":{"rendered":"<p>\u00c6ther 03 \u2013 Montan-Welten: Alpengeschichte abseits des Pfades Bereits lange vor dem modernen Massentourismus wurden die Alpen bereist, bestiegen, bewirtschaftet, untersucht, durchl\u00f6chert, bebaut und bestaunt. \u00c6ther 03 wendet sich den Alpen um 1750 als Natur-, Lebens- und Wirtschaftsraum zu und untersucht die mit diesen R\u00e4umen verbundenen Praktiken, Projekte und Projektionen. \u00c6ther 03 entstand im Rahmen [&#8230;]\n","protected":false},"featured_media":37097,"template":"","meta":[],"product_brand":[],"product_cat":[21542],"product_tag":[],"class_list":{"0":"post-146187","1":"product","2":"type-product","3":"status-publish","4":"has-post-thumbnail","6":"product_cat-sachbuecher-dokumentationen","7":"pa_autor-asmussen-hrsg","8":"pa_erscheinungsjahr-21586","9":"pa_region-schweiz","10":"pa_sprache-de","12":"first","13":"instock","14":"taxable","15":"shipping-taxable","16":"purchasable","17":"product-type-simple"},"_links":{"self":[{"href":"https:\/\/pizbube.ch\/en\/wp-json\/wp\/v2\/product\/146187","targetHints":{"allow":["GET"]}}],"collection":[{"href":"https:\/\/pizbube.ch\/en\/wp-json\/wp\/v2\/product"}],"about":[{"href":"https:\/\/pizbube.ch\/en\/wp-json\/wp\/v2\/types\/product"}],"wp:featuredmedia":[{"embeddable":true,"href":"https:\/\/pizbube.ch\/en\/wp-json\/wp\/v2\/media\/37097"}],"wp:attachment":[{"href":"https:\/\/pizbube.ch\/en\/wp-json\/wp\/v2\/media?parent=146187"}],"wp:term":[{"taxonomy":"product_brand","embeddable":true,"href":"https:\/\/pizbube.ch\/en\/wp-json\/wp\/v2\/product_brand?post=146187"},{"taxonomy":"product_cat","embeddable":true,"href":"https:\/\/pizbube.ch\/en\/wp-json\/wp\/v2\/product_cat?post=146187"},{"taxonomy":"product_tag","embeddable":true,"href":"https:\/\/pizbube.ch\/en\/wp-json\/wp\/v2\/product_tag?post=146187"}],"curies":[{"name":"wp","href":"https:\/\/api.w.org\/{rel}","templated":true}]}}