{"id":146189,"date":"2021-01-15T10:53:25","date_gmt":"2021-01-15T10:53:25","guid":{"rendered":"https:\/\/codengine3.ch\/?product=import-placeholder-for-200590"},"modified":"2021-01-15T10:59:06","modified_gmt":"2021-01-15T10:59:06","slug":"alpingeschichten-von-den-anfaengen-bis-auf-den-mount-everest","status":"publish","type":"product","link":"https:\/\/pizbube.ch\/en\/shop\/alpingeschichten-von-den-anfaengen-bis-auf-den-mount-everest\/","title":{"rendered":"Alpingeschichte(n) &#8211; Von den Anf\u00e4ngen bis auf den Mount Everest"},"content":{"rendered":"<p>Eine Durchquerung der Berge in 24 erz\u00e4hlerischen Etappen<\/p>\n<p>Statt Tausende von Daten und Fakten zu servieren, nimmt Stefan K\u00f6nig die Leser<br \/>\nmit auf eine erz\u00e4hlerische Reise durch die Zeiten, durch die Alpen, durch die<br \/>\nBergregionen der Welt. Grosse Berge und grosse Pers\u00f6nlichkeiten treten in den<br \/>\nBlickpunkt: Montblanc, Matterhorn, Drei Zinnen. El Capitan und Cerro Torre.<br \/>\nAnnapurna, Everest und Nanga Parbat. Whymper und Messner, Buhl und Bonatti,<br \/>\nHerzog und Hasse. Kaltenbrunner und Destivelle. Und zudem: Grosse Fragen, auf<br \/>\ndie er in seinen 24 Essays oft ganz unkonventionelle Antworten gibt.<br \/>\nFaszinierende und h\u00f6chste unterhaltsame \u00abAlpingeschichte(n)\u00bb.<\/p>\n<p>Zu den herausragenden Eigenschaften des Buches geh\u00f6rt aber, dass nicht nur die<br \/>\nalpinistischen H\u00f6chstleistungen und Sensationen geschildert werden, sondern<br \/>\ndass vielmehr die Aspekte Kultur, Spiritualit\u00e4t und Tourismus<br \/>\ngleichber\u00adechtigt Raum einnehmen \u2013 wenn der Autor die Themen Krieg,<br \/>\nKolonialismus, \u00f6kologische Ausbeutung anspricht, wird klar, dass die Gebirge<br \/>\nnie eine heile Welt waren, heutzutage so wenig wie fr\u00fcher.<\/p>\n<p>288 Seiten, 25 Abbildungen einfarbig; Hardcover mit Schutzumschlag<\/p>","protected":false},"excerpt":{"rendered":"<p>Eine Durchquerung der Berge in 24 erz\u00e4hlerischen Etappen Statt Tausende von Daten und Fakten zu servieren, nimmt Stefan K\u00f6nig die Leser mit auf eine erz\u00e4hlerische Reise durch die Zeiten, durch die Alpen, durch die Bergregionen der Welt. Grosse Berge und grosse Pers\u00f6nlichkeiten treten in den Blickpunkt: Montblanc, Matterhorn, Drei Zinnen. El Capitan und Cerro Torre. [&#8230;]\n","protected":false},"featured_media":27382,"template":"","meta":[],"product_brand":[],"product_cat":[21542],"product_tag":[],"class_list":{"0":"post-146189","1":"product","2":"type-product","3":"status-publish","4":"has-post-thumbnail","6":"product_cat-sachbuecher-dokumentationen","7":"pa_autor-koenig","8":"pa_erscheinungsjahr-21597","9":"pa_region-deutschland","10":"pa_sprache-de","12":"first","13":"instock","14":"taxable","15":"shipping-taxable","16":"purchasable","17":"product-type-simple"},"_links":{"self":[{"href":"https:\/\/pizbube.ch\/en\/wp-json\/wp\/v2\/product\/146189","targetHints":{"allow":["GET"]}}],"collection":[{"href":"https:\/\/pizbube.ch\/en\/wp-json\/wp\/v2\/product"}],"about":[{"href":"https:\/\/pizbube.ch\/en\/wp-json\/wp\/v2\/types\/product"}],"wp:featuredmedia":[{"embeddable":true,"href":"https:\/\/pizbube.ch\/en\/wp-json\/wp\/v2\/media\/27382"}],"wp:attachment":[{"href":"https:\/\/pizbube.ch\/en\/wp-json\/wp\/v2\/media?parent=146189"}],"wp:term":[{"taxonomy":"product_brand","embeddable":true,"href":"https:\/\/pizbube.ch\/en\/wp-json\/wp\/v2\/product_brand?post=146189"},{"taxonomy":"product_cat","embeddable":true,"href":"https:\/\/pizbube.ch\/en\/wp-json\/wp\/v2\/product_cat?post=146189"},{"taxonomy":"product_tag","embeddable":true,"href":"https:\/\/pizbube.ch\/en\/wp-json\/wp\/v2\/product_tag?post=146189"}],"curies":[{"name":"wp","href":"https:\/\/api.w.org\/{rel}","templated":true}]}}