{"id":146193,"date":"2021-01-15T10:53:25","date_gmt":"2021-01-15T10:53:25","guid":{"rendered":"https:\/\/codengine3.ch\/?product=import-placeholder-for-207291"},"modified":"2023-06-14T15:19:13","modified_gmt":"2023-06-14T13:19:13","slug":"dolomites","status":"publish","type":"product","link":"https:\/\/pizbube.ch\/en\/shop\/dolomites\/","title":{"rendered":"Dolomites"},"content":{"rendered":"<p>Les Dolomites ! Existe-t-il sur la plan\u00e8te un massif aussi fascinant,<br \/>\nd\u00e9gageant une telle impression d&#8217;harmonie entre la nature intacte, les lacs<br \/>\nturquoise tout droit sortis d&#8217;une carte postale, entre la flore, le vert des<br \/>\nalpages, et la majest\u00e9 des cimes, la raideur des parois qui jaillissent des<br \/>\npierriers dans une insolente g\u00e9om\u00e9trie ?<\/p>\n<p>Un endroit o\u00f9, apr\u00e8s avoir march\u00e9 au-dessus du vide pendant des heures, voire<br \/>\ndes jours, on retrouve aussi vite la douceur de vivre ? Comme l&#8217;\u00e9crit Pietro<br \/>\ndal Pra, \u00ab sur ces parois, s&#8217;est form\u00e9e une culture de l&#8217;escalade pure qui n&#8217;a<br \/>\npas eu d&#8217;\u00e9gale dans l&#8217;histoire de l&#8217;alpinisme. Ici se sont \u00e9crits les<br \/>\nchapitres les plus intenses de l&#8217;escalade alpine, de la fin du XIX\u00b0 si\u00e8cle \u00e0<br \/>\naujourd&#8217;hui. \u00bb<\/p>\n<p>Qui n&#8217;a pas r\u00eav\u00e9 devant les r\u00e9alisations de Preuss, Dibona, Vinatzer, Cassin,<br \/>\nMessner, et aujourd&#8217;hui Bole, Huber ou Dal Pra ? De cette harmonie li\u00e9e \u00e0 la<br \/>\nsensation de jouir d&#8217;un patrimoine exceptionnel, au respect du rocher et de<br \/>\nl&#8217;histoire, d\u00e9coule un plaisir intense \u00e0 suivre les pas de ces pionniers, et<br \/>\npourquoi pas d&#8217;innover. Dans ce paradis de l&#8217;escalade, tout passionn\u00e9 trouvera<br \/>\nchausson \u00e0 son pied, une aventure \u00e0 sa mesure, qu&#8217;il appartienne \u00e0 l&#8217;ordre des<br \/>\nquartogradistes ou au clan des mutants.<\/p>","protected":false},"excerpt":{"rendered":"<ul>\n<li><strong><a href=\"https:\/\/youtu.be\/v6GpY_IsUsc\" target=\"_blank\" rel=\"noopener\">Video: Dolomites 150 ans d&#8217;escalade <\/a><\/strong><\/li>\n<\/ul>","protected":false},"featured_media":168022,"template":"","meta":[],"product_brand":[],"product_cat":[21542],"product_tag":[],"class_list":{"0":"post-146193","1":"product","2":"type-product","3":"status-publish","4":"has-post-thumbnail","6":"product_cat-sachbuecher-dokumentationen","7":"pa_autor-vaucher","8":"pa_erscheinungsjahr-21571","9":"pa_region-italien","10":"pa_sprache-fr","12":"first","13":"instock","14":"taxable","15":"shipping-taxable","16":"purchasable","17":"product-type-simple"},"_links":{"self":[{"href":"https:\/\/pizbube.ch\/en\/wp-json\/wp\/v2\/product\/146193","targetHints":{"allow":["GET"]}}],"collection":[{"href":"https:\/\/pizbube.ch\/en\/wp-json\/wp\/v2\/product"}],"about":[{"href":"https:\/\/pizbube.ch\/en\/wp-json\/wp\/v2\/types\/product"}],"wp:featuredmedia":[{"embeddable":true,"href":"https:\/\/pizbube.ch\/en\/wp-json\/wp\/v2\/media\/168022"}],"wp:attachment":[{"href":"https:\/\/pizbube.ch\/en\/wp-json\/wp\/v2\/media?parent=146193"}],"wp:term":[{"taxonomy":"product_brand","embeddable":true,"href":"https:\/\/pizbube.ch\/en\/wp-json\/wp\/v2\/product_brand?post=146193"},{"taxonomy":"product_cat","embeddable":true,"href":"https:\/\/pizbube.ch\/en\/wp-json\/wp\/v2\/product_cat?post=146193"},{"taxonomy":"product_tag","embeddable":true,"href":"https:\/\/pizbube.ch\/en\/wp-json\/wp\/v2\/product_tag?post=146193"}],"curies":[{"name":"wp","href":"https:\/\/api.w.org\/{rel}","templated":true}]}}