{"id":146194,"date":"2021-01-15T10:53:25","date_gmt":"2021-01-15T10:53:25","guid":{"rendered":"https:\/\/codengine3.ch\/?product=import-placeholder-for-200643"},"modified":"2021-01-15T10:59:31","modified_gmt":"2021-01-15T10:59:31","slug":"les-nouveaux-alpinistes","status":"publish","type":"product","link":"https:\/\/pizbube.ch\/en\/shop\/les-nouveaux-alpinistes\/","title":{"rendered":"Les nouveaux alpinistes"},"content":{"rendered":"<p>L&#8217;alpinisme, plus qu&#8217;une activit\u00e9 sportive, un mode d&#8217;expression sans cesse<br \/>\nrenouvel\u00e9.<br \/>\nEt ce n&#8217;est pas fini !<\/p>\n<p>\u00ab Art de gravir les montagnes \u00bb, selon la d\u00e9finition ancienne du Larousse,<br \/>\nl\u2019alpinisme aurait pu trouver son point final en 1953, quand le sommet de<br \/>\nl\u2019Everest a \u00e9t\u00e9 atteint. Lucien Devies, alors \u00ab patron \u00bb de l\u2019alpinisme<br \/>\nfran\u00e7ais, ne s\u2019est-il pas interrog\u00e9 : \u00ab Pour les alpinistes, le temps du monde<br \/>\nfini commence \u00bb. Belle formule, qui sera reprise plusieurs fois, sous d\u2019autres<br \/>\nformes, par d\u2019autres observateurs un peu trop press\u00e9s d\u2019annoncer la mort de<br \/>\nl\u2019activit\u00e9.<\/p>\n<p>Les alpinistes, \u00e0 chaque fois, ont, par leurs r\u00e9alisations et leur<br \/>\ninventivit\u00e9, oppos\u00e9 un d\u00e9menti formel \u00e0 ces proph\u00e8tes. Ils n\u2019ont jamais cess\u00e9<br \/>\nd\u2019aller plus vite, de faire plus dur, plus beau, \u00e0 la recherche de nouveaux<br \/>\nd\u00e9fis et de nouveaux plaisirs. Aujourd\u2019hui, on ouvre des voies extr\u00eames sur<br \/>\nles g\u00e9ants de la Terre, \u00e0 deux, avec pour seul viatique ce qu\u2019un sac \u00e0 dos<br \/>\npeut contenir.<\/p>\n<p>On escalade les plus grandes parois en escalade libre, transposant \u00e0 haute<br \/>\naltitude ou dans les climats polaires les difficult\u00e9s jusque-l\u00e0 r\u00e9serv\u00e9es aux<br \/>\nsp\u00e9cialistes des courtes falaises ensoleill\u00e9es d\u2019Espagne ou du sud de la<br \/>\nFrance\u2026 Mais les auteurs de ces ascensions, s\u2019ils se pr\u00e9parent avec soin, ne<br \/>\nse prennent gu\u00e8re au s\u00e9rieux. Ils savent que leur alpinisme n\u2019est qu\u2019un jeu,<br \/>\nqu\u2019ils m\u00e8nent entre humour et po\u00e9sie.<\/p>\n<p>Quels sont les hauts faits de ces 40 derni\u00e8res ann\u00e9es, quelles sont les<br \/>\n\u00e9volutions techniques, \u00e9thiques et mentales qui ont men\u00e9 les nouveaux<br \/>\nalpinistes \u00e0 ce haut niveau de conscience et de r\u00e9alisation ? Ce livre, qui<br \/>\nmet en sc\u00e8ne les plus embl\u00e9matiques et les plus attachants des acteurs de<br \/>\ncette r\u00e9volution silencieuse, tente d\u2019explorer les diff\u00e9rents domaines d\u2019un<br \/>\nalpinisme sans cesse renouvel\u00e9.<\/p>","protected":false},"excerpt":{"rendered":"<p>L&#8217;alpinisme, plus qu&#8217;une activit\u00e9 sportive, un mode d&#8217;expression sans cesse renouvel\u00e9. Et ce n&#8217;est pas fini ! \u00ab Art de gravir les montagnes \u00bb, selon la d\u00e9finition ancienne du Larousse, l\u2019alpinisme aurait pu trouver son point final en 1953, quand le sommet de l\u2019Everest a \u00e9t\u00e9 atteint. Lucien Devies, alors \u00ab patron \u00bb de l\u2019alpinisme [&#8230;]\n","protected":false},"featured_media":27465,"template":"","meta":[],"product_brand":[],"product_cat":[21542],"product_tag":[],"class_list":{"0":"post-146194","1":"product","2":"type-product","3":"status-publish","4":"has-post-thumbnail","6":"product_cat-sachbuecher-dokumentationen","7":"pa_autor-gardien","8":"pa_erscheinungsjahr-21546","9":"pa_region-frankreich","10":"pa_sprache-fr","12":"first","13":"instock","14":"taxable","15":"shipping-taxable","16":"purchasable","17":"product-type-simple"},"_links":{"self":[{"href":"https:\/\/pizbube.ch\/en\/wp-json\/wp\/v2\/product\/146194","targetHints":{"allow":["GET"]}}],"collection":[{"href":"https:\/\/pizbube.ch\/en\/wp-json\/wp\/v2\/product"}],"about":[{"href":"https:\/\/pizbube.ch\/en\/wp-json\/wp\/v2\/types\/product"}],"wp:featuredmedia":[{"embeddable":true,"href":"https:\/\/pizbube.ch\/en\/wp-json\/wp\/v2\/media\/27465"}],"wp:attachment":[{"href":"https:\/\/pizbube.ch\/en\/wp-json\/wp\/v2\/media?parent=146194"}],"wp:term":[{"taxonomy":"product_brand","embeddable":true,"href":"https:\/\/pizbube.ch\/en\/wp-json\/wp\/v2\/product_brand?post=146194"},{"taxonomy":"product_cat","embeddable":true,"href":"https:\/\/pizbube.ch\/en\/wp-json\/wp\/v2\/product_cat?post=146194"},{"taxonomy":"product_tag","embeddable":true,"href":"https:\/\/pizbube.ch\/en\/wp-json\/wp\/v2\/product_tag?post=146194"}],"curies":[{"name":"wp","href":"https:\/\/api.w.org\/{rel}","templated":true}]}}