{"id":146196,"date":"2021-01-15T10:53:25","date_gmt":"2021-01-15T10:53:25","guid":{"rendered":"https:\/\/codengine3.ch\/?product=import-placeholder-for-207618"},"modified":"2025-06-20T13:45:47","modified_gmt":"2025-06-20T11:45:47","slug":"hoehenfluege-erich-abram-suedtiroler-alpinist-und-pilot","status":"publish","type":"product","link":"https:\/\/pizbube.ch\/en\/shop\/hoehenfluege-erich-abram-suedtiroler-alpinist-und-pilot\/","title":{"rendered":"H\u00f6henfl\u00fcge &#8211; Erich Abram, S\u00fcdtiroler Alpinist und Pilot"},"content":{"rendered":"<p>Erich Abram (1922\u20132017) war einer der bekanntesten S\u00fcdtiroler Alpinisten des<br \/>\nvergangenen Jahrhunderts. Er erwarb sich bereits in jungen Jahren aufgrund<br \/>\nherausragender Leistungen am Berg einen guten Ruf, unvergessen die<br \/>\nErstbegehung der \u201eAbram-Kante\u201c am Piz Ciavazes in den Dolomiten.<\/p>\n<p>\u00dcberregionale Bekanntheit erlangte Abram, als er 1954 \u2013 nach seiner R\u00fcckkehr<br \/>\naus russischer Kriegsgefangenschaft \u2013 Mitglied einer italienischen Expedition<br \/>\nwurde, deren Ziel die Erstbesteigung des K2 war. In sp\u00e4teren Jahren verschrieb<br \/>\nsich Abram vor allem der Fliegerei im Hochgebirge und leistete auf diesem<br \/>\nGebiet wertvolle Pionierarbeit. Er wurde Hubschrauberpilot und Fluglehrer und<br \/>\nwar ma\u00dfgeblich an der Einf\u00fchrung der Flugrettung in S\u00fcdtirol beteiligt.<\/p>\n<p>Dieses Buch erz\u00e4hlt von zahlreichen Begebenheiten aus dem bemerkens-werten<br \/>\nLeben Erich Abrams, der Leser bekommt aber auch tiefe Einblicke in dessen<br \/>\nPrivatleben durch die Erinnerungen seiner Frau Carla Abram. Ehemalige<br \/>\nBergsteigerkameraden wie Reinhold Messner, Luis Vonmetz, Walter Bonatti, Sepp<br \/>\nSchrott und Rochus \u00d6hler berichten von ihrer Zeit mit Erich.<\/p>\n<p>Der Autor Christjan Ladurner hat zahlreiche Gespr\u00e4che mit Zeitzeugen gef\u00fchrt<br \/>\nund es gelingt ihm mit seinem ungezwungenen Erz\u00e4hlstil, den Le-ser an den<br \/>\nUnternehmungen und am Privatleben dieser bemerkens werten Pers\u00f6nlichkeit<br \/>\nteilhaben zu lassen: 70 Jahre S\u00fcdtiroler Bergsteigergeschichte auf einen<br \/>\nBlick!<\/p>\n<p>Seiten: 208; Format: 150 x 225 mm<\/p>","protected":false},"excerpt":{"rendered":"<p>Erich Abram (1922\u20132017) war einer der bekanntesten S\u00fcdtiroler Alpinisten des vergangenen Jahrhunderts. Er erwarb sich bereits in jungen Jahren aufgrund herausragender Leistungen am Berg einen guten Ruf, unvergessen die Erstbegehung der \u201eAbram-Kante\u201c am Piz Ciavazes in den Dolomiten. \u00dcberregionale Bekanntheit erlangte Abram, als er 1954 \u2013 nach seiner R\u00fcckkehr aus russischer Kriegsgefangenschaft \u2013 Mitglied einer [&#8230;]\n","protected":false},"featured_media":37966,"template":"","meta":[],"product_brand":[],"product_cat":[21542],"product_tag":[],"class_list":{"0":"post-146196","1":"product","2":"type-product","3":"status-publish","4":"has-post-thumbnail","6":"product_cat-sachbuecher-dokumentationen","7":"pa_autor-ladurner-abram","8":"pa_erscheinungsjahr-21558","9":"pa_region-italien","10":"pa_sprache-de","12":"first","13":"onbackorder","14":"taxable","15":"shipping-taxable","16":"purchasable","17":"product-type-simple"},"_links":{"self":[{"href":"https:\/\/pizbube.ch\/en\/wp-json\/wp\/v2\/product\/146196","targetHints":{"allow":["GET"]}}],"collection":[{"href":"https:\/\/pizbube.ch\/en\/wp-json\/wp\/v2\/product"}],"about":[{"href":"https:\/\/pizbube.ch\/en\/wp-json\/wp\/v2\/types\/product"}],"wp:featuredmedia":[{"embeddable":true,"href":"https:\/\/pizbube.ch\/en\/wp-json\/wp\/v2\/media\/37966"}],"wp:attachment":[{"href":"https:\/\/pizbube.ch\/en\/wp-json\/wp\/v2\/media?parent=146196"}],"wp:term":[{"taxonomy":"product_brand","embeddable":true,"href":"https:\/\/pizbube.ch\/en\/wp-json\/wp\/v2\/product_brand?post=146196"},{"taxonomy":"product_cat","embeddable":true,"href":"https:\/\/pizbube.ch\/en\/wp-json\/wp\/v2\/product_cat?post=146196"},{"taxonomy":"product_tag","embeddable":true,"href":"https:\/\/pizbube.ch\/en\/wp-json\/wp\/v2\/product_tag?post=146196"}],"curies":[{"name":"wp","href":"https:\/\/api.w.org\/{rel}","templated":true}]}}