{"id":146200,"date":"2021-01-15T10:53:25","date_gmt":"2021-01-15T10:53:25","guid":{"rendered":"https:\/\/codengine3.ch\/?product=import-placeholder-for-202614"},"modified":"2023-02-03T08:45:48","modified_gmt":"2023-02-03T07:45:48","slug":"baederfahrten","status":"publish","type":"product","link":"https:\/\/pizbube.ch\/en\/shop\/baederfahrten\/","title":{"rendered":"B\u00e4derfahrten"},"content":{"rendered":"<p>Wandern und baden, kuren und sich laben<\/p>\n<p>Die Schweiz, das \u00bbWasserschloss Europas\u00ab, ist auch ein Paradies der erholsamen<br \/>\nB\u00e4der und der heilenden Wasser. Grund genug f\u00fcr die beiden \u00bbGenusswanderer\u00ab<br \/>\n(Tages-Anzeiger, Z\u00fcrich) Ursula Bauer und J\u00fcrg Frischknecht, das Wandern<br \/>\ndiesmal mit entspannendem Baden zu verbinden.<br \/>\nDie Wanderungen f\u00fchren zu B\u00e4dern und Kurh\u00e4usern in der ganzen Schweiz und<br \/>\nwerden von thematischen Schwerpunkten begleitet, die um die Geschichte der<br \/>\nH\u00e4user oder um das Wasser in all seinen Facetten kreisen.<\/p>\n<p>Ein Buch f\u00fcr Wanderlustige, die besondere Ideen f\u00fcr lange Wochenenden oder<br \/>\nWanderwochen suchen \u2013 und dies zu allen Jahreszeiten. Ein Buch auch f\u00fcr Leute,<br \/>\ndie es spannend und lustvoll finden, verblichene oder wieder entdeckte alte<br \/>\nKur- und B\u00e4dertradition neu zu entdecken.<\/p>\n<p>2. \u00fcberarbeit. Auflg. 2004<\/p>\n<p>Schweizer Mittelland und Jura<br \/>\n1: Z\u00fcrich-Baden-Schinznach\/Zurzach<br \/>\nEine Badenfahrt &#8211; \u00fcber Baden hinaus. 19<br \/>\n2: Olten-Bad Ramsach- Bad Bubendorf<br \/>\nB\u00e4rlauch und Kirschenbl\u00fcten. 43<br \/>\n3: Schweizerhalle-Bad Schauenburg-Rheinfelden<br \/>\nUns ist so wohl in Salz und Sol&#8216;. 59<br \/>\n4: Station d&#8217;Ecl\u00e9pens-Yverdon<br \/>\nEinst schiffbar, heute wanderbar. 79<br \/>\n5: Vallorbe- Rochejean-Censeau-Salins-les-Bains-Arc-et-Senans<br \/>\nJurawiesen und weite W\u00e4lder &#8211; und eine k\u00f6nigliche Fabrik. 91<\/p>\n<p>Voralpen und Alpenrand<br \/>\n6: Herisau\/Heidan-Gais-Gontenband<br \/>\nIm Land der Molken. 109<br \/>\n7: Stachelberg-Tiefed-Linthal<br \/>\nUnd die Erde bewegt sich doch. 131<br \/>\n8: Untersch\u00e4chen-Schwarzenbach-Richisau-Glarus<br \/>\nVom F\u00f6hntal ins Kl\u00f6ntal. 143<br \/>\n9: Rigi Kl\u00f6sterli-Rigi Kulm-Seewen<br \/>\nSonnenaufgang, B\u00e4deruntergang. 159<br \/>\n10: Gfelien-Fl\u00fchli- Kemmeriboden-Fl\u00fchli<br \/>\nGlash\u00fctten und Schwefelb\u00e4der. 175<br \/>\n11: Luthernbad-L\u00fcderenalp-Waldh\u00e4usern-Affoltern-Weier<br \/>\nMaria wirds wohl richten. 191<br \/>\n12: R\u00fcttihubelbad-Waldh\u00e4usern-Rohrimoos-Brenzikofen<br \/>\nBeeindruckende B\u00e4derdichte. 209<br \/>\n13: Weissenburg-Schwefelbergbad-Gurnigelbad-Heubach<br \/>\nB\u00fcrger, Bauer, Knecht. 225<\/p>\n<p>Alpen und Alpens\u00fcdseite<br \/>\n14: Ardez-Vulpera-Val Sinestra-Tschlin<br \/>\nMoorsee, Freibad, Arsenwasser. 249<br \/>\n15: Buffalora-Bagni Vecchi-Bormio<br \/>\nSchwitzen im Berg von Bormio. 271<br \/>\n16: Schatzaip-Bad Serneus-Seewis-Bad Ragaz<br \/>\nAus der Davoser Luft ins Ragazer Wasser. 285<br \/>\n17: Zillis-Andeer-Spl\u00fcgen-Vals<br \/>\nWassernixen am Himmel, ein Bademekka in Fels. 309<br \/>\n18: Schynige Platte-Faulhorn-Rosenlaui-Meiringen<br \/>\nBerg und Bad. 325<br \/>\n19: Craveggia-Comologno-Craveggia-Masera<br \/>\nWo die Schweiz am Ende ist: Bagni di Craveggia. 341<br \/>\n20: Domodossoia-Bognanco-Domodossola, Crodo-Longia<br \/>\nDomos nasses Hinterland: Bognanco, Crodo, Longia. 357<br \/>\n21: Kandersteg-Leukerbad-Venth\u00f4ne-Sion<br \/>\nLeukerwasser, Walliser Suonen. 375<br \/>\n22: Saxon\/Saillon-Ovronnaz-Lavey-les-Bains<br \/>\nZwischen S\u00fcmpfen und H\u00f6henluft.<\/p>","protected":false},"excerpt":{"rendered":"<p>Wandern und baden, kuren und sich laben Die Schweiz, das \u00bbWasserschloss Europas\u00ab, ist auch ein Paradies der erholsamen B\u00e4der und der heilenden Wasser. Grund genug f\u00fcr die beiden \u00bbGenusswanderer\u00ab (Tages-Anzeiger, Z\u00fcrich) Ursula Bauer und J\u00fcrg Frischknecht, das Wandern diesmal mit entspannendem Baden zu verbinden. Die Wanderungen f\u00fchren zu B\u00e4dern und Kurh\u00e4usern in der ganzen Schweiz [&#8230;]\n","protected":false},"featured_media":156668,"template":"","meta":[],"product_brand":[],"product_cat":[21605],"product_tag":[],"class_list":{"0":"post-146200","1":"product","2":"type-product","3":"status-publish","4":"has-post-thumbnail","6":"product_cat-wanderfuehrer-trekking","7":"pa_autor-bauer-frischknecht","8":"pa_erscheinungsjahr-21920","9":"pa_region-schweiz","10":"pa_sprache-de","12":"first","13":"outofstock","14":"taxable","15":"shipping-taxable","16":"purchasable","17":"product-type-simple"},"_links":{"self":[{"href":"https:\/\/pizbube.ch\/en\/wp-json\/wp\/v2\/product\/146200","targetHints":{"allow":["GET"]}}],"collection":[{"href":"https:\/\/pizbube.ch\/en\/wp-json\/wp\/v2\/product"}],"about":[{"href":"https:\/\/pizbube.ch\/en\/wp-json\/wp\/v2\/types\/product"}],"wp:featuredmedia":[{"embeddable":true,"href":"https:\/\/pizbube.ch\/en\/wp-json\/wp\/v2\/media\/156668"}],"wp:attachment":[{"href":"https:\/\/pizbube.ch\/en\/wp-json\/wp\/v2\/media?parent=146200"}],"wp:term":[{"taxonomy":"product_brand","embeddable":true,"href":"https:\/\/pizbube.ch\/en\/wp-json\/wp\/v2\/product_brand?post=146200"},{"taxonomy":"product_cat","embeddable":true,"href":"https:\/\/pizbube.ch\/en\/wp-json\/wp\/v2\/product_cat?post=146200"},{"taxonomy":"product_tag","embeddable":true,"href":"https:\/\/pizbube.ch\/en\/wp-json\/wp\/v2\/product_tag?post=146200"}],"curies":[{"name":"wp","href":"https:\/\/api.w.org\/{rel}","templated":true}]}}