{"id":146201,"date":"2021-01-15T10:53:25","date_gmt":"2021-01-15T10:53:25","guid":{"rendered":"https:\/\/codengine3.ch\/?product=import-placeholder-for-206227"},"modified":"2024-08-21T11:57:13","modified_gmt":"2024-08-21T09:57:13","slug":"wanderwege-zu-badewelten","status":"publish","type":"product","link":"https:\/\/pizbube.ch\/en\/shop\/wanderwege-zu-badewelten\/","title":{"rendered":"Wanderwege zu Badewelten"},"content":{"rendered":"<p>Erlebnis, Entspannung und Erholung auf 22 Pfaden zum Baden<\/p>\n<p>Was gibt es Sch\u00f6neres, als nach einer Wanderung ins warme Thermalwasser zu<br \/>\ntauchen? Schon die R\u00f6mer fr\u00f6nten vor 2000 Jahren diesem Genuss. Wandern und<br \/>\nBaden, dies ist nicht nur in warmen L\u00e4ndern oder im heissen Sommer m\u00f6glich,<br \/>\nsondern auch im Fr\u00fchling, wenn die Lebensgeister neu erwachen, oder in Herbst<br \/>\nund Winter, wenn die Tage k\u00fcrzer sind. Die Badem\u00f6glichkeiten in der Schweiz<br \/>\nsind vielf\u00e4ltig. Ob man alleine, zu zweit oder in der Gruppe unterwegs ist:<br \/>\nSprudelb\u00e4der und Solebecken, Dampfb\u00e4der und Grotten versprechen sinnliche<br \/>\nErlebnisse und entspannende Stunden. Familien zieht es vielleicht mehr ins<br \/>\n&#8218;Spassbad&#8216; mit Rutschbahnen, Wildwasserfluss und Wellenbad.<\/p>\n<p>Wanderwege zu Badewelten weist den (Wander-)Weg zu 22 Thermal- und<br \/>\nErlebnisb\u00e4dern in der ganzen Schweiz: nach Baden, wo schon die r\u00f6mischen<br \/>\nLegion\u00e4re in den Thermalquellen entspannten; in die Wellness-Welt nach<br \/>\nRheinfelden oder zur Therme Vals. Klassische Orte wie Bad Zurzach oder<br \/>\nLeukerbad, Familienanlagen wie das &#8218;Alpamare&#8216; in Pf\u00e4ffikon oder der &#8218;Aquaparc&#8216;<br \/>\nin Le Bouveret fehlen ebenso<br \/>\nwenig wie moderne Erlebniswelten: Erst im M\u00e4rz 2010 wurde die vielf\u00e4ltigste<br \/>\nWasserwelt der Schweiz er\u00f6ffnet, das &#8218;aquabasilea&#8216; in Pratteln.<br \/>\n160 Seiten, zahlreiche Karten und farbige Abbildungen<\/p>","protected":false},"excerpt":{"rendered":"<p>Erlebnis, Entspannung und Erholung auf 22 Pfaden zum Baden Was gibt es Sch\u00f6neres, als nach einer Wanderung ins warme Thermalwasser zu tauchen? Schon die R\u00f6mer fr\u00f6nten vor 2000 Jahren diesem Genuss. Wandern und Baden, dies ist nicht nur in warmen L\u00e4ndern oder im heissen Sommer m\u00f6glich, sondern auch im Fr\u00fchling, wenn die Lebensgeister neu erwachen, [&#8230;]\n","protected":false},"featured_media":174511,"template":"","meta":[],"product_brand":[],"product_cat":[21605],"product_tag":[],"class_list":{"0":"post-146201","1":"product","2":"type-product","3":"status-publish","4":"has-post-thumbnail","6":"product_cat-wanderfuehrer-trekking","7":"pa_autor-ihle","8":"pa_erscheinungsjahr-21830","9":"pa_region-schweiz","10":"pa_sprache-de","12":"first","13":"instock","14":"taxable","15":"shipping-taxable","16":"purchasable","17":"product-type-simple"},"_links":{"self":[{"href":"https:\/\/pizbube.ch\/en\/wp-json\/wp\/v2\/product\/146201","targetHints":{"allow":["GET"]}}],"collection":[{"href":"https:\/\/pizbube.ch\/en\/wp-json\/wp\/v2\/product"}],"about":[{"href":"https:\/\/pizbube.ch\/en\/wp-json\/wp\/v2\/types\/product"}],"wp:featuredmedia":[{"embeddable":true,"href":"https:\/\/pizbube.ch\/en\/wp-json\/wp\/v2\/media\/174511"}],"wp:attachment":[{"href":"https:\/\/pizbube.ch\/en\/wp-json\/wp\/v2\/media?parent=146201"}],"wp:term":[{"taxonomy":"product_brand","embeddable":true,"href":"https:\/\/pizbube.ch\/en\/wp-json\/wp\/v2\/product_brand?post=146201"},{"taxonomy":"product_cat","embeddable":true,"href":"https:\/\/pizbube.ch\/en\/wp-json\/wp\/v2\/product_cat?post=146201"},{"taxonomy":"product_tag","embeddable":true,"href":"https:\/\/pizbube.ch\/en\/wp-json\/wp\/v2\/product_tag?post=146201"}],"curies":[{"name":"wp","href":"https:\/\/api.w.org\/{rel}","templated":true}]}}