{"id":146202,"date":"2021-01-15T10:53:25","date_gmt":"2021-01-15T10:53:25","guid":{"rendered":"https:\/\/codengine3.ch\/?product=import-placeholder-for-204771"},"modified":"2025-04-17T12:51:17","modified_gmt":"2025-04-17T10:51:17","slug":"heilkraft-der-alpen","status":"publish","type":"product","link":"https:\/\/pizbube.ch\/en\/shop\/heilkraft-der-alpen\/","title":{"rendered":"Heilkraft der Alpen"},"content":{"rendered":"<p>Wandern f\u00fcr die Gesundheit: Berge helfen heilen<\/p>\n<p>Frische Luft und Bergpanorama sind eine Wohltat: F\u00fcr viele Menschen geh\u00f6ren<br \/>\nAusfl\u00fcge in die Natur und Wanderurlaube in den Bergen zum festen Bestandteil<br \/>\nihrer Freizeitgestaltung. Doch wussten Sie, dass sich die positive Wirkung der<br \/>\nAlpen auf Geist und K\u00f6rper auch wissenschaftlich nachweisen l\u00e4sst? Arnulf<br \/>\nHartl, Leiter des Instituts f\u00fcr \u00d6komedizin an der Paracelsus Medizinischen<br \/>\nPrivatuniversit\u00e4t in Salzburg und die Journalistin Christina Geyer<br \/>\npr\u00e4sentieren in ihrem Buch die wichtigsten Fakten zu diesem Thema:<\/p>\n<p>&#8211; Die Bedeutung der Natur f\u00fcr die Medizin: Wie schon die \u00c4rzte des Altertums<br \/>\nmit den Gaben der Natur arbeiteten<br \/>\n&#8211; Auszeit in den Bergen: Aus der Sommerfrische von einst entwickelte sich der<br \/>\nmoderne Wellnessurlaub<br \/>\n&#8211; Die Kraft des Wassers: Linderung asthmatischer und allergischer Beschwerden<br \/>\ndurch Wasserf\u00e4lle und Heilb\u00e4der<br \/>\n&#8211; Gesunder K\u00f6rper, gesunder Geist: Die positive Wirkung von Urlaub in den<br \/>\nAlpen auf die Psyche<\/p>\n<p>Hinaus aus der Stadt, hinaus aus der Ersch\u00f6pfung: so tun uns die Alpen gut<\/p>\n<p>Arnulf Hartl pl\u00e4diert kenntnisreich f\u00fcr Aufenthalte in den Alpen als<br \/>\nalternative Form der Medizin \u2013 nicht nur heilend, sondern vor allem<br \/>\nvorbeugend! Die von ihm vorgestellten wissenschaftlichen Erkenntnisse belegen,<br \/>\nwas Spazierg\u00e4nger und Wanderbegeisterte schon lange wussten: Eine Auszeit in<br \/>\nden Alpen ist gut f\u00fcr K\u00f6rper und Seele \u2013 Naturheilkunde zu Fu\u00df!<\/p>\n<p>224 Seiten \/ 14.5 x 21.0 cm<\/p>","protected":false},"excerpt":{"rendered":"<p>Wandern f\u00fcr die Gesundheit: Berge helfen heilen Frische Luft und Bergpanorama sind eine Wohltat: F\u00fcr viele Menschen geh\u00f6ren Ausfl\u00fcge in die Natur und Wanderurlaube in den Bergen zum festen Bestandteil ihrer Freizeitgestaltung. Doch wussten Sie, dass sich die positive Wirkung der Alpen auf Geist und K\u00f6rper auch wissenschaftlich nachweisen l\u00e4sst? Arnulf Hartl, Leiter des Instituts [&#8230;]\n","protected":false},"featured_media":33226,"template":"","meta":[],"product_brand":[],"product_cat":[21542],"product_tag":[],"class_list":{"0":"post-146202","1":"product","2":"type-product","3":"status-publish","4":"has-post-thumbnail","6":"product_cat-sachbuecher-dokumentationen","7":"pa_autor-hartl-geyer","8":"pa_erscheinungsjahr-21558","9":"pa_region-oesterreich","10":"pa_sprache-de","12":"first","13":"instock","14":"taxable","15":"shipping-taxable","16":"purchasable","17":"product-type-simple"},"_links":{"self":[{"href":"https:\/\/pizbube.ch\/en\/wp-json\/wp\/v2\/product\/146202","targetHints":{"allow":["GET"]}}],"collection":[{"href":"https:\/\/pizbube.ch\/en\/wp-json\/wp\/v2\/product"}],"about":[{"href":"https:\/\/pizbube.ch\/en\/wp-json\/wp\/v2\/types\/product"}],"wp:featuredmedia":[{"embeddable":true,"href":"https:\/\/pizbube.ch\/en\/wp-json\/wp\/v2\/media\/33226"}],"wp:attachment":[{"href":"https:\/\/pizbube.ch\/en\/wp-json\/wp\/v2\/media?parent=146202"}],"wp:term":[{"taxonomy":"product_brand","embeddable":true,"href":"https:\/\/pizbube.ch\/en\/wp-json\/wp\/v2\/product_brand?post=146202"},{"taxonomy":"product_cat","embeddable":true,"href":"https:\/\/pizbube.ch\/en\/wp-json\/wp\/v2\/product_cat?post=146202"},{"taxonomy":"product_tag","embeddable":true,"href":"https:\/\/pizbube.ch\/en\/wp-json\/wp\/v2\/product_tag?post=146202"}],"curies":[{"name":"wp","href":"https:\/\/api.w.org\/{rel}","templated":true}]}}