{"id":146209,"date":"2021-01-15T10:53:26","date_gmt":"2021-01-15T10:53:26","guid":{"rendered":"https:\/\/codengine3.ch\/?product=import-placeholder-for-200022"},"modified":"2024-04-03T14:40:12","modified_gmt":"2024-04-03T12:40:12","slug":"einsame-gipfel-in-suedtirol-dolomiten-band-1","status":"publish","type":"product","link":"https:\/\/pizbube.ch\/en\/shop\/einsame-gipfel-in-suedtirol-dolomiten-band-1\/","title":{"rendered":"Einsame Gipfel in S\u00fcdtirol &#8211; Dolomiten, Band 1"},"content":{"rendered":"<p>60 ungew\u00f6hnliche Touren vom Vinschgau bis ins Wipptal<\/p>\n<p>Im vorliegenden F\u00fchrer werden 60 Gipfeltouren im gro\u00dfartigen, alpinen Umfeld<br \/>\nder westlichen Landesh\u00e4lfte S\u00fcdtirols beschrieben. Dabei richtet sich das<br \/>\nAugenmerk auf die einsamen Gipfel, die weitab von den viel begangenen Wegen<br \/>\nund den bekannten Zielen des Massentourismus liegen.<\/p>\n<p>F\u00fcr jeden Anstieg wurde eine \u00e4u\u00dferst genaue Wegbeschreibung der Route<br \/>\nerarbeitet. Besonders die Flugaufnahmen mit dem eingezeichneten Aufstiegsweg<br \/>\nvermitteln dem Betrachter ein ausgezeichnetes Gesamtbild der jeweiligen Tour.<br \/>\nBei den meisten dieser Routen, gilt es einen beachtlichen H\u00f6henunterschied zu<br \/>\n\u00fcberwinden. Obwohl sich die technischen Schwierigkeiten der hier beschriebenen<br \/>\nTouren in Grenzen halten, sollten sie nur vom erfahrenen Bergsteiger in<br \/>\nAngriff genommen werden!<\/p>","protected":false},"excerpt":{"rendered":"<p>60 ungew\u00f6hnliche Touren vom Vinschgau bis ins Wipptal Im vorliegenden F\u00fchrer werden 60 Gipfeltouren im gro\u00dfartigen, alpinen Umfeld der westlichen Landesh\u00e4lfte S\u00fcdtirols beschrieben. Dabei richtet sich das Augenmerk auf die einsamen Gipfel, die weitab von den viel begangenen Wegen und den bekannten Zielen des Massentourismus liegen. F\u00fcr jeden Anstieg wurde eine \u00e4u\u00dferst genaue Wegbeschreibung der [&#8230;]\n","protected":false},"featured_media":25712,"template":"","meta":[],"product_brand":[],"product_cat":[21544],"product_tag":[],"class_list":{"0":"post-146209","1":"product","2":"type-product","3":"status-publish","4":"has-post-thumbnail","6":"product_cat-fuehrerliteratur-alpin-sommer","7":"pa_autor-marchel","8":"pa_erscheinungsjahr-21568","9":"pa_region-italien","10":"pa_sprache-de","12":"first","13":"outofstock","14":"taxable","15":"shipping-taxable","16":"purchasable","17":"product-type-simple"},"_links":{"self":[{"href":"https:\/\/pizbube.ch\/en\/wp-json\/wp\/v2\/product\/146209","targetHints":{"allow":["GET"]}}],"collection":[{"href":"https:\/\/pizbube.ch\/en\/wp-json\/wp\/v2\/product"}],"about":[{"href":"https:\/\/pizbube.ch\/en\/wp-json\/wp\/v2\/types\/product"}],"wp:featuredmedia":[{"embeddable":true,"href":"https:\/\/pizbube.ch\/en\/wp-json\/wp\/v2\/media\/25712"}],"wp:attachment":[{"href":"https:\/\/pizbube.ch\/en\/wp-json\/wp\/v2\/media?parent=146209"}],"wp:term":[{"taxonomy":"product_brand","embeddable":true,"href":"https:\/\/pizbube.ch\/en\/wp-json\/wp\/v2\/product_brand?post=146209"},{"taxonomy":"product_cat","embeddable":true,"href":"https:\/\/pizbube.ch\/en\/wp-json\/wp\/v2\/product_cat?post=146209"},{"taxonomy":"product_tag","embeddable":true,"href":"https:\/\/pizbube.ch\/en\/wp-json\/wp\/v2\/product_tag?post=146209"}],"curies":[{"name":"wp","href":"https:\/\/api.w.org\/{rel}","templated":true}]}}