{"id":146212,"date":"2021-01-15T10:53:26","date_gmt":"2021-01-15T10:53:26","guid":{"rendered":"https:\/\/codengine3.ch\/?product=import-placeholder-for-207194"},"modified":"2021-01-15T14:56:03","modified_gmt":"2021-01-15T14:56:03","slug":"3000-delle-dolomiti","status":"publish","type":"product","link":"https:\/\/pizbube.ch\/en\/shop\/3000-delle-dolomiti\/","title":{"rendered":"3000 DELLE DOLOMITI"},"content":{"rendered":"<p>Le vie normali alle vette dolomitiche oltre i 300 metri  <\/p>\n<p>Le Dolomiti, questo immenso giardino di pietra e boschi, come \u00e8 noto hanno<br \/>\ncome massima elevazione i 3343 metri della Marmolada, o meglio della Punta<br \/>\nPen\u00eca. Oltre ad essa altre numerose vette sono ambite e frequentate. La<br \/>\nmaggior parte degli alpinisti per\u00f2 non conosce l`esatta posizione, via di<br \/>\nsalita e difficolt\u00e0 delle 86 cime oltre i 3000 metri nei 16 gruppi montuosi<br \/>\ndescritti.<br \/>\nI tre autori le hanno censite con puntiglio dando per ognuna informazioni<br \/>\ndettagliate per raggiungerne la vetta lungo la via normale. Altre cime che,<br \/>\nseppur superiori alla fatidica quota, possono essere considerate delle<br \/>\nanticime o spalle delle loro sorelle maggiori non sono state relazionate in<br \/>\ndettaglio, ma se ne fornisce comunque qualche informazione.<br \/>\nCompletano il libro i Grandi Esclusi, ovvero le vette che per 1 o 2 metri non<br \/>\nraggiungo i quota 3000, gli elenchi in ordine di difficolt\u00e0 e quota e il<br \/>\ndiario delle salite per collezionare i 3000 delle Dolomiti, collezione<br \/>\npromossa dal sito www.3000dolomiti.it. Una guida per gli amanti di un<br \/>\nalpinismo di ampio respiro che coniuga molto spesso ambienti selvaggi ed aria<br \/>\nsottile.  <\/p>\n<p>86 itinerari di vie normali con note storiche e culturali.<br \/>\nFotografie con in tracciati delle vie di salita e di dettaglio.<br \/>\nSchizzi tecnici con tracciati delle vie di salita per le vie di arrampicata.<br \/>\nCarte topografiche dei gruppi montuosi con posizione delle cime e percorsi.  <\/p>","protected":false},"excerpt":{"rendered":"<p>Le vie normali alle vette dolomitiche oltre i 300 metri Le Dolomiti, questo immenso giardino di pietra e boschi, come \u00e8 noto hanno come massima elevazione i 3343 metri della Marmolada, o meglio della Punta Pen\u00eca. Oltre ad essa altre numerose vette sono ambite e frequentate. La maggior parte degli alpinisti per\u00f2 non conosce l`esatta [&#8230;]\n","protected":false},"featured_media":36829,"template":"","meta":[],"product_brand":[],"product_cat":[21544],"product_tag":[],"class_list":{"0":"post-146212","1":"product","2":"type-product","3":"status-publish","4":"has-post-thumbnail","6":"product_cat-fuehrerliteratur-alpin-sommer","7":"pa_autor-ciri-bernardi-magnaguagno","8":"pa_erscheinungsjahr-21621","9":"pa_region-italien","10":"pa_sprache-it","12":"first","13":"instock","14":"taxable","15":"shipping-taxable","16":"purchasable","17":"product-type-simple"},"_links":{"self":[{"href":"https:\/\/pizbube.ch\/en\/wp-json\/wp\/v2\/product\/146212","targetHints":{"allow":["GET"]}}],"collection":[{"href":"https:\/\/pizbube.ch\/en\/wp-json\/wp\/v2\/product"}],"about":[{"href":"https:\/\/pizbube.ch\/en\/wp-json\/wp\/v2\/types\/product"}],"wp:featuredmedia":[{"embeddable":true,"href":"https:\/\/pizbube.ch\/en\/wp-json\/wp\/v2\/media\/36829"}],"wp:attachment":[{"href":"https:\/\/pizbube.ch\/en\/wp-json\/wp\/v2\/media?parent=146212"}],"wp:term":[{"taxonomy":"product_brand","embeddable":true,"href":"https:\/\/pizbube.ch\/en\/wp-json\/wp\/v2\/product_brand?post=146212"},{"taxonomy":"product_cat","embeddable":true,"href":"https:\/\/pizbube.ch\/en\/wp-json\/wp\/v2\/product_cat?post=146212"},{"taxonomy":"product_tag","embeddable":true,"href":"https:\/\/pizbube.ch\/en\/wp-json\/wp\/v2\/product_tag?post=146212"}],"curies":[{"name":"wp","href":"https:\/\/api.w.org\/{rel}","templated":true}]}}