{"id":146213,"date":"2021-01-15T10:53:26","date_gmt":"2021-01-15T10:53:26","guid":{"rendered":"https:\/\/codengine3.ch\/?product=import-placeholder-for-200030"},"modified":"2024-06-05T10:51:41","modified_gmt":"2024-06-05T08:51:41","slug":"einsame-gipfel-in-suedtirol-dolomiten-band-2","status":"publish","type":"product","link":"https:\/\/pizbube.ch\/en\/shop\/einsame-gipfel-in-suedtirol-dolomiten-band-2\/","title":{"rendered":"Einsame Gipfel in S\u00fcdtirol &#8211; Dolomiten, Band 2"},"content":{"rendered":"<p>60 ungew\u00f6hnliche Touren vom Pfitschtal bis ins Pustertal<\/p>\n<p>In diesem F\u00fchrer werden 60 Gipfeltouren im landschaftlich atemberaubenden<br \/>\nOsten S\u00fcdtirols vorgestellt, wobei bewusst \u201eeinsame Gipfel\u201c \u2013 wenig begangene<br \/>\nRouten und Berge fernab der \u00fcblichen Ziele des Massentourismus \u2013 gew\u00e4hlt<br \/>\nwurden. Alle Beschreibungen umfassen s\u00e4mtliche Details, technische Daten sowie<br \/>\nLandschafts- und Luftbilder. Letztere sind besonders wertvoll, denn sie<br \/>\nvermitteln nicht nur einen guten Eindruck vom Terrain, sondern zeigen zudem<br \/>\nden genauen Verlauf der Route an.<\/p>\n<p>Wenngleich die beschriebenen Touren nicht ausgesprochen anspruchsvoll sind, so<br \/>\nseien sie aufgrund der erheblichen H\u00f6henunterschiede, der zuweilen<br \/>\nunwirtlichen Landschaft, ihrer Abgeschiedenheit und des h\u00e4ufigen Mangels an<br \/>\nWegen und Pfaden dennoch nur erfahrenen Wanderern empfohlen.<\/p>","protected":false},"excerpt":{"rendered":"<p>60 ungew\u00f6hnliche Touren vom Pfitschtal bis ins Pustertal In diesem F\u00fchrer werden 60 Gipfeltouren im landschaftlich atemberaubenden Osten S\u00fcdtirols vorgestellt, wobei bewusst \u201eeinsame Gipfel\u201c \u2013 wenig begangene Routen und Berge fernab der \u00fcblichen Ziele des Massentourismus \u2013 gew\u00e4hlt wurden. Alle Beschreibungen umfassen s\u00e4mtliche Details, technische Daten sowie Landschafts- und Luftbilder. Letztere sind besonders wertvoll, denn [&#8230;]\n","protected":false},"featured_media":25734,"template":"","meta":[],"product_brand":[],"product_cat":[21544],"product_tag":[],"class_list":{"0":"post-146213","1":"product","2":"type-product","3":"status-publish","4":"has-post-thumbnail","6":"product_cat-fuehrerliteratur-alpin-sommer","7":"pa_autor-marchel","8":"pa_erscheinungsjahr-21568","9":"pa_region-italien","10":"pa_sprache-de","12":"first","13":"outofstock","14":"taxable","15":"shipping-taxable","16":"purchasable","17":"product-type-simple"},"_links":{"self":[{"href":"https:\/\/pizbube.ch\/en\/wp-json\/wp\/v2\/product\/146213","targetHints":{"allow":["GET"]}}],"collection":[{"href":"https:\/\/pizbube.ch\/en\/wp-json\/wp\/v2\/product"}],"about":[{"href":"https:\/\/pizbube.ch\/en\/wp-json\/wp\/v2\/types\/product"}],"wp:featuredmedia":[{"embeddable":true,"href":"https:\/\/pizbube.ch\/en\/wp-json\/wp\/v2\/media\/25734"}],"wp:attachment":[{"href":"https:\/\/pizbube.ch\/en\/wp-json\/wp\/v2\/media?parent=146213"}],"wp:term":[{"taxonomy":"product_brand","embeddable":true,"href":"https:\/\/pizbube.ch\/en\/wp-json\/wp\/v2\/product_brand?post=146213"},{"taxonomy":"product_cat","embeddable":true,"href":"https:\/\/pizbube.ch\/en\/wp-json\/wp\/v2\/product_cat?post=146213"},{"taxonomy":"product_tag","embeddable":true,"href":"https:\/\/pizbube.ch\/en\/wp-json\/wp\/v2\/product_tag?post=146213"}],"curies":[{"name":"wp","href":"https:\/\/api.w.org\/{rel}","templated":true}]}}