{"id":146214,"date":"2021-01-15T10:53:26","date_gmt":"2021-01-15T10:53:26","guid":{"rendered":"https:\/\/codengine3.ch\/?product=import-placeholder-for-200666"},"modified":"2024-05-02T16:57:28","modified_gmt":"2024-05-02T14:57:28","slug":"die-schoensten-3000er-in-suedtirol","status":"publish","type":"product","link":"https:\/\/pizbube.ch\/en\/shop\/die-schoensten-3000er-in-suedtirol\/","title":{"rendered":"Die sch\u00f6nsten 3000er in S\u00fcdtirol"},"content":{"rendered":"<p>Die 70 lohnendsten Hochtouren zwischen Ortler und Dreiherrenspitze<\/p>\n<p>Im vorliegenden Tourenbuch stellt der Autor Hanspaul Menara 70 S\u00fcdtiroler Hochtouren bzw. Dreitausender vor, von denen sich sehr viele auch f\u00fcr den Normalbergsteiger eignen und weder Gletschererfahrung noch besondere Kletterfertigkeit erfordern; oft kann man sogar markierten Fu\u00dfpfaden folgen.<\/p>\n<p>Zudem enth\u00e4lt das Buch f\u00fcr Berggeher, die auch anspruchsvolleren Touren gewachsen sind, eine Reihe der besonders klassischen S\u00fcdtiroler Hochgipfel, die zwar ebenfalls nicht als wirklich schwierig einzustufen sind, bei denen man aber doch Gletscher \u00fcberschreiten oder gelegentlich etwas heiklere Felspassagen (I.\u2013II. Grad) bew\u00e4ltigen muss. Menaras Angaben stammen aus erster Hand und sind brandaktuell. Denn er hat alle vorgestellten Gipfel selbst bestiegen, davon manche mehrmals und sehr viele sogar erst vor kurzem noch eigens f\u00fcr dieses Buch.<\/p>\n<p>Mit einleitenden Schilderungen, exakten Wegbeschreibungen und reicher Bildausstattung weist das Buch verl\u00e4sslich die Wege zu zahlreichen Hochgipfeln S\u00fcdtirols und vermittelt damit auch ein Kennenlernen von Gebirgsgruppen, die zu den eindrucksvollsten der ganzen Alpen z\u00e4hlen. Vorsatzkarte, n\u00fctzliche Hinweise zu Ausr\u00fcstung und richtigem Verhalten, Kartenausschnitte mit eingezeichneter Route, Literaturhinweis und Stichwortregister runden das Werk ab<\/p>\n<p>272 Seiten<br \/>\n236 mm x 164 mm<br \/>\n5. Auflage 2022<\/p>","protected":false},"excerpt":{"rendered":"<p><strong><a href=\"https:\/\/pizbube.ch\/wp-content\/uploads\/2021\/01\/die_schoensten_3000er_suedtirol_leseprobe.pdf\" target=\"_blank\" rel=\"noopener\">die_schoensten_3000er_suedtirol_leseprobe<\/a><\/strong><\/p>","protected":false},"featured_media":172838,"template":"","meta":[],"product_brand":[],"product_cat":[21544],"product_tag":[],"class_list":{"0":"post-146214","1":"product","2":"type-product","3":"status-publish","4":"has-post-thumbnail","6":"product_cat-fuehrerliteratur-alpin-sommer","7":"pa_autor-menara","8":"pa_erscheinungsjahr-27013","9":"pa_region-italien","10":"pa_sprache-de","12":"first","13":"instock","14":"taxable","15":"shipping-taxable","16":"purchasable","17":"product-type-simple"},"_links":{"self":[{"href":"https:\/\/pizbube.ch\/en\/wp-json\/wp\/v2\/product\/146214","targetHints":{"allow":["GET"]}}],"collection":[{"href":"https:\/\/pizbube.ch\/en\/wp-json\/wp\/v2\/product"}],"about":[{"href":"https:\/\/pizbube.ch\/en\/wp-json\/wp\/v2\/types\/product"}],"wp:featuredmedia":[{"embeddable":true,"href":"https:\/\/pizbube.ch\/en\/wp-json\/wp\/v2\/media\/172838"}],"wp:attachment":[{"href":"https:\/\/pizbube.ch\/en\/wp-json\/wp\/v2\/media?parent=146214"}],"wp:term":[{"taxonomy":"product_brand","embeddable":true,"href":"https:\/\/pizbube.ch\/en\/wp-json\/wp\/v2\/product_brand?post=146214"},{"taxonomy":"product_cat","embeddable":true,"href":"https:\/\/pizbube.ch\/en\/wp-json\/wp\/v2\/product_cat?post=146214"},{"taxonomy":"product_tag","embeddable":true,"href":"https:\/\/pizbube.ch\/en\/wp-json\/wp\/v2\/product_tag?post=146214"}],"curies":[{"name":"wp","href":"https:\/\/api.w.org\/{rel}","templated":true}]}}