{"id":146215,"date":"2021-01-15T10:53:26","date_gmt":"2021-01-15T10:53:26","guid":{"rendered":"https:\/\/codengine3.ch\/?product=import-placeholder-for-207774"},"modified":"2021-01-15T16:58:26","modified_gmt":"2021-01-15T16:58:26","slug":"50-leichte-gipfel-vom-vinschgau-bis-ins-pustertal","status":"publish","type":"product","link":"https:\/\/pizbube.ch\/en\/shop\/50-leichte-gipfel-vom-vinschgau-bis-ins-pustertal\/","title":{"rendered":"50 leichte Gipfel &#8211; Vom Vinschgau bis ins Pustertal"},"content":{"rendered":"<p>50 Touren mit Routenkarte. Gipfelwanderungen f\u00fcr jedes Alter &#8211; vom gem\u00fctlichen<br \/>\nGehweg bis zum unschwierigen Felspfad.<\/p>\n<p>Der S\u00fcdtiroler Wanderpapst Hanspaul Menara beschreibt 50 leichte Gipfeltouren.<br \/>\nIdeal f\u00fcr Familienwanderungen. QR-Codes f\u00fcr kostenlose Tourendownloads sind im<br \/>\nBuch enthalten.<\/p>\n<p>50 leichte Gipfel &#8211; S\u00fcdtirols sch\u00f6nste Wanderungen.<\/p>\n<p>Der vorliegende Wanderfuehrer stellt 50 Suedtiroler Gipfel vor, deren<br \/>\nBesteigung als leicht eingestuft werden darf. Sie eignen sich fur jeden<br \/>\ngehgewohnten Wanderer, der ueber ein gewisses Mindestmas an Bergerfahrung<br \/>\nverfuegt. &#8211; QR-Code fur kostenlose Downloads &#8211; fuer Familien und 50+ ideal<br \/>\ngeeignet &#8211; mit Tourparametern und Kartenausschnitten<\/p>","protected":false},"excerpt":{"rendered":"<p>50 Touren mit Routenkarte. Gipfelwanderungen f\u00fcr jedes Alter &#8211; vom gem\u00fctlichen Gehweg bis zum unschwierigen Felspfad. Der S\u00fcdtiroler Wanderpapst Hanspaul Menara beschreibt 50 leichte Gipfeltouren. Ideal f\u00fcr Familienwanderungen. QR-Codes f\u00fcr kostenlose Tourendownloads sind im Buch enthalten. 50 leichte Gipfel &#8211; S\u00fcdtirols sch\u00f6nste Wanderungen. Der vorliegende Wanderfuehrer stellt 50 Suedtiroler Gipfel vor, deren Besteigung als leicht [&#8230;]\n","protected":false},"featured_media":38405,"template":"","meta":[],"product_brand":[],"product_cat":[21605],"product_tag":[],"class_list":{"0":"post-146215","1":"product","2":"type-product","3":"status-publish","4":"has-post-thumbnail","6":"product_cat-wanderfuehrer-trekking","7":"pa_autor-menara","8":"pa_erscheinungsjahr-21621","9":"pa_region-italien","10":"pa_sprache-de","12":"first","13":"outofstock","14":"taxable","15":"shipping-taxable","16":"purchasable","17":"product-type-simple"},"_links":{"self":[{"href":"https:\/\/pizbube.ch\/en\/wp-json\/wp\/v2\/product\/146215","targetHints":{"allow":["GET"]}}],"collection":[{"href":"https:\/\/pizbube.ch\/en\/wp-json\/wp\/v2\/product"}],"about":[{"href":"https:\/\/pizbube.ch\/en\/wp-json\/wp\/v2\/types\/product"}],"wp:featuredmedia":[{"embeddable":true,"href":"https:\/\/pizbube.ch\/en\/wp-json\/wp\/v2\/media\/38405"}],"wp:attachment":[{"href":"https:\/\/pizbube.ch\/en\/wp-json\/wp\/v2\/media?parent=146215"}],"wp:term":[{"taxonomy":"product_brand","embeddable":true,"href":"https:\/\/pizbube.ch\/en\/wp-json\/wp\/v2\/product_brand?post=146215"},{"taxonomy":"product_cat","embeddable":true,"href":"https:\/\/pizbube.ch\/en\/wp-json\/wp\/v2\/product_cat?post=146215"},{"taxonomy":"product_tag","embeddable":true,"href":"https:\/\/pizbube.ch\/en\/wp-json\/wp\/v2\/product_tag?post=146215"}],"curies":[{"name":"wp","href":"https:\/\/api.w.org\/{rel}","templated":true}]}}