{"id":146216,"date":"2021-01-15T10:53:26","date_gmt":"2021-01-15T10:53:26","guid":{"rendered":"https:\/\/codengine3.ch\/?product=import-placeholder-for-208038"},"modified":"2021-01-15T17:49:32","modified_gmt":"2021-01-15T17:49:32","slug":"panoramawege-in-suedtirol","status":"publish","type":"product","link":"https:\/\/pizbube.ch\/en\/shop\/panoramawege-in-suedtirol\/","title":{"rendered":"Panoramawege in S\u00fcdtirol"},"content":{"rendered":"<p>Die 40 sch\u00f6nsten Aussichtstouren<\/p>\n<p>Lust auf Panorama?<br \/>\n40 aussichtsreiche H\u00f6henwege vom Vinschgau bis zu den Dolomiten und den<br \/>\nAhrntaler Bergen versammelt der S\u00fcdtirol-Kenner Mark Zahel in diesem Band. Die<br \/>\nmeisten Panorama-Wanderungen sind f\u00fcr Genie\u00dfer ausgelegt; Anspruchsvollere<br \/>\nkommen auf einigen hochalpinen Routen auf ihre Kosten.<\/p>\n<p>Neben wichtigen Toureninfos finden sich auch Tipps zu Einkehr und Unterkunft.<br \/>\nHier finden Sie die echten Highlights auf der Sonnenseite der Alpen.<br \/>\n144 Seiten, ca. 120 Abbildungen, Format 16,5 x 23,5 cm, Klappenbroschur mit<br \/>\nFadenheftung<\/p>","protected":false},"excerpt":{"rendered":"<p>Die 40 sch\u00f6nsten Aussichtstouren Lust auf Panorama? 40 aussichtsreiche H\u00f6henwege vom Vinschgau bis zu den Dolomiten und den Ahrntaler Bergen versammelt der S\u00fcdtirol-Kenner Mark Zahel in diesem Band. Die meisten Panorama-Wanderungen sind f\u00fcr Genie\u00dfer ausgelegt; Anspruchsvollere kommen auf einigen hochalpinen Routen auf ihre Kosten. Neben wichtigen Toureninfos finden sich auch Tipps zu Einkehr und Unterkunft. [&#8230;]\n","protected":false},"featured_media":39167,"template":"","meta":[],"product_brand":[],"product_cat":[21605],"product_tag":[],"class_list":{"0":"post-146216","1":"product","2":"type-product","3":"status-publish","4":"has-post-thumbnail","6":"product_cat-wanderfuehrer-trekking","7":"pa_autor-zahel","8":"pa_erscheinungsjahr-21550","9":"pa_region-italien","10":"pa_sprache-de","12":"first","13":"instock","14":"taxable","15":"shipping-taxable","16":"purchasable","17":"product-type-simple"},"_links":{"self":[{"href":"https:\/\/pizbube.ch\/en\/wp-json\/wp\/v2\/product\/146216","targetHints":{"allow":["GET"]}}],"collection":[{"href":"https:\/\/pizbube.ch\/en\/wp-json\/wp\/v2\/product"}],"about":[{"href":"https:\/\/pizbube.ch\/en\/wp-json\/wp\/v2\/types\/product"}],"wp:featuredmedia":[{"embeddable":true,"href":"https:\/\/pizbube.ch\/en\/wp-json\/wp\/v2\/media\/39167"}],"wp:attachment":[{"href":"https:\/\/pizbube.ch\/en\/wp-json\/wp\/v2\/media?parent=146216"}],"wp:term":[{"taxonomy":"product_brand","embeddable":true,"href":"https:\/\/pizbube.ch\/en\/wp-json\/wp\/v2\/product_brand?post=146216"},{"taxonomy":"product_cat","embeddable":true,"href":"https:\/\/pizbube.ch\/en\/wp-json\/wp\/v2\/product_cat?post=146216"},{"taxonomy":"product_tag","embeddable":true,"href":"https:\/\/pizbube.ch\/en\/wp-json\/wp\/v2\/product_tag?post=146216"}],"curies":[{"name":"wp","href":"https:\/\/api.w.org\/{rel}","templated":true}]}}