{"id":146220,"date":"2021-01-15T10:53:26","date_gmt":"2021-01-15T10:53:26","guid":{"rendered":"https:\/\/codengine3.ch\/?product=import-placeholder-for-203124"},"modified":"2025-12-19T12:16:58","modified_gmt":"2025-12-19T11:16:58","slug":"alpes-du-sud-ski-de-randonnee","status":"publish","type":"product","link":"https:\/\/pizbube.ch\/en\/shop\/alpes-du-sud-ski-de-randonnee\/","title":{"rendered":"Alpes du Sud: Ski de randonn\u00e9e"},"content":{"rendered":"<p>Ubaye &#8211; Val Stura &#8211; Marguareis &#8211; Haut-Verdon &#8211; Haut-Var &#8211; Tin\u00e9e &#8211; V\u00e9subie &#8211; Roya<\/p>\n<p>Ce livre d\u00e9crit plus de 400 randonn\u00e9es \u00e0 ski de tous niveaux, r\u00e9parties autour de deux grands axes routiers : l\u2019Ubaye et l\u2019immense Val Stura italien sont d\u2019acc\u00e8s rapide par Gap, Barcelonnette et le col de Larche ; les vall\u00e9es des Alpes-Maritimes sont accessibles par Digne, Nice ou le col de Tende.131 itin\u00e9raires, dont les \u201cclassiques\u201d, sont pr\u00e9sent\u00e9s en d\u00e9tail, avec fiches techniques et cartes-croquis.<br \/>\n273 autres itin\u00e9raires sont d\u00e9crits plus bri\u00e8vement.<\/p>\n<p>Moins connues que celles du Nord, les Alpes du Sud sont aussi moins fr\u00e9quent\u00e9es. Ciel d\u2019azur, relief vigoureux, d\u00e9parts \u00e9lev\u00e9s, admirables for\u00eats de m\u00e9l\u00e8zes et neige vite stabilis\u00e9e y garantissent un ski d\u2019une qualit\u00e9 incomparable, au milieu d\u2019une faune pr\u00e9serv\u00e9e gr\u00e2ce aux Parcs du Mercantour et de l\u2019Argentera.<\/p>\n<p>245 autres itin\u00e9raires sont d\u00e9crits plus bri\u00e8rement.<br \/>\nNouvelle \u00e9dition mise \u00e0 jour 2011 !<\/p>","protected":false},"excerpt":{"rendered":"<p>Ubaye &#8211; Val Stura &#8211; Marguareis &#8211; Haut-Verdon &#8211; Haut-Var &#8211; Tin\u00e9e &#8211; V\u00e9subie &#8211; Roya Ce livre d\u00e9crit plus de 400 randonn\u00e9es \u00e0 ski de tous niveaux, r\u00e9parties autour de deux grands axes routiers : l\u2019Ubaye et l\u2019immense Val Stura italien sont d\u2019acc\u00e8s rapide par Gap, Barcelonnette et le col de Larche ; les [&#8230;]\n","protected":false},"featured_media":177415,"template":"","meta":[],"product_brand":[],"product_cat":[21540],"product_tag":[],"class_list":{"0":"post-146220","1":"product","2":"type-product","3":"status-publish","4":"has-post-thumbnail","6":"product_cat-fuehrerliteratur-alpin-winter","7":"pa_autor-cabau-galley","8":"pa_erscheinungsjahr-21610","9":"pa_region-frankreich","10":"pa_sprache-fr","12":"first","13":"outofstock","14":"taxable","15":"shipping-taxable","16":"purchasable","17":"product-type-simple"},"_links":{"self":[{"href":"https:\/\/pizbube.ch\/en\/wp-json\/wp\/v2\/product\/146220","targetHints":{"allow":["GET"]}}],"collection":[{"href":"https:\/\/pizbube.ch\/en\/wp-json\/wp\/v2\/product"}],"about":[{"href":"https:\/\/pizbube.ch\/en\/wp-json\/wp\/v2\/types\/product"}],"wp:featuredmedia":[{"embeddable":true,"href":"https:\/\/pizbube.ch\/en\/wp-json\/wp\/v2\/media\/177415"}],"wp:attachment":[{"href":"https:\/\/pizbube.ch\/en\/wp-json\/wp\/v2\/media?parent=146220"}],"wp:term":[{"taxonomy":"product_brand","embeddable":true,"href":"https:\/\/pizbube.ch\/en\/wp-json\/wp\/v2\/product_brand?post=146220"},{"taxonomy":"product_cat","embeddable":true,"href":"https:\/\/pizbube.ch\/en\/wp-json\/wp\/v2\/product_cat?post=146220"},{"taxonomy":"product_tag","embeddable":true,"href":"https:\/\/pizbube.ch\/en\/wp-json\/wp\/v2\/product_tag?post=146220"}],"curies":[{"name":"wp","href":"https:\/\/api.w.org\/{rel}","templated":true}]}}