{"id":146221,"date":"2021-01-15T10:53:26","date_gmt":"2021-01-15T10:53:26","guid":{"rendered":"https:\/\/codengine3.ch\/?product=import-placeholder-for-206345"},"modified":"2024-04-23T10:09:49","modified_gmt":"2024-04-23T08:09:49","slug":"die-ligurischen-alpen","status":"publish","type":"product","link":"https:\/\/pizbube.ch\/en\/shop\/die-ligurischen-alpen\/","title":{"rendered":"Die Ligurischen Alpen"},"content":{"rendered":"<p>Naturparkwandern zwischen Hochgebirge und Mittelmeer<\/p>\n<p>Wandern hoch \u00fcber der italienischen Riviera mit fantastischen Fern- und<br \/>\nTiefblicken.<br \/>\nDie hochalpin gepr\u00e4gten Ligurischen Alpen sind die letzte Alpengruppe vor dem<br \/>\nApennin. Schluchtartige T\u00e4ler, \u00fcber 2600 Meter hohe Kalksteinmassive,<br \/>\nKarsthochfl\u00e4chen und weite Alpgebiete charakterisieren diese Landschaft.<br \/>\nH\u00f6hepunkte der Ligurischen Alpen sind die artenreiche Flora und Fauna, die<br \/>\nKarsterscheinungen und die fantastischen Fern- und Tiefblicke. Auf<br \/>\nterrassierten Kuppen, Graten oder K\u00e4mmen liegen die geschichtstr\u00e4chtigen<br \/>\nVillages Perch\u00e9s (H\u00f6hensiedlungen).<\/p>\n<p>Die Wanderung f\u00fchrt durch ein Gebiet ohne Massentourismus \u2013 in einer Region,<br \/>\ndie stark vom Bev\u00f6lkerungsr\u00fcckgang betroffen ist. In beiden Parkgebieten<br \/>\n(Naturpark Marguareis auf der piemontesischen, Naturpark Ligurische Alpen auf<br \/>\nder ligurischen Seite) setzt man sich f\u00fcr einen sanften Wandertourismus ein,<br \/>\nden dieses Buch f\u00f6rdert und unterst\u00fctzt. Die Routen wurden in Zusammenarbeit<br \/>\nmit dem Naturpark Marguareis erarbeitet.<\/p>\n<p>Dieser F\u00fchrer beschreibt eine 12-t\u00e4gige Wanderung durch das Hochgebirge bis<br \/>\nans Mittelmeer, die leicht zu einer 4\u20136-t\u00e4gigen Rundwanderung verk\u00fcrzt und<br \/>\nauch sonst abgewandelt werden kann. Dazu alle praktischen Informationen und<br \/>\nzahlreiche vertiefende Hinweise, denn: Man sieht nur, was man wei\u00df!<\/p>","protected":false},"excerpt":{"rendered":"<p>Naturparkwandern zwischen Hochgebirge und Mittelmeer Wandern hoch \u00fcber der italienischen Riviera mit fantastischen Fern- und Tiefblicken. Die hochalpin gepr\u00e4gten Ligurischen Alpen sind die letzte Alpengruppe vor dem Apennin. Schluchtartige T\u00e4ler, \u00fcber 2600 Meter hohe Kalksteinmassive, Karsthochfl\u00e4chen und weite Alpgebiete charakterisieren diese Landschaft. H\u00f6hepunkte der Ligurischen Alpen sind die artenreiche Flora und Fauna, die Karsterscheinungen und [&#8230;]\n","protected":false},"featured_media":172659,"template":"","meta":[],"product_brand":[],"product_cat":[21605],"product_tag":[],"class_list":{"0":"post-146221","1":"product","2":"type-product","3":"status-publish","4":"has-post-thumbnail","6":"product_cat-wanderfuehrer-trekking","7":"pa_autor-baetzing-kleider","8":"pa_erscheinungsjahr-21610","9":"pa_region-italien","10":"pa_sprache-de","12":"first","13":"instock","14":"taxable","15":"shipping-taxable","16":"purchasable","17":"product-type-simple"},"_links":{"self":[{"href":"https:\/\/pizbube.ch\/en\/wp-json\/wp\/v2\/product\/146221","targetHints":{"allow":["GET"]}}],"collection":[{"href":"https:\/\/pizbube.ch\/en\/wp-json\/wp\/v2\/product"}],"about":[{"href":"https:\/\/pizbube.ch\/en\/wp-json\/wp\/v2\/types\/product"}],"wp:featuredmedia":[{"embeddable":true,"href":"https:\/\/pizbube.ch\/en\/wp-json\/wp\/v2\/media\/172659"}],"wp:attachment":[{"href":"https:\/\/pizbube.ch\/en\/wp-json\/wp\/v2\/media?parent=146221"}],"wp:term":[{"taxonomy":"product_brand","embeddable":true,"href":"https:\/\/pizbube.ch\/en\/wp-json\/wp\/v2\/product_brand?post=146221"},{"taxonomy":"product_cat","embeddable":true,"href":"https:\/\/pizbube.ch\/en\/wp-json\/wp\/v2\/product_cat?post=146221"},{"taxonomy":"product_tag","embeddable":true,"href":"https:\/\/pizbube.ch\/en\/wp-json\/wp\/v2\/product_tag?post=146221"}],"curies":[{"name":"wp","href":"https:\/\/api.w.org\/{rel}","templated":true}]}}