{"id":146225,"date":"2021-01-15T10:53:26","date_gmt":"2021-01-15T10:53:26","guid":{"rendered":"https:\/\/codengine3.ch\/?product=import-placeholder-for-200024"},"modified":"2024-02-26T14:18:23","modified_gmt":"2024-02-26T13:18:23","slug":"klaettring-i-stockholm","status":"publish","type":"product","link":"https:\/\/pizbube.ch\/en\/shop\/klaettring-i-stockholm\/","title":{"rendered":"Kl\u00e4ttring i Stockholm"},"content":{"rendered":"<p>Boken beskriver drygt 3000 kl\u00e4tterleder utspridda p\u00e5 ca 200 klippor i<br \/>\nStockholm.Sidantal: 416<\/p>\n<p>A new climbing guidebook for Stockholm in Swedish only;<br \/>\n416 pages. It contains over 3000 routes.<\/p>","protected":false},"excerpt":{"rendered":"<p>Boken beskriver drygt 3000 kl\u00e4tterleder utspridda p\u00e5 ca 200 klippor i Stockholm.Sidantal: 416 A new climbing guidebook for Stockholm in Swedish only; 416 pages. It contains over 3000 routes.<\/p>","protected":false},"featured_media":25713,"template":"","meta":[],"product_brand":[],"product_cat":[21539],"product_tag":[],"class_list":{"0":"post-146225","1":"product","2":"type-product","3":"status-publish","4":"has-post-thumbnail","6":"product_cat-fuehrerliteratur-sportklettern-bouldern","7":"pa_autor-widerberg","8":"pa_erscheinungsjahr-21546","9":"pa_region-skandinavien-norwegen-schweden-finnland","10":"pa_sprache-swed","12":"first","13":"outofstock","14":"taxable","15":"shipping-taxable","16":"purchasable","17":"product-type-simple"},"_links":{"self":[{"href":"https:\/\/pizbube.ch\/en\/wp-json\/wp\/v2\/product\/146225","targetHints":{"allow":["GET"]}}],"collection":[{"href":"https:\/\/pizbube.ch\/en\/wp-json\/wp\/v2\/product"}],"about":[{"href":"https:\/\/pizbube.ch\/en\/wp-json\/wp\/v2\/types\/product"}],"wp:featuredmedia":[{"embeddable":true,"href":"https:\/\/pizbube.ch\/en\/wp-json\/wp\/v2\/media\/25713"}],"wp:attachment":[{"href":"https:\/\/pizbube.ch\/en\/wp-json\/wp\/v2\/media?parent=146225"}],"wp:term":[{"taxonomy":"product_brand","embeddable":true,"href":"https:\/\/pizbube.ch\/en\/wp-json\/wp\/v2\/product_brand?post=146225"},{"taxonomy":"product_cat","embeddable":true,"href":"https:\/\/pizbube.ch\/en\/wp-json\/wp\/v2\/product_cat?post=146225"},{"taxonomy":"product_tag","embeddable":true,"href":"https:\/\/pizbube.ch\/en\/wp-json\/wp\/v2\/product_tag?post=146225"}],"curies":[{"name":"wp","href":"https:\/\/api.w.org\/{rel}","templated":true}]}}