{"id":146226,"date":"2021-01-15T10:53:26","date_gmt":"2021-01-15T10:53:26","guid":{"rendered":"https:\/\/codengine3.ch\/?product=import-placeholder-for-208575"},"modified":"2026-04-09T15:07:32","modified_gmt":"2026-04-09T13:07:32","slug":"vaestervik-bloc","status":"publish","type":"product","link":"https:\/\/pizbube.ch\/en\/shop\/vaestervik-bloc\/","title":{"rendered":"V\u00e4stervik &#8211; Bloc"},"content":{"rendered":"<p>Sweden &#8211; East coast bouldering Essentials<\/p>\n<p>Das Buch f\u00fcr den Boulder-Hot-Spot an der schwedischen Ostk\u00fcste.<br \/>\nDie Leckerbissen des Gebiets vom Gebietskenner und Miterschlie\u00dfer Lorenz Ulmer<br \/>\n\u00fcbersichtlich und ansprechend pr\u00e4sentiert.<br \/>\nDas Buch ist vollgepackt mit praktischen Details und jeder Menge Information,<br \/>\ndamit der Aufenthalt im Gebiet m\u00f6glichst unkompliziert wird.<\/p>\n<p>Lage: Ca. 200 km s\u00fcdlich Stockholm an der S\u00fcd-Ost-K\u00fcste Schwedens<br \/>\nKlima: Gem\u00e4\u00dfigtes Meeresklima, Bouldern ist ganzj\u00e4hrig m\u00f6glich;<br \/>\nBeste Jahreszeit: Herbst<br \/>\nFels: Verschiedene Gesteinsarten: Granit, Gneis,&#8230;<\/p>\n<p>Boulder:<br \/>\nInklusive aller Varianten etwa 800-1000 Boulder von einfach bis Fb 8b.<br \/>\nDie lohnendsten Gebiete bieten \u00fcber 400 hervorragende Boulderprobleme von Fb 3<br \/>\nbis Fb 8b<\/p>\n<p>The book for the Swedish east-coast boulder-hot-spot..<br \/>\nThe best of the area presented by the area-expert and co-developer Lorenz<br \/>\nUlmer.<br \/>\nThe book is packed with functional details and a lot of information hence the<br \/>\nstay in the area becomes easy and straightforward.<\/p>\n<p>160 pages completely in colour<br \/>\nMore than 400 boulder problems<br \/>\nPhotos of all boulders with the course of the problems in colour related to<br \/>\nthe difficulty of the problem<br \/>\nComments to many problems<br \/>\nFirst ascensionists if known<br \/>\nTick-list of the problems sorted by grade<br \/>\nTips for really worthwhile problems (star symbols)<br \/>\n70 excellent action photos<\/p>","protected":false},"excerpt":{"rendered":"<p>Sweden &#8211; East coast bouldering Essentials Das Buch f\u00fcr den Boulder-Hot-Spot an der schwedischen Ostk\u00fcste. Die Leckerbissen des Gebiets vom Gebietskenner und Miterschlie\u00dfer Lorenz Ulmer \u00fcbersichtlich und ansprechend pr\u00e4sentiert. Das Buch ist vollgepackt mit praktischen Details und jeder Menge Information, damit der Aufenthalt im Gebiet m\u00f6glichst unkompliziert wird. Lage: Ca. 200 km s\u00fcdlich Stockholm an [&#8230;]\n","protected":false},"featured_media":183782,"template":"","meta":[],"product_brand":[],"product_cat":[21539],"product_tag":[],"class_list":{"0":"post-146226","1":"product","2":"type-product","3":"status-publish","4":"has-post-thumbnail","6":"product_cat-fuehrerliteratur-sportklettern-bouldern","7":"pa_autor-ulmer","8":"pa_erscheinungsjahr-21574","9":"pa_region-skandinavien-norwegen-schweden-finnland","10":"pa_sprache-en","12":"first","13":"outofstock","14":"taxable","15":"shipping-taxable","16":"purchasable","17":"product-type-simple"},"_links":{"self":[{"href":"https:\/\/pizbube.ch\/en\/wp-json\/wp\/v2\/product\/146226","targetHints":{"allow":["GET"]}}],"collection":[{"href":"https:\/\/pizbube.ch\/en\/wp-json\/wp\/v2\/product"}],"about":[{"href":"https:\/\/pizbube.ch\/en\/wp-json\/wp\/v2\/types\/product"}],"wp:featuredmedia":[{"embeddable":true,"href":"https:\/\/pizbube.ch\/en\/wp-json\/wp\/v2\/media\/183782"}],"wp:attachment":[{"href":"https:\/\/pizbube.ch\/en\/wp-json\/wp\/v2\/media?parent=146226"}],"wp:term":[{"taxonomy":"product_brand","embeddable":true,"href":"https:\/\/pizbube.ch\/en\/wp-json\/wp\/v2\/product_brand?post=146226"},{"taxonomy":"product_cat","embeddable":true,"href":"https:\/\/pizbube.ch\/en\/wp-json\/wp\/v2\/product_cat?post=146226"},{"taxonomy":"product_tag","embeddable":true,"href":"https:\/\/pizbube.ch\/en\/wp-json\/wp\/v2\/product_tag?post=146226"}],"curies":[{"name":"wp","href":"https:\/\/api.w.org\/{rel}","templated":true}]}}