{"id":146228,"date":"2021-01-15T10:53:26","date_gmt":"2021-01-15T10:53:26","guid":{"rendered":"https:\/\/codengine3.ch\/?product=import-placeholder-for-202615"},"modified":"2026-04-09T14:29:57","modified_gmt":"2026-04-09T12:29:57","slug":"klaettring-i-goeteborg","status":"publish","type":"product","link":"https:\/\/pizbube.ch\/en\/shop\/klaettring-i-goeteborg\/","title":{"rendered":"Kl\u00e4ttring i G\u00f6teborg"},"content":{"rendered":"<p>55 areas containing 2392 routes around G\u00f6teburg in Sweden!<br \/>\nNew 4. edition of the topoguidebook<\/p>\n<p>Den andra utg\u00e5van av G\u00f6teborgsguiden omfattar 46 omr\u00e5den (11 nya) med drygt<br \/>\n1662 leder (264 nya) samlade p\u00e5 320 sidor (A5-format). Alla klippor i G\u00f6teborg<br \/>\nsamt de som ligger upp till en timmes bilf\u00e4rd fr\u00e5n G\u00f6teborg \u00e4r med i guiden.<\/p>\n<p>&nbsp;<\/p>\n<p>Das Gebiet l\u00e4sst sich in einen zentralen Teil direkt in G\u00f6teborg sowie in<br \/>\neinen n\u00f6rdlichen und einen \u00f6stlichen Teil in der N\u00e4he G\u00f6teborgs einteilen. Der<br \/>\nn\u00f6rdliche Teil um Orust bietet mehr als 100 Routen bis 25 m L\u00e4nge mehrheitlich<br \/>\nim Schwierigkeitsbereich 6b bis 7c+ die meist Bohrhaken aufweisen. Im<br \/>\n\u00f6stlichen Teil um Bor\u00e5s sind die Schwierigkeiten breiter ges\u00e4t mit Touren ab<br \/>\n4c bis 7b+, mehrheitlich um 6b+. Die mehr als 200 Routen haben L\u00e4ngen von 5<br \/>\nbis 20m. Auch hier sind die meisten Routen mit Bohrhaken versehen.<\/p>\n<p>Der zentrale Teil rund um G\u00f6teborg ist sehr abwechslungsreich mit mehr als 700<br \/>\nRouten mit bis zu 60 m L\u00e4nge. Die meisten Kletterfelsen sind sehr einfach mit<br \/>\ndem \u00f6ffentlichen Nahverkehr erreichbar.<br \/>\ninkl. vertical-life App<\/p>","protected":false},"excerpt":{"rendered":"<p>55 areas containing 2392 routes around G\u00f6teburg in Sweden! New 4. edition of the topoguidebook Den andra utg\u00e5van av G\u00f6teborgsguiden omfattar 46 omr\u00e5den (11 nya) med drygt 1662 leder (264 nya) samlade p\u00e5 320 sidor (A5-format). Alla klippor i G\u00f6teborg samt de som ligger upp till en timmes bilf\u00e4rd fr\u00e5n G\u00f6teborg \u00e4r med i guiden. [&#8230;]\n","protected":false},"featured_media":158299,"template":"","meta":[],"product_brand":[],"product_cat":[21539],"product_tag":[27409],"class_list":{"0":"post-146228","1":"product","2":"type-product","3":"status-publish","4":"has-post-thumbnail","6":"product_cat-fuehrerliteratur-sportklettern-bouldern","7":"product_tag-goeteburg","8":"pa_autor-ratajczak","9":"pa_erscheinungsjahr-25440","10":"pa_region-skandinavien-norwegen-schweden-finnland","11":"pa_sprache-en-swed","13":"first","14":"outofstock","15":"taxable","16":"shipping-taxable","17":"purchasable","18":"product-type-simple"},"_links":{"self":[{"href":"https:\/\/pizbube.ch\/en\/wp-json\/wp\/v2\/product\/146228","targetHints":{"allow":["GET"]}}],"collection":[{"href":"https:\/\/pizbube.ch\/en\/wp-json\/wp\/v2\/product"}],"about":[{"href":"https:\/\/pizbube.ch\/en\/wp-json\/wp\/v2\/types\/product"}],"wp:featuredmedia":[{"embeddable":true,"href":"https:\/\/pizbube.ch\/en\/wp-json\/wp\/v2\/media\/158299"}],"wp:attachment":[{"href":"https:\/\/pizbube.ch\/en\/wp-json\/wp\/v2\/media?parent=146228"}],"wp:term":[{"taxonomy":"product_brand","embeddable":true,"href":"https:\/\/pizbube.ch\/en\/wp-json\/wp\/v2\/product_brand?post=146228"},{"taxonomy":"product_cat","embeddable":true,"href":"https:\/\/pizbube.ch\/en\/wp-json\/wp\/v2\/product_cat?post=146228"},{"taxonomy":"product_tag","embeddable":true,"href":"https:\/\/pizbube.ch\/en\/wp-json\/wp\/v2\/product_tag?post=146228"}],"curies":[{"name":"wp","href":"https:\/\/api.w.org\/{rel}","templated":true}]}}