{"id":146250,"date":"2021-01-15T10:53:27","date_gmt":"2021-01-15T10:53:27","guid":{"rendered":"https:\/\/codengine3.ch\/?product=import-placeholder-for-200027"},"modified":"2021-01-15T10:53:32","modified_gmt":"2021-01-15T10:53:32","slug":"der-eisige-schlaf","status":"publish","type":"product","link":"https:\/\/pizbube.ch\/en\/shop\/der-eisige-schlaf\/","title":{"rendered":"Der eisige Schlaf"},"content":{"rendered":"<p>Die ber\u00fchmte Expedition des Polarforschers John Franklin, die 1845 auf der<br \/>\nSuche nach der Nordwestpassage aufbrach, endete in einer r\u00e4tselhaften<br \/>\nKatastrophe: Keiner kam zur\u00fcck. Knapp 150 Jahre sp\u00e4ter findet der Anthropologe<br \/>\nOwen Beattie im arktischen Permafrost die Leichen von drei<br \/>\nExpeditionsmitgliedern &#8211; und kommt der Wahrheit St\u00fcck f\u00fcr St\u00fcck auf die Spur.<\/p>\n<p>Jetzt scheint die L\u00f6sung eines der gr\u00f6\u00dften Mysterien der Seefahrt erstmals in<br \/>\ngreifbarer N\u00e4he zu sein: Vor der K\u00fcste Kanadas stie\u00df 2014 ein Forscherteam um<br \/>\nJohn Geiger auf eines der beiden verschollen geglaubten Schiffe der Franklin-<br \/>\nExpedition. Liegt hier der Schl\u00fcssel zu dem, was damals geschah?<\/p>","protected":false},"excerpt":{"rendered":"<p>Die ber\u00fchmte Expedition des Polarforschers John Franklin, die 1845 auf der Suche nach der Nordwestpassage aufbrach, endete in einer r\u00e4tselhaften Katastrophe: Keiner kam zur\u00fcck. Knapp 150 Jahre sp\u00e4ter findet der Anthropologe Owen Beattie im arktischen Permafrost die Leichen von drei Expeditionsmitgliedern &#8211; und kommt der Wahrheit St\u00fcck f\u00fcr St\u00fcck auf die Spur. Jetzt scheint die [&#8230;]\n","protected":false},"featured_media":25768,"template":"","meta":[],"product_brand":[],"product_cat":[21542],"product_tag":[],"class_list":{"0":"post-146250","1":"product","2":"type-product","3":"status-publish","4":"has-post-thumbnail","6":"product_cat-sachbuecher-dokumentationen","7":"pa_autor-beattie-geiger","8":"pa_erscheinungsjahr-21597","9":"pa_region-arktis-antarktis-groenland-island","10":"pa_sprache-de","12":"first","13":"instock","14":"taxable","15":"shipping-taxable","16":"purchasable","17":"product-type-simple"},"_links":{"self":[{"href":"https:\/\/pizbube.ch\/en\/wp-json\/wp\/v2\/product\/146250","targetHints":{"allow":["GET"]}}],"collection":[{"href":"https:\/\/pizbube.ch\/en\/wp-json\/wp\/v2\/product"}],"about":[{"href":"https:\/\/pizbube.ch\/en\/wp-json\/wp\/v2\/types\/product"}],"wp:featuredmedia":[{"embeddable":true,"href":"https:\/\/pizbube.ch\/en\/wp-json\/wp\/v2\/media\/25768"}],"wp:attachment":[{"href":"https:\/\/pizbube.ch\/en\/wp-json\/wp\/v2\/media?parent=146250"}],"wp:term":[{"taxonomy":"product_brand","embeddable":true,"href":"https:\/\/pizbube.ch\/en\/wp-json\/wp\/v2\/product_brand?post=146250"},{"taxonomy":"product_cat","embeddable":true,"href":"https:\/\/pizbube.ch\/en\/wp-json\/wp\/v2\/product_cat?post=146250"},{"taxonomy":"product_tag","embeddable":true,"href":"https:\/\/pizbube.ch\/en\/wp-json\/wp\/v2\/product_tag?post=146250"}],"curies":[{"name":"wp","href":"https:\/\/api.w.org\/{rel}","templated":true}]}}