{"id":146252,"date":"2021-01-15T10:53:27","date_gmt":"2021-01-15T10:53:27","guid":{"rendered":"https:\/\/codengine3.ch\/?product=import-placeholder-for-205858"},"modified":"2021-01-15T14:44:30","modified_gmt":"2021-01-15T14:44:30","slug":"eis-pole","status":"publish","type":"product","link":"https:\/\/pizbube.ch\/en\/shop\/eis-pole\/","title":{"rendered":"Eis Pole"},"content":{"rendered":"<p>Der ewige Wettlauf zum Ende der Welt.  <\/p>\n<p>Ewiges Eis, erstarrtes Leben: schon immer war das mehr als eine Metapher, denn<br \/>\nes gibt sie ja wirklich: Die Pole fernab allen Lebens, an denen das Eis<br \/>\nherrscht und der Mensch geduldeter Gast ist. In einer Zeit, in der Atom-<br \/>\nEisbrecher daunenvermummte Touristen f\u00fcr 30 Minuten auf das d\u00fcnner werdende<br \/>\nEis \u00fcber dem Nordpol entlassen, Fl\u00fcge zum S\u00fcdpol buchbar sind und auch<br \/>\ndurchschnittliche Alpinisten von Dienstleistern auf den h\u00f6chsten Punkt der<br \/>\nWelt gezerrt werden, sind die Dimensionen des Gehens im Unzug\u00e4nglichen in<br \/>\nVergessenheit geraten und es braucht einen langen Atem, eine andere Geschichte<br \/>\ndes Eises zu erz\u00e4hlen. In Eis Pole gelingt Reinhold Messner diese gro\u00dfe<br \/>\nErz\u00e4hlung souver\u00e4n.  <\/p>\n<p>Der ber\u00fchmte Bergsteiger und Grenzg\u00e4nger sp\u00fcrt dem Sog nach, der Menschen in<br \/>\ndie ungeheuren Eisw\u00fcsten, zum Nord- und S\u00fcdpol und nach der alpinistischen<br \/>\nErschlie\u00dfung der Alpen zum &#8218;dritten Pol&#8216;, den Gipfeln des Himalaya, f\u00fchrte.<br \/>\nAls exzellenter Kenner der klassischen Reiseliteratur erschlie\u00dft Messner in<br \/>\ndiesem vor Geschichten, Triumphen, Schicksalen und Trag\u00f6dien strotzenden Buch<br \/>\nnicht nur eine ungeheure Materialf\u00fclle, sondern erz\u00e4hlt die Unternehmungen,<br \/>\ndie mit Namen wie Cook, Scott oder Shackleton, Hillary, Buhl, Mallory und<br \/>\nHunderten anderer verbunden sind, wie sie noch nie erz\u00e4hlt worden sind.<br \/>\nMessner schildert den Aufbruch zum Ende der Welt atemberaubend spannend.<br \/>\nAusgiebige Zitate aus zeitgen\u00f6ssischen, modernen und Messners eigenen<br \/>\nExpeditionsberichten lassen die innere Wirklichkeit von Menschen in<br \/>\nExtremsituationen lebendig werden. Er \u00fcberblickt und durchdringt die komplexe<br \/>\nGemengelage aus Abenteuerlust, Getriebensein, wirtschaftlichen wie<br \/>\nwissenschaftlichen Interessen und nationalem Pathos, die viele Unternehmungen<br \/>\npr\u00e4gte.<br \/>\nFarb., s\/w. Fotos, Abb., Karten. 251 S.  <\/p>","protected":false},"excerpt":{"rendered":"<p>Der ewige Wettlauf zum Ende der Welt. Ewiges Eis, erstarrtes Leben: schon immer war das mehr als eine Metapher, denn es gibt sie ja wirklich: Die Pole fernab allen Lebens, an denen das Eis herrscht und der Mensch geduldeter Gast ist. In einer Zeit, in der Atom- Eisbrecher daunenvermummte Touristen f\u00fcr 30 Minuten auf das [&#8230;]\n","protected":false},"featured_media":34693,"template":"","meta":[],"product_brand":[],"product_cat":[21542],"product_tag":[],"class_list":{"0":"post-146252","1":"product","2":"type-product","3":"status-publish","4":"has-post-thumbnail","6":"product_cat-sachbuecher-dokumentationen","7":"pa_autor-messner","8":"pa_erscheinungsjahr-21693","9":"pa_region-arktis-antarktis-groenland-island","10":"pa_sprache-de","12":"first","13":"instock","14":"taxable","15":"shipping-taxable","16":"purchasable","17":"product-type-simple"},"_links":{"self":[{"href":"https:\/\/pizbube.ch\/en\/wp-json\/wp\/v2\/product\/146252","targetHints":{"allow":["GET"]}}],"collection":[{"href":"https:\/\/pizbube.ch\/en\/wp-json\/wp\/v2\/product"}],"about":[{"href":"https:\/\/pizbube.ch\/en\/wp-json\/wp\/v2\/types\/product"}],"wp:featuredmedia":[{"embeddable":true,"href":"https:\/\/pizbube.ch\/en\/wp-json\/wp\/v2\/media\/34693"}],"wp:attachment":[{"href":"https:\/\/pizbube.ch\/en\/wp-json\/wp\/v2\/media?parent=146252"}],"wp:term":[{"taxonomy":"product_brand","embeddable":true,"href":"https:\/\/pizbube.ch\/en\/wp-json\/wp\/v2\/product_brand?post=146252"},{"taxonomy":"product_cat","embeddable":true,"href":"https:\/\/pizbube.ch\/en\/wp-json\/wp\/v2\/product_cat?post=146252"},{"taxonomy":"product_tag","embeddable":true,"href":"https:\/\/pizbube.ch\/en\/wp-json\/wp\/v2\/product_tag?post=146252"}],"curies":[{"name":"wp","href":"https:\/\/api.w.org\/{rel}","templated":true}]}}