{"id":146254,"date":"2021-01-15T10:53:27","date_gmt":"2021-01-15T10:53:27","guid":{"rendered":"https:\/\/codengine3.ch\/?product=import-placeholder-for-200028"},"modified":"2021-01-15T10:53:32","modified_gmt":"2021-01-15T10:53:32","slug":"bergwelten-die-zentralbibliothek-des-schweizer-alpen-club-sac","status":"publish","type":"product","link":"https:\/\/pizbube.ch\/en\/shop\/bergwelten-die-zentralbibliothek-des-schweizer-alpen-club-sac\/","title":{"rendered":"BERGWELTEN &#8211; Die Zentralbibliothek des Schweizer Alpen-Club SAC"},"content":{"rendered":"<p>Die Bibliothek des SAC befindet sich seit 1890 in Z\u00fcrich, eingegliedert in die<br \/>\ndortige Zentralbibliothek. \u00dcber 30&#8217;000 B\u00fccher, Panoramen und Karten weist die<br \/>\nSAC-Zentralbibliothek auf und ist somit eine der gr\u00f6ssten Bergbibliotheken der<br \/>\nWelt. Nun zeigt die Clubbibliothek ausgew\u00e4hlte Sch\u00e4tze in einer feinen<br \/>\nAusstellung im Predigerchor in Z\u00fcrich.<br \/>\nDazu erscheint eine 64seitige Begleitpublikation mit 72 Abbildungen, die auch<br \/>\nals Buch allein einen Blick in die lange Geschichte der SAC-Publikationen<br \/>\nvermittelt.<\/p>\n<p>Inhalt:<br \/>\n&#8211; Ein Blick in die Geschichte der Zentralbibliothek des Schweizer Alpen-Clubs<br \/>\n(SAC) in der Zentralbibliothek Z\u00fcrich.<br \/>\n&#8211; Wahrnehmungsgeschichte eines Gebirges.<br \/>\n&#8211; Der Landschaftswandel im Wallis und seine Niederschl\u00e4ge auf Papier.<br \/>\n&#8211; Jahrb\u00fccher, Reise- und Clubf\u00fchrer als Informationsmittel f\u00fcr Touristen und<br \/>\nAlpinisten.<br \/>\n&#8211; Eine Tour durch den Nachlass von Marcel Kurz in der Zentralbibliothek des<br \/>\nSAC.<\/p>","protected":false},"excerpt":{"rendered":"<p>Die Bibliothek des SAC befindet sich seit 1890 in Z\u00fcrich, eingegliedert in die dortige Zentralbibliothek. \u00dcber 30&#8217;000 B\u00fccher, Panoramen und Karten weist die SAC-Zentralbibliothek auf und ist somit eine der gr\u00f6ssten Bergbibliotheken der Welt. Nun zeigt die Clubbibliothek ausgew\u00e4hlte Sch\u00e4tze in einer feinen Ausstellung im Predigerchor in Z\u00fcrich. Dazu erscheint eine 64seitige Begleitpublikation mit 72 [&#8230;]\n","protected":false},"featured_media":25738,"template":"","meta":[],"product_brand":[],"product_cat":[21580],"product_tag":[],"class_list":{"0":"post-146254","1":"product","2":"type-product","3":"status-publish","4":"has-post-thumbnail","6":"product_cat-kunst-kultur","7":"pa_autor-anker-hrsg","8":"pa_erscheinungsjahr-21568","9":"pa_region-schweiz","10":"pa_sprache-de","12":"first","13":"instock","14":"taxable","15":"shipping-taxable","16":"purchasable","17":"product-type-simple"},"_links":{"self":[{"href":"https:\/\/pizbube.ch\/en\/wp-json\/wp\/v2\/product\/146254","targetHints":{"allow":["GET"]}}],"collection":[{"href":"https:\/\/pizbube.ch\/en\/wp-json\/wp\/v2\/product"}],"about":[{"href":"https:\/\/pizbube.ch\/en\/wp-json\/wp\/v2\/types\/product"}],"wp:featuredmedia":[{"embeddable":true,"href":"https:\/\/pizbube.ch\/en\/wp-json\/wp\/v2\/media\/25738"}],"wp:attachment":[{"href":"https:\/\/pizbube.ch\/en\/wp-json\/wp\/v2\/media?parent=146254"}],"wp:term":[{"taxonomy":"product_brand","embeddable":true,"href":"https:\/\/pizbube.ch\/en\/wp-json\/wp\/v2\/product_brand?post=146254"},{"taxonomy":"product_cat","embeddable":true,"href":"https:\/\/pizbube.ch\/en\/wp-json\/wp\/v2\/product_cat?post=146254"},{"taxonomy":"product_tag","embeddable":true,"href":"https:\/\/pizbube.ch\/en\/wp-json\/wp\/v2\/product_tag?post=146254"}],"curies":[{"name":"wp","href":"https:\/\/api.w.org\/{rel}","templated":true}]}}