{"id":146255,"date":"2021-01-15T10:53:27","date_gmt":"2021-01-15T10:53:27","guid":{"rendered":"https:\/\/codengine3.ch\/?product=import-placeholder-for-204636"},"modified":"2023-11-08T17:37:43","modified_gmt":"2023-11-08T16:37:43","slug":"helvetia-club-150-jahre-schweizer-alpen-club-sac","status":"publish","type":"product","link":"https:\/\/pizbube.ch\/en\/shop\/helvetia-club-150-jahre-schweizer-alpen-club-sac\/","title":{"rendered":"Helvetia Club &#8211; 150 Jahre Schweizer Alpen-Club SAC"},"content":{"rendered":"<p>DAS GROSSE BUCH ZUM SAC-JUBIL\u00c4UM \u2013 UND ZUR AUSSTELLUNG IM ALPINEN MUSEUM DER<br \/>\nSCHWEIZ<\/p>\n<p>150 Jahre Schweizer Alpen-Club: unz\u00e4hlige Gipfel und Gef\u00fchle. Farbig, \u00fcberraschend, vielgestaltig, genau so wie die Schweizer Bergwelt zwischen Piz Buin, Bas\u00f2dino, Dufourspitze und La D\u00f4le. Zahlen und Fakten zum Verein, zusammengetragen und reich bebildert. Geschichte und Geschichten, Anekdoten und Ausblicke, Eintr\u00e4ge und Vortr\u00e4ge.<\/p>\n<p>35 grossformatige Portr\u00e4ts von heutigen Clubisten, aus der ganzen Schweiz, von unten und oben, zwischen zehn und hundert Jahre alt. All das in diesem Buch. Der F\u00fchrer zum Club f\u00fcr ein ganz besonderes Jahr. Und dar\u00fcber hinaus.<\/p>\n<p>280 Seiten, reich illustriert, Grossformat: 24&#215;32 cm, so gross wie ein<br \/>\nH\u00fcttenbuch!<\/p>","protected":false},"excerpt":{"rendered":"<p>DAS GROSSE BUCH ZUM SAC-JUBIL\u00c4UM \u2013 UND ZUR AUSSTELLUNG IM ALPINEN MUSEUM DER SCHWEIZ 150 Jahre Schweizer Alpen-Club: unz\u00e4hlige Gipfel und Gef\u00fchle. Farbig, \u00fcberraschend, vielgestaltig, genau so wie die Schweizer Bergwelt zwischen Piz Buin, Bas\u00f2dino, Dufourspitze und La D\u00f4le. Zahlen und Fakten zum Verein, zusammengetragen und reich bebildert. Geschichte und Geschichten, Anekdoten und Ausblicke, Eintr\u00e4ge [&#8230;]\n","protected":false},"featured_media":170302,"template":"","meta":[],"product_brand":[],"product_cat":[21542],"product_tag":[],"class_list":{"0":"post-146255","1":"product","2":"type-product","3":"status-publish","4":"has-post-thumbnail","6":"product_cat-sachbuecher-dokumentationen","7":"pa_autor-anker","8":"pa_erscheinungsjahr-21568","9":"pa_region-schweiz","10":"pa_sprache-de","12":"first","13":"instock","14":"taxable","15":"shipping-taxable","16":"purchasable","17":"product-type-simple"},"_links":{"self":[{"href":"https:\/\/pizbube.ch\/en\/wp-json\/wp\/v2\/product\/146255","targetHints":{"allow":["GET"]}}],"collection":[{"href":"https:\/\/pizbube.ch\/en\/wp-json\/wp\/v2\/product"}],"about":[{"href":"https:\/\/pizbube.ch\/en\/wp-json\/wp\/v2\/types\/product"}],"wp:featuredmedia":[{"embeddable":true,"href":"https:\/\/pizbube.ch\/en\/wp-json\/wp\/v2\/media\/170302"}],"wp:attachment":[{"href":"https:\/\/pizbube.ch\/en\/wp-json\/wp\/v2\/media?parent=146255"}],"wp:term":[{"taxonomy":"product_brand","embeddable":true,"href":"https:\/\/pizbube.ch\/en\/wp-json\/wp\/v2\/product_brand?post=146255"},{"taxonomy":"product_cat","embeddable":true,"href":"https:\/\/pizbube.ch\/en\/wp-json\/wp\/v2\/product_cat?post=146255"},{"taxonomy":"product_tag","embeddable":true,"href":"https:\/\/pizbube.ch\/en\/wp-json\/wp\/v2\/product_tag?post=146255"}],"curies":[{"name":"wp","href":"https:\/\/api.w.org\/{rel}","templated":true}]}}