{"id":146256,"date":"2021-01-15T10:53:27","date_gmt":"2021-01-15T10:53:27","guid":{"rendered":"https:\/\/codengine3.ch\/?product=import-placeholder-for-207463"},"modified":"2025-08-05T09:13:26","modified_gmt":"2025-08-05T07:13:26","slug":"die-exkursionskarten-des-schweizer-alpen-club-mit-karte-triftgebiet","status":"publish","type":"product","link":"https:\/\/pizbube.ch\/en\/shop\/die-exkursionskarten-des-schweizer-alpen-club-mit-karte-triftgebiet\/","title":{"rendered":"Die Exkursionskarten des Schweizer Alpen-Club &#8211; mit Karte Triftgebiet"},"content":{"rendered":"<p>Eine erfolgreiche Zusammenarbeit mit der Landestopographie<\/p>\n<p>SONDERHEFT MIT HERVORRAGENDEN ABBILDUNGEN ZUM WERDEGANG DER EXKURSIONSKARTEN<br \/>\nDES SAC<\/p>\n<p>2013 feiern das Bundesamt f\u00fcr Landestopografie swisstopo das 175j\u00e4hrige und<br \/>\nder Schweizer Alpen-Club das 150j\u00e4hrige Bestehen. Diese zwei bemerkenswerten<br \/>\nJubil\u00e4en sind zum Anlass genommen worden, um wichtige Ber\u00fchrungspunkte der<br \/>\nbeiden Institutionen im Rahmen der schweizerischen Kartographiegeschichte<br \/>\nn\u00e4her vorzustellen. Der SAC hat bereits ab 1863 begonnen, mit seinen<br \/>\nExkursionskarten Vorlagen f\u00fcr die sp\u00e4teren Landeskartenwerke 1:25 000 und 1:50<br \/>\n000 zu schaffen.<\/p>\n<p>Mit Beilage einer Faksimileausgabe der zweiten Exkursionskarte des SAC von<br \/>\n1864.<\/p>","protected":false},"excerpt":{"rendered":"<p>Eine erfolgreiche Zusammenarbeit mit der Landestopographie SONDERHEFT MIT HERVORRAGENDEN ABBILDUNGEN ZUM WERDEGANG DER EXKURSIONSKARTEN DES SAC 2013 feiern das Bundesamt f\u00fcr Landestopografie swisstopo das 175j\u00e4hrige und der Schweizer Alpen-Club das 150j\u00e4hrige Bestehen. Diese zwei bemerkenswerten Jubil\u00e4en sind zum Anlass genommen worden, um wichtige Ber\u00fchrungspunkte der beiden Institutionen im Rahmen der schweizerischen Kartographiegeschichte n\u00e4her vorzustellen. Der [&#8230;]\n","protected":false},"featured_media":37541,"template":"","meta":[],"product_brand":[],"product_cat":[21542],"product_tag":[],"class_list":{"0":"post-146256","1":"product","2":"type-product","3":"status-publish","4":"has-post-thumbnail","6":"product_cat-sachbuecher-dokumentationen","7":"pa_autor-rickenbacher","8":"pa_erscheinungsjahr-21621","9":"pa_region-schweiz","10":"pa_sprache-de","12":"first","13":"outofstock","14":"taxable","15":"shipping-taxable","16":"purchasable","17":"product-type-simple"},"_links":{"self":[{"href":"https:\/\/pizbube.ch\/en\/wp-json\/wp\/v2\/product\/146256","targetHints":{"allow":["GET"]}}],"collection":[{"href":"https:\/\/pizbube.ch\/en\/wp-json\/wp\/v2\/product"}],"about":[{"href":"https:\/\/pizbube.ch\/en\/wp-json\/wp\/v2\/types\/product"}],"wp:featuredmedia":[{"embeddable":true,"href":"https:\/\/pizbube.ch\/en\/wp-json\/wp\/v2\/media\/37541"}],"wp:attachment":[{"href":"https:\/\/pizbube.ch\/en\/wp-json\/wp\/v2\/media?parent=146256"}],"wp:term":[{"taxonomy":"product_brand","embeddable":true,"href":"https:\/\/pizbube.ch\/en\/wp-json\/wp\/v2\/product_brand?post=146256"},{"taxonomy":"product_cat","embeddable":true,"href":"https:\/\/pizbube.ch\/en\/wp-json\/wp\/v2\/product_cat?post=146256"},{"taxonomy":"product_tag","embeddable":true,"href":"https:\/\/pizbube.ch\/en\/wp-json\/wp\/v2\/product_tag?post=146256"}],"curies":[{"name":"wp","href":"https:\/\/api.w.org\/{rel}","templated":true}]}}