{"id":146257,"date":"2021-01-15T10:53:27","date_gmt":"2021-01-15T10:53:27","guid":{"rendered":"https:\/\/codengine3.ch\/?product=import-placeholder-for-205077"},"modified":"2021-01-15T14:38:31","modified_gmt":"2021-01-15T14:38:31","slug":"alpenverein-die-staedter-entdecken-die-alpen","status":"publish","type":"product","link":"https:\/\/pizbube.ch\/en\/shop\/alpenverein-die-staedter-entdecken-die-alpen\/","title":{"rendered":"Alpenverein &#8211; Die St\u00e4dter entdecken die Alpen"},"content":{"rendered":"<p>Was 1862 als Gr\u00fcndung von einigen Wiener Alpenfreunden begann, entwickelte<br \/>\nsich zu einem der einflussreichsten Vereine Mitteleuropas: der Deutsche und<br \/>\n\u00d6sterreichische Alpenverein. Von der Nordsee bis zum Bodensee, von der Ostsee<br \/>\nbis zur Adria gab es bald keinen gr\u00f6\u00dferen Ort ohne Alpenvereinssektion. Der<br \/>\nAlpenverein beeinflusste nicht nur das Leben und die Freizeitgestaltung seiner<br \/>\nMitglieder, sondern trug auch wesentlich zu den wirtschaftlichen und<br \/>\nsoziokulturellen Ver\u00e4nderungen in den Alpenl\u00e4ndern in der zweiten H\u00e4lfte des<br \/>\n19. und am Anfang des 20. Jahrhunderts bei. Seine Mitglieder erbauten<br \/>\nzahlreiche H\u00fctten und viele hundert Kilometer Wanderwege, trugen zur<br \/>\nwissenschaftlichen Erforschung der Alpen bei und leiteten die Ausbildung der<br \/>\nBergf\u00fchrer. Sie setzten sich auch f\u00fcr den Naturschutz ein, \u00fcbernahmen<br \/>\nwohlt\u00e4tige Aufgaben in den Gebirgst\u00e4lern, f\u00fchrten Bergrettungsdienste durch,<br \/>\nf\u00f6rderten alpine Literatur und Kunst und waren an der Entwicklung des<br \/>\nBergsports ma\u00dfgeblich beteiligt.  <\/p>\n<p>Der Alpenverein verfolgte auch ideelle Ziele. B\u00fcrgerlich, naturverbunden,<br \/>\ngro\u00dfdeutsch und kaisertreu waren seine Attribute. Bergsteigen diente als<br \/>\nGegengewicht zur sch\u00e4dlichen \u00dcberkultur in den St\u00e4dten, zur geistigen und<br \/>\nk\u00f6rperlichen Anregung, Erholung und Erfrischung und als Bew\u00e4hrungsprobe f\u00fcr<br \/>\nEntschlossenheit, Wagemut und Geistesgegenwart.  <\/p>","protected":false},"excerpt":{"rendered":"<p>Was 1862 als Gr\u00fcndung von einigen Wiener Alpenfreunden begann, entwickelte sich zu einem der einflussreichsten Vereine Mitteleuropas: der Deutsche und \u00d6sterreichische Alpenverein. Von der Nordsee bis zum Bodensee, von der Ostsee bis zur Adria gab es bald keinen gr\u00f6\u00dferen Ort ohne Alpenvereinssektion. Der Alpenverein beeinflusste nicht nur das Leben und die Freizeitgestaltung seiner Mitglieder, sondern [&#8230;]\n","protected":false},"featured_media":33673,"template":"","meta":[],"product_brand":[],"product_cat":[21542],"product_tag":[],"class_list":{"0":"post-146257","1":"product","2":"type-product","3":"status-publish","4":"has-post-thumbnail","6":"product_cat-sachbuecher-dokumentationen","7":"pa_autor-gidl","8":"pa_erscheinungsjahr-21842","9":"pa_region-oesterreich","10":"pa_sprache-de","12":"first","13":"instock","14":"taxable","15":"shipping-taxable","16":"purchasable","17":"product-type-simple"},"_links":{"self":[{"href":"https:\/\/pizbube.ch\/en\/wp-json\/wp\/v2\/product\/146257","targetHints":{"allow":["GET"]}}],"collection":[{"href":"https:\/\/pizbube.ch\/en\/wp-json\/wp\/v2\/product"}],"about":[{"href":"https:\/\/pizbube.ch\/en\/wp-json\/wp\/v2\/types\/product"}],"wp:featuredmedia":[{"embeddable":true,"href":"https:\/\/pizbube.ch\/en\/wp-json\/wp\/v2\/media\/33673"}],"wp:attachment":[{"href":"https:\/\/pizbube.ch\/en\/wp-json\/wp\/v2\/media?parent=146257"}],"wp:term":[{"taxonomy":"product_brand","embeddable":true,"href":"https:\/\/pizbube.ch\/en\/wp-json\/wp\/v2\/product_brand?post=146257"},{"taxonomy":"product_cat","embeddable":true,"href":"https:\/\/pizbube.ch\/en\/wp-json\/wp\/v2\/product_cat?post=146257"},{"taxonomy":"product_tag","embeddable":true,"href":"https:\/\/pizbube.ch\/en\/wp-json\/wp\/v2\/product_tag?post=146257"}],"curies":[{"name":"wp","href":"https:\/\/api.w.org\/{rel}","templated":true}]}}