{"id":146261,"date":"2021-01-15T10:53:27","date_gmt":"2021-01-15T10:53:27","guid":{"rendered":"https:\/\/codengine3.ch\/?product=import-placeholder-for-205253"},"modified":"2021-01-15T14:39:50","modified_gmt":"2021-01-15T14:39:50","slug":"valle-stura","status":"publish","type":"product","link":"https:\/\/pizbube.ch\/en\/shop\/valle-stura\/","title":{"rendered":"Valle Stura"},"content":{"rendered":"<p>Rundwanderung durch ein einsames Tal der piemontesischen Alpen.  <\/p>\n<p>Wandern im S\u00fcdpiemont<br \/>\nDas 50 Kilometer lange Tal der Stura di Demonte liegt knapp 100 Kilometer<br \/>\ns\u00fcdwestlich von Turin in einer der unbekanntesten Regionen der S\u00fcdwestalpen.<br \/>\nTrotz der s\u00fcdlichen Lage und der N\u00e4he zum Mittelmeer findet sich hier eine<br \/>\nsehr ausgepr\u00e4gte Hochgebirgslandschaft, die sich durch starke Gesteins- und<br \/>\nReliefkontraste (H\u00f6henlagen zwischen 3000 und 500 Metern) auszeichnet.<\/p>\n<p>Historische Wege mit eindrucksvollen Fernsichten und eine Anzahl von<br \/>\nUnterk\u00fcnften bieten ideale Voraussetzungen f\u00fcr oft einsame Wanderungen. Der<br \/>\nWanderweg &#8218;Lou Viage&#8216; kombiniert verschiedene Wege zu einer 18-t\u00e4gigen<br \/>\nRundwanderung, die alle landschaftlichen und kulturellen H\u00f6hepunkte<br \/>\nerschlie\u00dft.  <\/p>\n<p>Der Verein Lou Viage will einen sanften, angepassten Wandertourismus aufbauen,<br \/>\nder mit dazu beitragen soll, die drohende Entsiedlung dieses Tales zu stoppen.<br \/>\nDieser Wanderf\u00fchrer unterst\u00fctzt dieses Ziel und liefert alle notwendigen<br \/>\nInformationen zur Planung der Wanderung. Zahlreiche vertiefende Hintergr\u00fcnde<br \/>\n\u00f6ffnen die Augen f\u00fcr die Landschaft: Man sieht nur, was man wei\u00df!  <\/p>","protected":false},"excerpt":{"rendered":"<ul>\n<li><b>INFO: NEUAUFLAGE LAUT VERLAG GEPLANT, TERMIN UNBESTIMMT<b><\/li>\n<\/ul>","protected":false},"featured_media":33905,"template":"","meta":[],"product_brand":[],"product_cat":[21605],"product_tag":[],"class_list":{"0":"post-146261","1":"product","2":"type-product","3":"status-publish","4":"has-post-thumbnail","6":"product_cat-wanderfuehrer-trekking","7":"pa_autor-baetzing-kleider","8":"pa_erscheinungsjahr-21591","9":"pa_region-italien","10":"pa_sprache-de","12":"first","13":"outofstock","14":"taxable","15":"shipping-taxable","16":"purchasable","17":"product-type-simple"},"_links":{"self":[{"href":"https:\/\/pizbube.ch\/en\/wp-json\/wp\/v2\/product\/146261","targetHints":{"allow":["GET"]}}],"collection":[{"href":"https:\/\/pizbube.ch\/en\/wp-json\/wp\/v2\/product"}],"about":[{"href":"https:\/\/pizbube.ch\/en\/wp-json\/wp\/v2\/types\/product"}],"wp:featuredmedia":[{"embeddable":true,"href":"https:\/\/pizbube.ch\/en\/wp-json\/wp\/v2\/media\/33905"}],"wp:attachment":[{"href":"https:\/\/pizbube.ch\/en\/wp-json\/wp\/v2\/media?parent=146261"}],"wp:term":[{"taxonomy":"product_brand","embeddable":true,"href":"https:\/\/pizbube.ch\/en\/wp-json\/wp\/v2\/product_brand?post=146261"},{"taxonomy":"product_cat","embeddable":true,"href":"https:\/\/pizbube.ch\/en\/wp-json\/wp\/v2\/product_cat?post=146261"},{"taxonomy":"product_tag","embeddable":true,"href":"https:\/\/pizbube.ch\/en\/wp-json\/wp\/v2\/product_tag?post=146261"}],"curies":[{"name":"wp","href":"https:\/\/api.w.org\/{rel}","templated":true}]}}