{"id":146266,"date":"2021-01-15T10:53:33","date_gmt":"2021-01-15T10:53:33","guid":{"rendered":"https:\/\/codengine3.ch\/?product=import-placeholder-for-207334"},"modified":"2021-01-15T16:02:09","modified_gmt":"2021-01-15T16:02:09","slug":"wanderklassiker-in-den-dolomiten","status":"publish","type":"product","link":"https:\/\/pizbube.ch\/en\/shop\/wanderklassiker-in-den-dolomiten\/","title":{"rendered":"Wanderklassiker in den Dolomiten"},"content":{"rendered":"<p>40 Traumtouren durch das UNESCO-Weltnaturerbe<\/p>\n<p>Im einmaligen Wanderrevier besteht eine perfekte Infrastruktur: Seilbahnen und<br \/>\nStra\u00dfen verk\u00fcrzen die Aufstiege, das Wegenetz bietet unersch\u00f6pfliche<br \/>\nTourenm\u00f6glichkeiten und gute Bergh\u00fctten laden zur gem\u00fctlichen Rast ein.<br \/>\nEugen E. H\u00fcsler stellt die 40 sch\u00f6nsten Wanderpfade zwischen T\u00e4lern, Almen und<br \/>\nGipfeln vor.<\/p>\n<p>Dolomiten \u0096 ein Fest f\u00fcr die Augen in Formen und Farben<br \/>\nWenn es eine alpine Paraderegion gibt, dann wohl die Dolomiten. Das einmalige<br \/>\nWanderrevier rund um Langkofel, Marmolada, Drei Zinnen &#038; Co. bietet<br \/>\nunersch\u00f6pfliche Tourenm\u00f6glichkeiten, und urige Bergh\u00fctten laden zur Rast ein.<br \/>\nUnd wer es lieber gem\u00fctlich mag, verk\u00fcrzt sich mit der Seilbahn den Aufstieg.<br \/>\nLassen Sie sich verf\u00fchren von den 40 abwechslungsreichen Wanderpfaden, vielen<br \/>\nHintergrundinfos und Tipps, die buchst\u00e4blich \u00bbdurch den Magen gehen\u00ab.<\/p>","protected":false},"excerpt":{"rendered":"<p>40 Traumtouren durch das UNESCO-Weltnaturerbe Im einmaligen Wanderrevier besteht eine perfekte Infrastruktur: Seilbahnen und Stra\u00dfen verk\u00fcrzen die Aufstiege, das Wegenetz bietet unersch\u00f6pfliche Tourenm\u00f6glichkeiten und gute Bergh\u00fctten laden zur gem\u00fctlichen Rast ein. Eugen E. H\u00fcsler stellt die 40 sch\u00f6nsten Wanderpfade zwischen T\u00e4lern, Almen und Gipfeln vor. Dolomiten \u0096 ein Fest f\u00fcr die Augen in Formen und [&#8230;]\n","protected":false},"featured_media":37153,"template":"","meta":[],"product_brand":[],"product_cat":[21605],"product_tag":[],"class_list":{"0":"post-146266","1":"product","2":"type-product","3":"status-publish","4":"has-post-thumbnail","6":"product_cat-wanderfuehrer-trekking","7":"pa_autor-huesler","8":"pa_erscheinungsjahr-21550","9":"pa_region-italien","10":"pa_sprache-de","12":"first","13":"instock","14":"taxable","15":"shipping-taxable","16":"purchasable","17":"product-type-simple"},"_links":{"self":[{"href":"https:\/\/pizbube.ch\/en\/wp-json\/wp\/v2\/product\/146266","targetHints":{"allow":["GET"]}}],"collection":[{"href":"https:\/\/pizbube.ch\/en\/wp-json\/wp\/v2\/product"}],"about":[{"href":"https:\/\/pizbube.ch\/en\/wp-json\/wp\/v2\/types\/product"}],"wp:featuredmedia":[{"embeddable":true,"href":"https:\/\/pizbube.ch\/en\/wp-json\/wp\/v2\/media\/37153"}],"wp:attachment":[{"href":"https:\/\/pizbube.ch\/en\/wp-json\/wp\/v2\/media?parent=146266"}],"wp:term":[{"taxonomy":"product_brand","embeddable":true,"href":"https:\/\/pizbube.ch\/en\/wp-json\/wp\/v2\/product_brand?post=146266"},{"taxonomy":"product_cat","embeddable":true,"href":"https:\/\/pizbube.ch\/en\/wp-json\/wp\/v2\/product_cat?post=146266"},{"taxonomy":"product_tag","embeddable":true,"href":"https:\/\/pizbube.ch\/en\/wp-json\/wp\/v2\/product_tag?post=146266"}],"curies":[{"name":"wp","href":"https:\/\/api.w.org\/{rel}","templated":true}]}}