{"id":146267,"date":"2021-01-15T10:53:33","date_gmt":"2021-01-15T10:53:33","guid":{"rendered":"https:\/\/codengine3.ch\/?product=import-placeholder-for-208054"},"modified":"2024-04-11T17:30:05","modified_gmt":"2024-04-11T15:30:05","slug":"wilde-wege-dolomiten","status":"publish","type":"product","link":"https:\/\/pizbube.ch\/en\/shop\/wilde-wege-dolomiten\/","title":{"rendered":"Wilde Wege Dolomiten"},"content":{"rendered":"<p>Die ausgetretenen Pfade verlassen? Auf fast vergessenen Steigen wandern? \u00dcber<br \/>\nSchrofen und leichten Fels auf einsame Gipfel kraxeln? Das erhebende Gef\u00fchl<br \/>\nvon Urspr\u00fcnglichkeit, Abenteuer und Exklusivit\u00e4t sp\u00fcren? Das Rother Wanderbuch<br \/>\n\u00bbWilde Wege Dolomiten\u00ab beschreibt 45 Touren zwischen Brixen, Sexten und<br \/>\nBelluno, die genau das alles erm\u00f6glichen.<\/p>\n<p>Die sorgf\u00e4ltig recherchierten Touren \u2013 regional ausgewogen verteilt \u2013 sind<br \/>\nalso allesamt ungew\u00f6hnlich und nicht ganz einfach und zeichnen ein Bild von<br \/>\nden Dolomiten, wie man es vielleicht noch kaum gesehen und erlebt hat. Dabei<br \/>\nkann solch ein \u00bbWilder Weg\u00ab durchaus relativ leicht sein, wie etwa am Sentiero<br \/>\nPaola im Rosengarten oder an der Lastia di Framont hoch \u00fcber dem Cord\u00e8vole.<\/p>\n<p>Sukzessive l\u00e4sst sich der Anspruch jedoch auch steigern, wobei beim II. Grad<br \/>\nsowie gelegentlichen mittelschweren Klettersteigpassagen (etwa im Zuge alter<br \/>\nKriegspfade) eine vertr\u00e4gliche Grenze gezogen wird. Ohnehin sind es oft andere<br \/>\nMerkmale, die das Anforderungsniveau bestimmen, wenn man wie beispielsweise<br \/>\nauf der Cengia Paolina an der Tofana auf sp\u00e4rlichen Spuren \u00fcber ausgesetzte<br \/>\nB\u00e4nderrouten schleicht oder sich zuweilen mit einer verzwickten Wegf\u00fchrung<br \/>\nauseinandersetzen muss.<\/p>\n<p>Anhand ausf\u00fchrlicher Charakterisierungen hinsichtlich Art und Schwierigkeit<br \/>\nleistet dieses Buch wichtige Entscheidungshilfe und sorgt mit seinen<br \/>\ndetailreichen Routenbeschreibungen daf\u00fcr, dass Unw\u00e4gbarkeiten kalkulierbar<br \/>\nbleiben. Detaillierte Kartenausschnitte mit eingezeichnetem Routenverlauf,<br \/>\naussagekr\u00e4ftige H\u00f6henprofile mit eingetragenen Etappenpunkten sowie zum<br \/>\nDownload bereitstehende GPS-Daten erm\u00f6glichen eine effektive Planung und<br \/>\nDurchf\u00fchrung der Touren. Die zahlreichen, anschaulichen Farbfotos machen Lust,<br \/>\nsofort den Rucksack zu packen, loszuziehen und die \u00bbwilden Wege\u00ab der Dolomiten<br \/>\nselbst zu erkunden.<\/p>\n<p>1. Auflage 2018; 192 Seiten mit 169 Farbabbildungen<br \/>\n45 H\u00f6henprofile, 45 Wanderk\u00e4rtchen im Ma\u00dfstab 1:50.000, \u00dcbersichtskarte,<br \/>\nTourenmatrix, GPS-Tracks zum Download<\/p>","protected":false},"excerpt":{"rendered":"<ul>\n<li><a href=\"https:\/\/pizbube.ch\/wp-content\/uploads\/attachments\/a_028\/BEE48C18C1F1367E8FA187E31228DAFB.pdf\" target=\"_blank\" rel=\"noopener\">PDF: wilde_wege_dolomiten_inhalt.pdf<\/a><\/li>\n<\/ul>","protected":false},"featured_media":172436,"template":"","meta":[],"product_brand":[],"product_cat":[21605],"product_tag":[],"class_list":{"0":"post-146267","1":"product","2":"type-product","3":"status-publish","4":"has-post-thumbnail","6":"product_cat-wanderfuehrer-trekking","7":"pa_autor-zahel","8":"pa_erscheinungsjahr-21546","9":"pa_region-italien","10":"pa_sprache-de","12":"first","13":"instock","14":"taxable","15":"shipping-taxable","16":"purchasable","17":"product-type-simple"},"_links":{"self":[{"href":"https:\/\/pizbube.ch\/en\/wp-json\/wp\/v2\/product\/146267","targetHints":{"allow":["GET"]}}],"collection":[{"href":"https:\/\/pizbube.ch\/en\/wp-json\/wp\/v2\/product"}],"about":[{"href":"https:\/\/pizbube.ch\/en\/wp-json\/wp\/v2\/types\/product"}],"wp:featuredmedia":[{"embeddable":true,"href":"https:\/\/pizbube.ch\/en\/wp-json\/wp\/v2\/media\/172436"}],"wp:attachment":[{"href":"https:\/\/pizbube.ch\/en\/wp-json\/wp\/v2\/media?parent=146267"}],"wp:term":[{"taxonomy":"product_brand","embeddable":true,"href":"https:\/\/pizbube.ch\/en\/wp-json\/wp\/v2\/product_brand?post=146267"},{"taxonomy":"product_cat","embeddable":true,"href":"https:\/\/pizbube.ch\/en\/wp-json\/wp\/v2\/product_cat?post=146267"},{"taxonomy":"product_tag","embeddable":true,"href":"https:\/\/pizbube.ch\/en\/wp-json\/wp\/v2\/product_tag?post=146267"}],"curies":[{"name":"wp","href":"https:\/\/api.w.org\/{rel}","templated":true}]}}