{"id":146268,"date":"2021-01-15T10:53:33","date_gmt":"2021-01-15T10:53:33","guid":{"rendered":"https:\/\/codengine3.ch\/?product=import-placeholder-for-208795"},"modified":"2024-06-29T09:49:10","modified_gmt":"2024-06-29T07:49:10","slug":"vergessene-pfade-dolomiten","status":"publish","type":"product","link":"https:\/\/pizbube.ch\/en\/shop\/vergessene-pfade-dolomiten\/","title":{"rendered":"Vergessene Pfade Dolomiten"},"content":{"rendered":"<p>30 au\u00dfergew\u00f6hnliche Touren abseits des Trubels<\/p>\n<p>Auf stillen Wegen unterwegs<br \/>\nEs sind die stillen Winkel in den \u00bbBleichen Bergen\u00ab, die Einsamkeit auf<br \/>\nvergessenen oder selten begangenen Pfaden, die das Wandern in den Dolomiten zu<br \/>\neinem besonderen Erlebnis machen. Kein Mensch weit und breit, nur ein paar<br \/>\nG\u00e4msen und viel zauberhafte Natur.<\/p>\n<p>Dieser Wanderf\u00fchrer w\u00e4hlt 30 ungew\u00f6hnliche Touren in den Dolomiten aus,<br \/>\naussichtsreiche H\u00f6henwege zwischen Rosengarten und Drei Zinnen, Schlern und<br \/>\nSchiara mit intensiven Bergerlebnissen.<\/p>\n<p>160 Seiten, ca. 180 Abbildungen, Format 16,5 x 23,5 cm, Klappenbroschur mit<br \/>\nFadenheftung<\/p>","protected":false},"excerpt":{"rendered":"<p>30 au\u00dfergew\u00f6hnliche Touren abseits des Trubels Auf stillen Wegen unterwegs Es sind die stillen Winkel in den \u00bbBleichen Bergen\u00ab, die Einsamkeit auf vergessenen oder selten begangenen Pfaden, die das Wandern in den Dolomiten zu einem besonderen Erlebnis machen. Kein Mensch weit und breit, nur ein paar G\u00e4msen und viel zauberhafte Natur. Dieser Wanderf\u00fchrer w\u00e4hlt 30 [&#8230;]\n","protected":false},"featured_media":173675,"template":"","meta":[],"product_brand":[],"product_cat":[21605],"product_tag":[],"class_list":{"0":"post-146268","1":"product","2":"type-product","3":"status-publish","4":"has-post-thumbnail","6":"product_cat-wanderfuehrer-trekking","7":"pa_autor-huesler","8":"pa_erscheinungsjahr-21546","9":"pa_region-italien","10":"pa_sprache-de","12":"first","13":"instock","14":"taxable","15":"shipping-taxable","16":"purchasable","17":"product-type-simple"},"_links":{"self":[{"href":"https:\/\/pizbube.ch\/en\/wp-json\/wp\/v2\/product\/146268","targetHints":{"allow":["GET"]}}],"collection":[{"href":"https:\/\/pizbube.ch\/en\/wp-json\/wp\/v2\/product"}],"about":[{"href":"https:\/\/pizbube.ch\/en\/wp-json\/wp\/v2\/types\/product"}],"wp:featuredmedia":[{"embeddable":true,"href":"https:\/\/pizbube.ch\/en\/wp-json\/wp\/v2\/media\/173675"}],"wp:attachment":[{"href":"https:\/\/pizbube.ch\/en\/wp-json\/wp\/v2\/media?parent=146268"}],"wp:term":[{"taxonomy":"product_brand","embeddable":true,"href":"https:\/\/pizbube.ch\/en\/wp-json\/wp\/v2\/product_brand?post=146268"},{"taxonomy":"product_cat","embeddable":true,"href":"https:\/\/pizbube.ch\/en\/wp-json\/wp\/v2\/product_cat?post=146268"},{"taxonomy":"product_tag","embeddable":true,"href":"https:\/\/pizbube.ch\/en\/wp-json\/wp\/v2\/product_tag?post=146268"}],"curies":[{"name":"wp","href":"https:\/\/api.w.org\/{rel}","templated":true}]}}