{"id":146269,"date":"2021-01-15T10:53:33","date_gmt":"2021-01-15T10:53:33","guid":{"rendered":"https:\/\/codengine3.ch\/?product=import-placeholder-for-200031"},"modified":"2021-01-15T10:53:38","modified_gmt":"2021-01-15T10:53:38","slug":"wunderbar-schwerelos-zeigt-sich-die-welt-literarische-wanderungen-in-der-schweiz","status":"publish","type":"product","link":"https:\/\/pizbube.ch\/en\/shop\/wunderbar-schwerelos-zeigt-sich-die-welt-literarische-wanderungen-in-der-schweiz\/","title":{"rendered":"Wunderbar schwerelos zeigt sich die Welt &#8211; Literarische Wanderungen in der Schweiz"},"content":{"rendered":"<p>Friedrich Nietzsche auf der Lenzerheide, Max Frisch am T\u00f6di, Gertrud<br \/>\nLeutenegger im Valle di Muggio, Erich M\u00fchsam auf dem Monte Verit\u00e0, Maurice<br \/>\nChappaz an der Staumauer von Grande Dixence, Friedrich Schiller am<br \/>\nVierwaldst\u00e4ttersee, Mark Twain auf der Rigi, Hermann Hesse und Helen Meier auf<br \/>\ndem G\u00e4bris, Robert Walser in Herisau, Leo Tuor auf der Greina \u2026<\/p>\n<p>Viele Orte in der Schweiz laden dazu ein, mit Autorinnen und Schriftstellern<br \/>\nauf Wanderschaft zu gehen, ihren Werken auf Wanderungen und Spazierg\u00e4ngen<br \/>\nnachzusp\u00fcren und ganz neue, auch imagin\u00e4re R\u00e4ume zu ergr\u00fcnden. Die 22 Beitr\u00e4ge<br \/>\nder Anthologie folgen den Spuren der literarischen Texte vom B\u00fccherregal in<br \/>\ndie Landschaft und regen an zum Wandern, zum Lesen und Wiederlesen. \u00dcberdies<br \/>\nliefert das Buch die notwendigen praktischen Informationen, um die Wanderungen<br \/>\nzu planen und Wege und Stege unter die F\u00fc\u00dfe zu nehmen.<\/p>\n<p>344 Seiten, 20.4 \u00d7 13.5 cm, Flexcover;<br \/>\nMit Routenskizzen und Serviceteil, Zahlreiche Schwarz-Wei\u00df- und historische<br \/>\nFotos  <\/p>","protected":false},"excerpt":{"rendered":"<p>Friedrich Nietzsche auf der Lenzerheide, Max Frisch am T\u00f6di, Gertrud Leutenegger im Valle di Muggio, Erich M\u00fchsam auf dem Monte Verit\u00e0, Maurice Chappaz an der Staumauer von Grande Dixence, Friedrich Schiller am Vierwaldst\u00e4ttersee, Mark Twain auf der Rigi, Hermann Hesse und Helen Meier auf dem G\u00e4bris, Robert Walser in Herisau, Leo Tuor auf der Greina [&#8230;]\n","protected":false},"featured_media":25729,"template":"","meta":[],"product_brand":[],"product_cat":[21605],"product_tag":[],"class_list":{"0":"post-146269","1":"product","2":"type-product","3":"status-publish","4":"has-post-thumbnail","6":"product_cat-wanderfuehrer-trekking","7":"pa_autor-simmen","8":"pa_erscheinungsjahr-21546","9":"pa_region-schweiz","10":"pa_sprache-de","12":"first","13":"instock","14":"taxable","15":"shipping-taxable","16":"purchasable","17":"product-type-simple"},"_links":{"self":[{"href":"https:\/\/pizbube.ch\/en\/wp-json\/wp\/v2\/product\/146269","targetHints":{"allow":["GET"]}}],"collection":[{"href":"https:\/\/pizbube.ch\/en\/wp-json\/wp\/v2\/product"}],"about":[{"href":"https:\/\/pizbube.ch\/en\/wp-json\/wp\/v2\/types\/product"}],"wp:featuredmedia":[{"embeddable":true,"href":"https:\/\/pizbube.ch\/en\/wp-json\/wp\/v2\/media\/25729"}],"wp:attachment":[{"href":"https:\/\/pizbube.ch\/en\/wp-json\/wp\/v2\/media?parent=146269"}],"wp:term":[{"taxonomy":"product_brand","embeddable":true,"href":"https:\/\/pizbube.ch\/en\/wp-json\/wp\/v2\/product_brand?post=146269"},{"taxonomy":"product_cat","embeddable":true,"href":"https:\/\/pizbube.ch\/en\/wp-json\/wp\/v2\/product_cat?post=146269"},{"taxonomy":"product_tag","embeddable":true,"href":"https:\/\/pizbube.ch\/en\/wp-json\/wp\/v2\/product_tag?post=146269"}],"curies":[{"name":"wp","href":"https:\/\/api.w.org\/{rel}","templated":true}]}}