{"id":146270,"date":"2021-01-15T10:53:33","date_gmt":"2021-01-15T10:53:33","guid":{"rendered":"https:\/\/codengine3.ch\/?product=import-placeholder-for-200457"},"modified":"2021-01-15T10:57:47","modified_gmt":"2021-01-15T10:57:47","slug":"sonnenluefte-atmen-literarische-wanderungen-in-der-ostschweiz","status":"publish","type":"product","link":"https:\/\/pizbube.ch\/en\/shop\/sonnenluefte-atmen-literarische-wanderungen-in-der-ostschweiz\/","title":{"rendered":"Sonnenl\u00fcfte atmen &#8211; Literarische Wanderungen in der Ostschweiz"},"content":{"rendered":"<p>Appenzell &#8211; St. Gallen &#8211; Alpstein<\/p>\n<p>15 Wanderungen und \u00fcber 50 Autorinnen und Autoren. Ihren Werken folgt dieses<br \/>\nBuch vom B\u00fccherschrank hinaus in die Landschaft.<br \/>\nSonnenlufte atmen<\/p>\n<p>Mit Routenskizzen und Serviceteil, 362 Seiten<\/p>\n<p>Mit Hermann Hesse auf den G\u00e4bris, mit Peter Weber zu den Thurf\u00e4llen, mit<br \/>\nRobert Walser \u00fcber die Wachtenegg, mit Regina Ullmann zu den drei Weieren bei<br \/>\nSt. Gallen. Das sind einige der \u00bbDichterpfade\u00ab, denen Christa und Emil Zopfi<br \/>\nauf ihren Wanderungen nachsp\u00fcren. Sie folgen auch Wegen, die an tragische<br \/>\nSchicksale erinnern: an die Enthauptung des Raubm\u00f6rders Schl\u00e4pfer auf dem<br \/>\nRichtplatz von Trogen oder die Hinrichtung des Landesverr\u00e4ters Ernst S. in<br \/>\neinem Wald bei Bisacht, an den Mord am Wetterwartehepaar Haas auf dem<br \/>\nS\u00e4ntisgipfel oder an den Absturz eines Waldarbeiters am Fu\u00df der Kreuzberge.  <\/p>\n<p>Wir erfahren vom harten Los der Bauernfamilien und der Heimarbeiter der<br \/>\nStickereiindustrie aus den Werken von Elisabeth Gerter, Ulrich Br\u00e4ker, Verena<br \/>\nStark und Frieda Hartmann. Aber auch der Humor kommt nicht zu kurz, etwa in<br \/>\nder Erz\u00e4hlung \u00bbDie Molkenkur\u00ab von Ulrich Hegner.  <\/p>\n<p>Die f\u00fcnfzehn Wanderungen mit Bez\u00fcgen zu \u00fcber f\u00fcnfzig Autorinnen und Autoren<br \/>\nund ihren Werken sind mit \u00f6ffentlichen Verkehrsmitteln erreichbar und in einem<br \/>\nTag durchf\u00fchrbar, k\u00f6nnen aber auch zu mehrt\u00e4gigen Touren verbunden werden.<\/p>","protected":false},"excerpt":{"rendered":"<p>Appenzell &#8211; St. Gallen &#8211; Alpstein 15 Wanderungen und \u00fcber 50 Autorinnen und Autoren. Ihren Werken folgt dieses Buch vom B\u00fccherschrank hinaus in die Landschaft. Sonnenlufte atmen Mit Routenskizzen und Serviceteil, 362 Seiten Mit Hermann Hesse auf den G\u00e4bris, mit Peter Weber zu den Thurf\u00e4llen, mit Robert Walser \u00fcber die Wachtenegg, mit Regina Ullmann zu [&#8230;]\n","protected":false},"featured_media":26944,"template":"","meta":[],"product_brand":[],"product_cat":[21605],"product_tag":[],"class_list":{"0":"post-146270","1":"product","2":"type-product","3":"status-publish","4":"has-post-thumbnail","6":"product_cat-wanderfuehrer-trekking","7":"pa_autor-zopfi","8":"pa_erscheinungsjahr-21574","9":"pa_region-schweiz","10":"pa_sprache-de","12":"first","13":"instock","14":"taxable","15":"shipping-taxable","16":"purchasable","17":"product-type-simple"},"_links":{"self":[{"href":"https:\/\/pizbube.ch\/en\/wp-json\/wp\/v2\/product\/146270","targetHints":{"allow":["GET"]}}],"collection":[{"href":"https:\/\/pizbube.ch\/en\/wp-json\/wp\/v2\/product"}],"about":[{"href":"https:\/\/pizbube.ch\/en\/wp-json\/wp\/v2\/types\/product"}],"wp:featuredmedia":[{"embeddable":true,"href":"https:\/\/pizbube.ch\/en\/wp-json\/wp\/v2\/media\/26944"}],"wp:attachment":[{"href":"https:\/\/pizbube.ch\/en\/wp-json\/wp\/v2\/media?parent=146270"}],"wp:term":[{"taxonomy":"product_brand","embeddable":true,"href":"https:\/\/pizbube.ch\/en\/wp-json\/wp\/v2\/product_brand?post=146270"},{"taxonomy":"product_cat","embeddable":true,"href":"https:\/\/pizbube.ch\/en\/wp-json\/wp\/v2\/product_cat?post=146270"},{"taxonomy":"product_tag","embeddable":true,"href":"https:\/\/pizbube.ch\/en\/wp-json\/wp\/v2\/product_tag?post=146270"}],"curies":[{"name":"wp","href":"https:\/\/api.w.org\/{rel}","templated":true}]}}