{"id":146271,"date":"2021-01-15T10:53:33","date_gmt":"2021-01-15T10:53:33","guid":{"rendered":"https:\/\/codengine3.ch\/?product=import-placeholder-for-203308"},"modified":"2023-07-04T18:22:11","modified_gmt":"2023-07-04T16:22:11","slug":"hoehen-tiefen-zauberberge","status":"publish","type":"product","link":"https:\/\/pizbube.ch\/en\/shop\/hoehen-tiefen-zauberberge\/","title":{"rendered":"H\u00f6hen, Tiefen, Zauberberge"},"content":{"rendered":"<p>Graub\u00fcnden als traditionelles Transit- und Passland hat fr\u00fch schon Literaten und K\u00fcnstler angezogen \u2013 und jene, die etwas l\u00e4nger blieben, in Bann gezogen. Auf ihrer Italienreise haben viele die B\u00fcndner Ost-West- und Nord-S\u00fcd-P\u00e4sse traversiert. So kommen Viamala- und Rofflaschlucht, der Spl\u00fcgenpass, die \u00bbMaloja\u2013Chiavenna-Drift\u00ab in zahlreichen Reiseschilderungen zu Ehren.<\/p>\n<p>Mit der Fremdenindustrie finden weitere Orte und Talschaften ihren Niederschlag im Schaffen der Dichter und Denker. Zu diesen geh\u00f6ren ber\u00fchmte Namen wie Friedrich Nietzsche und Conrad Ferdinand Meyer. Sp\u00e4ter schafften es die Lungenkurorte Arosa und Davos in die Weltliteratur. Am bekanntesten ist hier sicher Thomas Manns Zauberberg. Doch nicht nur Durchreisende, G\u00e4ste und Patienten, sondern auch einheimische Autorinnen und Autoren haben im dreisprachigen Kanton eine eindr\u00fcckliche Anzahl Werke hervorgebracht. Dieser reiche Fundus deutschsprachiger, r\u00e4toromanischer und italienischer Literatur aus und \u00fcber Graub\u00fcnden bildet den Ausgangspunkt f\u00fcr 30 literarische Wanderungen im \u00bbLand der 150 T\u00e4ler\u00ab.<\/p>\n<p>Die literarische Spurenlese regt einerseits an, bekannte und unbekannte literarische Werke wieder zu lesen oder zu entdecken, und anderseits wandernd Einblicke in Kultur und Landschaft des heutigen Graub\u00fcnden zu gewinnen.<\/p>\n<p>&nbsp;<\/p>\n<p>416 Seiten, 20.4 \u00d7 13.5 cm, Klappenbroschur<br \/>\n2. Auflage<\/p>","protected":false},"excerpt":{"rendered":"<p>Graub\u00fcnden als traditionelles Transit- und Passland hat fr\u00fch schon Literaten und K\u00fcnstler angezogen \u2013 und jene, die etwas l\u00e4nger blieben, in Bann gezogen. Auf ihrer Italienreise haben viele die B\u00fcndner Ost-West- und Nord-S\u00fcd-P\u00e4sse traversiert. So kommen Viamala- und Rofflaschlucht, der Spl\u00fcgenpass, die \u00bbMaloja\u2013Chiavenna-Drift\u00ab in zahlreichen Reiseschilderungen zu Ehren. Mit der Fremdenindustrie finden weitere Orte und [&#8230;]\n","protected":false},"featured_media":168429,"template":"","meta":[],"product_brand":[],"product_cat":[21605],"product_tag":[],"class_list":{"0":"post-146271","1":"product","2":"type-product","3":"status-publish","4":"has-post-thumbnail","6":"product_cat-wanderfuehrer-trekking","7":"pa_autor-bellasi","8":"pa_erscheinungsjahr-21830","9":"pa_region-schweiz","10":"pa_sprache-de","12":"first","13":"instock","14":"taxable","15":"shipping-taxable","16":"purchasable","17":"product-type-simple"},"_links":{"self":[{"href":"https:\/\/pizbube.ch\/en\/wp-json\/wp\/v2\/product\/146271","targetHints":{"allow":["GET"]}}],"collection":[{"href":"https:\/\/pizbube.ch\/en\/wp-json\/wp\/v2\/product"}],"about":[{"href":"https:\/\/pizbube.ch\/en\/wp-json\/wp\/v2\/types\/product"}],"wp:featuredmedia":[{"embeddable":true,"href":"https:\/\/pizbube.ch\/en\/wp-json\/wp\/v2\/media\/168429"}],"wp:attachment":[{"href":"https:\/\/pizbube.ch\/en\/wp-json\/wp\/v2\/media?parent=146271"}],"wp:term":[{"taxonomy":"product_brand","embeddable":true,"href":"https:\/\/pizbube.ch\/en\/wp-json\/wp\/v2\/product_brand?post=146271"},{"taxonomy":"product_cat","embeddable":true,"href":"https:\/\/pizbube.ch\/en\/wp-json\/wp\/v2\/product_cat?post=146271"},{"taxonomy":"product_tag","embeddable":true,"href":"https:\/\/pizbube.ch\/en\/wp-json\/wp\/v2\/product_tag?post=146271"}],"curies":[{"name":"wp","href":"https:\/\/api.w.org\/{rel}","templated":true}]}}