{"id":146272,"date":"2021-01-15T10:53:33","date_gmt":"2021-01-15T10:53:33","guid":{"rendered":"https:\/\/codengine3.ch\/?product=import-placeholder-for-204620"},"modified":"2021-01-15T14:34:55","modified_gmt":"2021-01-15T14:34:55","slug":"es-laechelt-der-see-literarische-wanderungen-in-der-zentralschweiz","status":"publish","type":"product","link":"https:\/\/pizbube.ch\/en\/shop\/es-laechelt-der-see-literarische-wanderungen-in-der-zentralschweiz\/","title":{"rendered":"Es l\u00e4chelt der See &#8211; Literarische Wanderungen in der Zentralschweiz"},"content":{"rendered":"<p>Bu\u0308hne aus Fels, Wasser, Wald und Himmel  <\/p>\n<p>Die Zentralschweiz ist eine literarische Landschaft von unglaublichem<br \/>\nReichtum. In zahllosen Werken wird die teils raue, teils liebliche Gegend<br \/>\nzwischen Vierwaldst\u00e4ttersee und Gotthard zum Schauplatz aufregender<br \/>\nGeschichten: August Strindberg gelingt es, mythische Stimmungen mit der<br \/>\ngrellen Realit\u00e4t des Gotthardtunnelbaus zu verschmelzen, Thomas H\u00fcrlimann und<br \/>\nTim Krohn loten die Tiefen des Zugersees aus, w\u00e4hrend F. Scott Fitzgerald nur<br \/>\nkurz Station macht, Friedrich Schiller imaginiert von seinem Weimarer<br \/>\nSchreibtisch aus eine \u00dcberquerung des Surenenpasses, Meinrad Inglin versetzt<br \/>\nuns rund um Schwyz zur\u00fcck in die Zeit der V\u00f6lkerwanderungen, mit F. H.<br \/>\nAchermann erleben wir einen Wildh\u00fcter-Wilderer-Showdown am Schwalmis, C\u00e9cile<br \/>\nLauber und Gertrud Leutenegger verfremden den Urnersee auf poetische Weise,<br \/>\nund Christina Viragh scheint auf Heinrich Federer zu antworten, wenn beide<br \/>\n\u00fcber den Pilatus schreiben und dem Luzerner Hausberg noch mehr<br \/>\nR\u00e4tselhaftigkeit verleihen, als er ohnehin besitzt.  <\/p>\n<p>15 literarische Wanderungen er\u00f6ffnen ungeahnte Zug\u00e4nge zu diesen erz\u00e4hlten<br \/>\nWelten. Die Spuren f\u00fchren in Bergt\u00e4ler, zu Wasserf\u00e4llen, auf Alpwiesen, \u00fcber<br \/>\nP\u00e4sse und zu Seeufern, in Kavernen und Stollen.<br \/>\n448 Seiten, Farbfotos, \u00dcbersichtskarte und Serviceteil<\/p>","protected":false},"excerpt":{"rendered":"<p>Bu\u0308hne aus Fels, Wasser, Wald und Himmel Die Zentralschweiz ist eine literarische Landschaft von unglaublichem Reichtum. In zahllosen Werken wird die teils raue, teils liebliche Gegend zwischen Vierwaldst\u00e4ttersee und Gotthard zum Schauplatz aufregender Geschichten: August Strindberg gelingt es, mythische Stimmungen mit der grellen Realit\u00e4t des Gotthardtunnelbaus zu verschmelzen, Thomas H\u00fcrlimann und Tim Krohn loten die [&#8230;]\n","protected":false},"featured_media":32818,"template":"","meta":[],"product_brand":[],"product_cat":[21605],"product_tag":[],"class_list":{"0":"post-146272","1":"product","2":"type-product","3":"status-publish","4":"has-post-thumbnail","6":"product_cat-wanderfuehrer-trekking","7":"pa_autor-piatti","8":"pa_erscheinungsjahr-21568","9":"pa_region-schweiz","10":"pa_sprache-de","12":"first","13":"instock","14":"taxable","15":"shipping-taxable","16":"purchasable","17":"product-type-simple"},"_links":{"self":[{"href":"https:\/\/pizbube.ch\/en\/wp-json\/wp\/v2\/product\/146272","targetHints":{"allow":["GET"]}}],"collection":[{"href":"https:\/\/pizbube.ch\/en\/wp-json\/wp\/v2\/product"}],"about":[{"href":"https:\/\/pizbube.ch\/en\/wp-json\/wp\/v2\/types\/product"}],"wp:featuredmedia":[{"embeddable":true,"href":"https:\/\/pizbube.ch\/en\/wp-json\/wp\/v2\/media\/32818"}],"wp:attachment":[{"href":"https:\/\/pizbube.ch\/en\/wp-json\/wp\/v2\/media?parent=146272"}],"wp:term":[{"taxonomy":"product_brand","embeddable":true,"href":"https:\/\/pizbube.ch\/en\/wp-json\/wp\/v2\/product_brand?post=146272"},{"taxonomy":"product_cat","embeddable":true,"href":"https:\/\/pizbube.ch\/en\/wp-json\/wp\/v2\/product_cat?post=146272"},{"taxonomy":"product_tag","embeddable":true,"href":"https:\/\/pizbube.ch\/en\/wp-json\/wp\/v2\/product_tag?post=146272"}],"curies":[{"name":"wp","href":"https:\/\/api.w.org\/{rel}","templated":true}]}}