{"id":146273,"date":"2021-01-15T10:53:33","date_gmt":"2021-01-15T10:53:33","guid":{"rendered":"https:\/\/codengine3.ch\/?product=import-placeholder-for-208588"},"modified":"2021-01-15T17:55:40","modified_gmt":"2021-01-15T17:55:40","slug":"sehnsucht-nach-den-gruenen-hoehen","status":"publish","type":"product","link":"https:\/\/pizbube.ch\/en\/shop\/sehnsucht-nach-den-gruenen-hoehen\/","title":{"rendered":"Sehnsucht nach den gr\u00fcnen H\u00f6hen"},"content":{"rendered":"<p>Literarische Wanderungen zwischen Pfannenstiel, Churfirsten und T\u00f6di<\/p>\n<p>Literatur erwandern und erleben<\/p>\n<p>Wo Anna G\u00f6ldin zur Richtst\u00e4tte schritt, wo Max Frisch in einen Bergbach fiel,<br \/>\nwo Jakob Stutz eine Dichterschule f\u00fchrte, wo Siedler ein Gottesreich auf Erden<br \/>\nerrichten wollten, wo eine Walserin aus dem Calfeisental mit einem Kuss ihr<br \/>\nGl\u00fcck verscherzte, wo Ludwig Hohl auf wilden Klettereien den Ruf zum Dichter<br \/>\nempfing, wo Tim Krohns Vreneli auf dem Gletscher \u00bbBl\u00fcemli bislete\u00ab: An diesen<br \/>\nund weiteren Orten kommen wir vorbei, wenn wir H\u00fcgel, T\u00e4ler, Ebenen, Seeufer<br \/>\nund Berggebiete zwischen Schnebelhorn, Churfirsten und T\u00f6di auf den Spuren von<br \/>\nAutorinnen und Autoren durchstreifen.<br \/>\nDabei erleben wir ihre Geschichten, Empfindungen und Erinnerungen auf Schritt<br \/>\nund Tritt. Zum Beispiel auf einem Spaziergang \u00fcber den Pfannenstiel, einer<br \/>\nRapperswiler Stadtwanderung, auf Wanderwegen \u00fcber die Z\u00fcrcher Oberl\u00e4nder<br \/>\nH\u00f6hen, Sagenpfaden im Sarganserland oder steilen Aufstiegen in den Glarner<br \/>\nBergen.<br \/>\nDie siebzehn literarischen Wanderungen mit Bez\u00fcgen zu \u00fcber f\u00fcnfzig Autorinnen<br \/>\nund Autoren sind alle mit \u00f6ffentlichen Verkehrsmitteln erreichbar, die meisten<br \/>\nsind Tageswanderungen, k\u00f6nnen aber zu zwei- oder dreit\u00e4gigen Touren verbunden<br \/>\nwerden.<\/p>","protected":false},"excerpt":{"rendered":"<p>Literarische Wanderungen zwischen Pfannenstiel, Churfirsten und T\u00f6di Literatur erwandern und erleben Wo Anna G\u00f6ldin zur Richtst\u00e4tte schritt, wo Max Frisch in einen Bergbach fiel, wo Jakob Stutz eine Dichterschule f\u00fchrte, wo Siedler ein Gottesreich auf Erden errichten wollten, wo eine Walserin aus dem Calfeisental mit einem Kuss ihr Gl\u00fcck verscherzte, wo Ludwig Hohl auf wilden [&#8230;]\n","protected":false},"featured_media":40626,"template":"","meta":[],"product_brand":[],"product_cat":[21605],"product_tag":[],"class_list":{"0":"post-146273","1":"product","2":"type-product","3":"status-publish","4":"has-post-thumbnail","6":"product_cat-wanderfuehrer-trekking","7":"pa_autor-zopfi","8":"pa_erscheinungsjahr-21550","9":"pa_region-schweiz","10":"pa_sprache-de","12":"first","13":"instock","14":"taxable","15":"shipping-taxable","16":"purchasable","17":"product-type-simple"},"_links":{"self":[{"href":"https:\/\/pizbube.ch\/en\/wp-json\/wp\/v2\/product\/146273","targetHints":{"allow":["GET"]}}],"collection":[{"href":"https:\/\/pizbube.ch\/en\/wp-json\/wp\/v2\/product"}],"about":[{"href":"https:\/\/pizbube.ch\/en\/wp-json\/wp\/v2\/types\/product"}],"wp:featuredmedia":[{"embeddable":true,"href":"https:\/\/pizbube.ch\/en\/wp-json\/wp\/v2\/media\/40626"}],"wp:attachment":[{"href":"https:\/\/pizbube.ch\/en\/wp-json\/wp\/v2\/media?parent=146273"}],"wp:term":[{"taxonomy":"product_brand","embeddable":true,"href":"https:\/\/pizbube.ch\/en\/wp-json\/wp\/v2\/product_brand?post=146273"},{"taxonomy":"product_cat","embeddable":true,"href":"https:\/\/pizbube.ch\/en\/wp-json\/wp\/v2\/product_cat?post=146273"},{"taxonomy":"product_tag","embeddable":true,"href":"https:\/\/pizbube.ch\/en\/wp-json\/wp\/v2\/product_tag?post=146273"}],"curies":[{"name":"wp","href":"https:\/\/api.w.org\/{rel}","templated":true}]}}