{"id":146275,"date":"2021-01-15T10:53:33","date_gmt":"2021-01-15T10:53:33","guid":{"rendered":"https:\/\/codengine3.ch\/?product=import-placeholder-for-207894"},"modified":"2021-01-15T16:59:46","modified_gmt":"2021-01-15T16:59:46","slug":"berge-ein-lichtung-lesebuch","status":"publish","type":"product","link":"https:\/\/pizbube.ch\/en\/shop\/berge-ein-lichtung-lesebuch\/","title":{"rendered":"Berge &#8211; Ein Lichtung-Lesebuch"},"content":{"rendered":"<p>Mit verschiedenen Aspekten zum Thema \u201eBerge\u201c haben sich die 25 Autoren in<br \/>\ndiesem Lesebuch literarisch besch\u00e4ftigt. In Gedichten, Kurzgeschichten und<br \/>\nProsatexten f\u00fchren sie den Leser in die Berge des Bayerischen Waldes, des<br \/>\nAlpenvorlandes, manchmal auch dar\u00fcber hinaus.  <\/p>\n<p>Lassen Sie sich mitnehmen zu literarischen Wanderungen auf den Lusen, den<br \/>\nOsser oder den Arber, aber auch auf unbekanntere Erhebungen wie den Gallner im<br \/>\nBayerwald. Kommen Sie mit auf den Teisenberg oder den Zinnkopf im Alpenvorland<br \/>\nund wagen Sie sich in die Steilwand in den Dolomiten. Singen Sie ein<br \/>\nWanderlied, geraten Sie in ein Schneegest\u00f6ber, lassen Sie sich nieder vor<br \/>\neiner Sennh\u00fctte oder einer R\u00e4uberh\u00f6hle.<\/p>\n<p>Nicht immer waren Berge leicht erreichbar, doch heute sind sie f\u00fcr alle da.<br \/>\nF\u00fcr manche sind sie mystische Sehnsuchtsorte, an denen sie die Natur erfahren<br \/>\nund entr\u00fcckt von Ort und Zeit sind. Anderen vermittelt eine Gipfelbesteigung<br \/>\ndas Erfolgsgef\u00fchl, ein Ziel durch eigene Anstrengung erreicht zu haben. Damit<br \/>\neinher geht leider auch oft, dass Berge untersch\u00e4tzt und ausgebeutet werden.<br \/>\nIhren individuellen Bezug zu Berge beschreiben die Autoren in diesem Buch.<\/p>\n<p>mit Texten von:<br \/>\nHerbert Becker, Joseph Berlinger, Manfred B\u00f6ckl, Friedrich Brandl, Tom Dauer,<br \/>\nUlrich Effenhauser, Lucia Goldbach, Marianne Gradl-Grams, J\u00f6rg Graser,<br \/>\nFriedrich Hirschl, Marianne Hofmann, Gerd Holzheimer, Alexander Huber, Claus<br \/>\nKappl, Anton Kirchmair, Armin Kratzert, Eberhard Kreuzer, Ludwig Langwieder,<br \/>\nKarin Michalke, Karl-Heinz Reimeier, Werner Schmidbauer, Albert Sigl, Bernhard<br \/>\nStra\u00dfer, Franziska Wanninger, Anna Wheill  <\/p>","protected":false},"excerpt":{"rendered":"<p>Mit verschiedenen Aspekten zum Thema \u201eBerge\u201c haben sich die 25 Autoren in diesem Lesebuch literarisch besch\u00e4ftigt. In Gedichten, Kurzgeschichten und Prosatexten f\u00fchren sie den Leser in die Berge des Bayerischen Waldes, des Alpenvorlandes, manchmal auch dar\u00fcber hinaus. Lassen Sie sich mitnehmen zu literarischen Wanderungen auf den Lusen, den Osser oder den Arber, aber auch auf [&#8230;]\n","protected":false},"featured_media":38801,"template":"","meta":[],"product_brand":[],"product_cat":[21629],"product_tag":[],"class_list":{"0":"post-146275","1":"product","2":"type-product","3":"status-publish","4":"has-post-thumbnail","6":"product_cat-belletristik","7":"pa_autor-poeschl-bauernfeind","8":"pa_erscheinungsjahr-21546","9":"pa_region-deutschland","10":"pa_sprache-de","12":"first","13":"instock","14":"taxable","15":"shipping-taxable","16":"purchasable","17":"product-type-simple"},"_links":{"self":[{"href":"https:\/\/pizbube.ch\/en\/wp-json\/wp\/v2\/product\/146275","targetHints":{"allow":["GET"]}}],"collection":[{"href":"https:\/\/pizbube.ch\/en\/wp-json\/wp\/v2\/product"}],"about":[{"href":"https:\/\/pizbube.ch\/en\/wp-json\/wp\/v2\/types\/product"}],"wp:featuredmedia":[{"embeddable":true,"href":"https:\/\/pizbube.ch\/en\/wp-json\/wp\/v2\/media\/38801"}],"wp:attachment":[{"href":"https:\/\/pizbube.ch\/en\/wp-json\/wp\/v2\/media?parent=146275"}],"wp:term":[{"taxonomy":"product_brand","embeddable":true,"href":"https:\/\/pizbube.ch\/en\/wp-json\/wp\/v2\/product_brand?post=146275"},{"taxonomy":"product_cat","embeddable":true,"href":"https:\/\/pizbube.ch\/en\/wp-json\/wp\/v2\/product_cat?post=146275"},{"taxonomy":"product_tag","embeddable":true,"href":"https:\/\/pizbube.ch\/en\/wp-json\/wp\/v2\/product_tag?post=146275"}],"curies":[{"name":"wp","href":"https:\/\/api.w.org\/{rel}","templated":true}]}}