{"id":146276,"date":"2021-01-15T10:53:33","date_gmt":"2021-01-15T10:53:33","guid":{"rendered":"https:\/\/codengine3.ch\/?product=import-placeholder-for-200032"},"modified":"2022-10-15T09:22:24","modified_gmt":"2022-10-15T07:22:24","slug":"binntal-veglia-devero","status":"publish","type":"product","link":"https:\/\/pizbube.ch\/en\/shop\/binntal-veglia-devero\/","title":{"rendered":"Binntal &#8211; Veglia &#8211; Devero"},"content":{"rendered":"<p>Naturpark-Wandern ohne Grenzen zwischen Wallis und Piemont<\/p>\n<p>Die regionalen Naturp\u00e4rke Binntal (Schweiz) sowie Alpe Veglia und Alpe Devero<br \/>\n(Italien) bieten grenzu\u0308berschreitendes Wandervergnu\u0308gen zu allen<br \/>\nJahreszeiten.<br \/>\nWo sich Wallis und Piemont beru\u0308hren:<br \/>\nDie Alpe Veglia und Alpe Devero in der Valle d&#8217;Ossola (Piemont) geh\u00f6ren heute<br \/>\nzusammen mit dem Binntal im Goms (Wallis) zu den intaktesten Regionen des<br \/>\nAlpenraums, fernab der gro\u00dfen Tourismusstr\u00f6me und Transitachsen. Dabei war der<br \/>\nAlbrun w\u00e4hrend Jahrtausenden eine wichtige Passverbindung zwischen dem Wallis<br \/>\nund der Poebene. Kelten, R\u00f6mer und Walser, H\u00e4ndler, Pilger und S\u00f6ldner<br \/>\nwechselten hier von einer Seite des Alpenhauptkamms zur anderen. Dann geriet<br \/>\nder Pass in Vergessenheit.<\/p>\n<p>Die regionalen Naturp\u00e4rke beidseits der Grenze sind wegen ihrer<br \/>\nlandschaftlichen Sch\u00f6nheit und ihrer Naturwerte, aber auch wegen der gut<br \/>\nerhaltenen Siedlungen als solche anerkannt und tr\u00e4umen davon, in absehbarer<br \/>\nZeit einen einzigen, grenz\u00fcberschreitenden italienisch-schweizerischen<br \/>\nNaturpark zu bilden.<\/p>\n<p>Grenzenloses Wandervergn\u00fcgen zu allen Jahreszeiten: Unsere Routen &#8211;<br \/>\nWanderungen wie auch Schneeschuhtouren &#8211; f\u00fchren durch enge Schluchten, weite<br \/>\nHochebenen, lichte L\u00e4rchenw\u00e4lder und bunte Alpweiden, auf atemberaubende<br \/>\nPanoramagipfel und zu idyllischen Bergseen, und nicht zuletzt in D\u00f6rfer,<br \/>\nWeiler und Alpsiedlungen mit viel Charme. Gastfreundschaft und gute K\u00fcche<br \/>\nwerden in der Grenzregion gro\u00dfgeschrieben!<\/p>\n<p>&#8218; 42 Routen, zum Teil mit Varianten<br \/>\n&#8218; Kartenskizzen<br \/>\n&#8218; Informationen zur Anreise mit \u00f6ffentlichen Verkehrsmitteln<br \/>\n&#8218; \u00dcbernachtungsm\u00f6glichkeiten vom Sternehotel bis zur Bergh\u00fctte<br \/>\n&#8218; Restaurantempfehlungen des Autors<br \/>\n&#8218; Hintergr\u00fcnde und Wissenswertes<\/p>\n<p>288 Seiten, 19.0 \u00d7 12.0 cm, Klappenbroschur<br \/>\n2. Auflage<br \/>\nMit Farbfotos, Routenskizzen und Serviceteil<\/p>","protected":false},"excerpt":{"rendered":"<p>Naturpark-Wandern ohne Grenzen zwischen Wallis und Piemont Die regionalen Naturp\u00e4rke Binntal (Schweiz) sowie Alpe Veglia und Alpe Devero (Italien) bieten grenzu\u0308berschreitendes Wandervergnu\u0308gen zu allen Jahreszeiten. Wo sich Wallis und Piemont beru\u0308hren: Die Alpe Veglia und Alpe Devero in der Valle d&#8217;Ossola (Piemont) geh\u00f6ren heute zusammen mit dem Binntal im Goms (Wallis) zu den intaktesten Regionen [&#8230;]\n","protected":false},"featured_media":164059,"template":"","meta":[],"product_brand":[],"product_cat":[21605],"product_tag":[],"class_list":{"0":"post-146276","1":"product","2":"type-product","3":"status-publish","4":"has-post-thumbnail","6":"product_cat-wanderfuehrer-trekking","7":"pa_autor-weissen","8":"pa_erscheinungsjahr-27013","9":"pa_region-schweiz","10":"pa_sprache-de","12":"first","13":"instock","14":"taxable","15":"shipping-taxable","16":"purchasable","17":"product-type-simple"},"_links":{"self":[{"href":"https:\/\/pizbube.ch\/en\/wp-json\/wp\/v2\/product\/146276","targetHints":{"allow":["GET"]}}],"collection":[{"href":"https:\/\/pizbube.ch\/en\/wp-json\/wp\/v2\/product"}],"about":[{"href":"https:\/\/pizbube.ch\/en\/wp-json\/wp\/v2\/types\/product"}],"wp:featuredmedia":[{"embeddable":true,"href":"https:\/\/pizbube.ch\/en\/wp-json\/wp\/v2\/media\/164059"}],"wp:attachment":[{"href":"https:\/\/pizbube.ch\/en\/wp-json\/wp\/v2\/media?parent=146276"}],"wp:term":[{"taxonomy":"product_brand","embeddable":true,"href":"https:\/\/pizbube.ch\/en\/wp-json\/wp\/v2\/product_brand?post=146276"},{"taxonomy":"product_cat","embeddable":true,"href":"https:\/\/pizbube.ch\/en\/wp-json\/wp\/v2\/product_cat?post=146276"},{"taxonomy":"product_tag","embeddable":true,"href":"https:\/\/pizbube.ch\/en\/wp-json\/wp\/v2\/product_tag?post=146276"}],"curies":[{"name":"wp","href":"https:\/\/api.w.org\/{rel}","templated":true}]}}