{"id":146278,"date":"2021-01-15T10:53:34","date_gmt":"2021-01-15T10:53:34","guid":{"rendered":"https:\/\/codengine3.ch\/?product=import-placeholder-for-207844"},"modified":"2021-01-15T16:59:13","modified_gmt":"2021-01-15T16:59:13","slug":"das-binntal-exkursionen-durch-die-zeit","status":"publish","type":"product","link":"https:\/\/pizbube.ch\/en\/shop\/das-binntal-exkursionen-durch-die-zeit\/","title":{"rendered":"Das Binntal &#8211; Exkursionen durch die Zeit"},"content":{"rendered":"<p>Vor 50 Jahren hat das Binntal mit einem Naturschutzvertrag den Weg zu einer<br \/>\nnachhaltigen Zukunft eingeschlagen. Mit dem 2011 vom Bund verliehenen Label<br \/>\n&#171;Regionaler Naturpark von nationaler Bedeutung&#187; geht es diesen Weg weiter.<br \/>\nDas Binntal ist heute weit \u00fcber die Region hinaus Vorbild f\u00fcr regionale<br \/>\nEntwicklung in den Berggebieten. Landwirtschaft, sanfter Tourismus und das<br \/>\nMineraliengesch\u00e4ft sind die Lebensgrundlage der knapp 150 Bewohnerinnen und<br \/>\nBewohner.<br \/>\nDer Germanist und Historiker Gerold Koller kennt das Binntal aus erster Hand.<br \/>\nEr hat die alte Chronik des Binntals von Pfarrer Karl Jost wiederentdeckt, in<br \/>\ndie Gegenwart gef\u00fchrt und zahlreiche Zeitzeugen befragt. Mit den Fotografien<br \/>\nvon Nelly Rodriguez, die den Alltag von heute einfangen, bietet das Lese- und<br \/>\nBilderbuch einen faszinierenden Einblick in die Sorgen, aber auch Potenziale<br \/>\ndes Berggebiets abseits der grossen Touristenstr\u00f6me.<\/p>\n<p>Gerold Koller, 1948, Germanist und Historiker, war Literaturkritiker und ab<br \/>\n1987 Lehrer an der Kantonsschule Limmattal. Seit 30 Jahren verbringt er<br \/>\nregelm\u00e4ssig Zeit im Binntal und hat das Tal und die Leute von Grund auf<br \/>\nkennengelernt.<\/p>","protected":false},"excerpt":{"rendered":"<p>Vor 50 Jahren hat das Binntal mit einem Naturschutzvertrag den Weg zu einer nachhaltigen Zukunft eingeschlagen. Mit dem 2011 vom Bund verliehenen Label &#171;Regionaler Naturpark von nationaler Bedeutung&#187; geht es diesen Weg weiter. Das Binntal ist heute weit \u00fcber die Region hinaus Vorbild f\u00fcr regionale Entwicklung in den Berggebieten. Landwirtschaft, sanfter Tourismus und das Mineraliengesch\u00e4ft [&#8230;]\n","protected":false},"featured_media":38596,"template":"","meta":[],"product_brand":[],"product_cat":[21542],"product_tag":[],"class_list":{"0":"post-146278","1":"product","2":"type-product","3":"status-publish","4":"has-post-thumbnail","6":"product_cat-sachbuecher-dokumentationen","7":"pa_autor-koller","8":"pa_erscheinungsjahr-21550","9":"pa_region-schweiz","10":"pa_sprache-de","12":"first","13":"instock","14":"taxable","15":"shipping-taxable","16":"purchasable","17":"product-type-simple"},"_links":{"self":[{"href":"https:\/\/pizbube.ch\/en\/wp-json\/wp\/v2\/product\/146278","targetHints":{"allow":["GET"]}}],"collection":[{"href":"https:\/\/pizbube.ch\/en\/wp-json\/wp\/v2\/product"}],"about":[{"href":"https:\/\/pizbube.ch\/en\/wp-json\/wp\/v2\/types\/product"}],"wp:featuredmedia":[{"embeddable":true,"href":"https:\/\/pizbube.ch\/en\/wp-json\/wp\/v2\/media\/38596"}],"wp:attachment":[{"href":"https:\/\/pizbube.ch\/en\/wp-json\/wp\/v2\/media?parent=146278"}],"wp:term":[{"taxonomy":"product_brand","embeddable":true,"href":"https:\/\/pizbube.ch\/en\/wp-json\/wp\/v2\/product_brand?post=146278"},{"taxonomy":"product_cat","embeddable":true,"href":"https:\/\/pizbube.ch\/en\/wp-json\/wp\/v2\/product_cat?post=146278"},{"taxonomy":"product_tag","embeddable":true,"href":"https:\/\/pizbube.ch\/en\/wp-json\/wp\/v2\/product_tag?post=146278"}],"curies":[{"name":"wp","href":"https:\/\/api.w.org\/{rel}","templated":true}]}}