{"id":146279,"date":"2021-01-15T10:53:34","date_gmt":"2021-01-15T10:53:34","guid":{"rendered":"https:\/\/codengine3.ch\/?product=import-placeholder-for-204485"},"modified":"2021-01-15T14:33:37","modified_gmt":"2021-01-15T14:33:37","slug":"auf-schmugglerpfaden","status":"publish","type":"product","link":"https:\/\/pizbube.ch\/en\/shop\/auf-schmugglerpfaden\/","title":{"rendered":"Auf Schmugglerpfaden"},"content":{"rendered":"<p>21 Bergwanderungen zwischen Binntal und Piemont<\/p>\n<p>Der Wanderf\u00fchrer &#171;Auf Schmugglerpfaden&#187; bringt Sie in eine Region, die sich<br \/>\ndem stillen Tourismus verschrieben hat: das Gebiet \u00f6stlich des Simplonpasses<br \/>\nentlang der Landesgrenze zu Italien. Ein auf beiden Seiten der Grenze gut<br \/>\nunterhaltenes Wanderwegnetz f\u00fchrt Sie durch T\u00e4ler hinauf zu P\u00e4ssen, zu<br \/>\nabgeschiedenen Alpen und auf Gipfel, die eindr\u00fcckliche Weitblicke erm\u00f6glichen.<br \/>\nSie k\u00f6nnen Steinb\u00f6cke beobachten, ihnen so lange folgen, bis Sie im steiler<br \/>\nwerdenden Gel\u00e4nde abgesch\u00fcttelt werden, oder am Mittag an einem einsamen<br \/>\nBergsee entspannen, der sich ein paar Minuten abseits des Wanderwegs<br \/>\nversteckt.<\/p>\n<p>Die 21 Touren sind so gew\u00e4hlt, dass sie in einem Tag bew\u00e4ltigt werden k\u00f6nnen.<br \/>\nDie Vorschl\u00e4ge lassen sich aber auch zu mehrt\u00e4gigen Wanderungen<br \/>\nzusammensetzen. Sie k\u00f6nnen also Ihre Ferien in der Region verbringen und dabei<br \/>\nt\u00e4glich neue Wanderungen vom gleichen Ausgangsort aus unternehmen oder in<br \/>\nEtappen wandern und sich jede Nacht an einem anderen Ort erholen.<\/p>","protected":false},"excerpt":{"rendered":"<p>21 Bergwanderungen zwischen Binntal und Piemont Der Wanderf\u00fchrer &#171;Auf Schmugglerpfaden&#187; bringt Sie in eine Region, die sich dem stillen Tourismus verschrieben hat: das Gebiet \u00f6stlich des Simplonpasses entlang der Landesgrenze zu Italien. Ein auf beiden Seiten der Grenze gut unterhaltenes Wanderwegnetz f\u00fchrt Sie durch T\u00e4ler hinauf zu P\u00e4ssen, zu abgeschiedenen Alpen und auf Gipfel, die [&#8230;]\n","protected":false},"featured_media":32432,"template":"","meta":[],"product_brand":[],"product_cat":[21605],"product_tag":[],"class_list":{"0":"post-146279","1":"product","2":"type-product","3":"status-publish","4":"has-post-thumbnail","6":"product_cat-wanderfuehrer-trekking","7":"pa_autor-christener","8":"pa_erscheinungsjahr-21621","9":"pa_region-schweiz","10":"pa_sprache-de","12":"first","13":"instock","14":"taxable","15":"shipping-taxable","16":"purchasable","17":"product-type-simple"},"_links":{"self":[{"href":"https:\/\/pizbube.ch\/en\/wp-json\/wp\/v2\/product\/146279","targetHints":{"allow":["GET"]}}],"collection":[{"href":"https:\/\/pizbube.ch\/en\/wp-json\/wp\/v2\/product"}],"about":[{"href":"https:\/\/pizbube.ch\/en\/wp-json\/wp\/v2\/types\/product"}],"wp:featuredmedia":[{"embeddable":true,"href":"https:\/\/pizbube.ch\/en\/wp-json\/wp\/v2\/media\/32432"}],"wp:attachment":[{"href":"https:\/\/pizbube.ch\/en\/wp-json\/wp\/v2\/media?parent=146279"}],"wp:term":[{"taxonomy":"product_brand","embeddable":true,"href":"https:\/\/pizbube.ch\/en\/wp-json\/wp\/v2\/product_brand?post=146279"},{"taxonomy":"product_cat","embeddable":true,"href":"https:\/\/pizbube.ch\/en\/wp-json\/wp\/v2\/product_cat?post=146279"},{"taxonomy":"product_tag","embeddable":true,"href":"https:\/\/pizbube.ch\/en\/wp-json\/wp\/v2\/product_tag?post=146279"}],"curies":[{"name":"wp","href":"https:\/\/api.w.org\/{rel}","templated":true}]}}