{"id":146282,"date":"2021-01-15T10:53:34","date_gmt":"2021-01-15T10:53:34","guid":{"rendered":"https:\/\/codengine3.ch\/?product=import-placeholder-for-207856"},"modified":"2021-01-15T16:59:22","modified_gmt":"2021-01-15T16:59:22","slug":"oberwalliser-sonnenberge","status":"publish","type":"product","link":"https:\/\/pizbube.ch\/en\/shop\/oberwalliser-sonnenberge\/","title":{"rendered":"Oberwalliser Sonnenberge"},"content":{"rendered":"<p>Zwischen Goms und Gemmi breitet sich eine Landschaft aus, die kaum<br \/>\nvielf\u00e4ltiger sein k\u00f6nnte. Sie reicht vom gr\u00f6\u00dften Gletscher der Alpen bis zur<br \/>\nhei\u00dftrockenen Felsensteppe, von \u00bbLappland bis Sizilien\u00ab. Die unmittelbare N\u00e4he<br \/>\narktischer und mediterraner Lebensr\u00e4ume fasziniert seit vielen Jahrhunderten<br \/>\nReisende, Literatinnen und Naturwissenschaftler.  <\/p>\n<p>Die Sonnenseite des Oberwallis bietet unz\u00e4hlige Wanderm\u00f6glichkeiten f\u00fcr alle<br \/>\nJahreszeiten &#8211; von der bereits im M\u00e4rz bl\u00fchenden Wiese bis zum<br \/>\nHochgebirgspass, der selbst im September noch unter Schnee liegt. Manche<br \/>\nWanderwege sind l\u00e4ngst zu Klassikern geworden, gewiss. Doch die meisten Winkel<br \/>\nzwischen Oberwald, der Aletschregion, dem L\u00f6tschental und Leukerbad bieten<br \/>\nweiterhin stillen und ruhigen Naturgenuss.  <\/p>\n<p>Der reich bebilderte Wanderf\u00fchrer des Fotografen und Journalisten Marco Volken<br \/>\numfasst 18 Tages- und 3 Zweitagestouren, 4 Winterwanderungen, einen<br \/>\nausf\u00fchrlichen Serviceteil sowie Hintergrundartikel zu Natur, Kultur und<br \/>\nGeschichte.  <\/p>","protected":false},"excerpt":{"rendered":"<p>Zwischen Goms und Gemmi breitet sich eine Landschaft aus, die kaum vielf\u00e4ltiger sein k\u00f6nnte. Sie reicht vom gr\u00f6\u00dften Gletscher der Alpen bis zur hei\u00dftrockenen Felsensteppe, von \u00bbLappland bis Sizilien\u00ab. Die unmittelbare N\u00e4he arktischer und mediterraner Lebensr\u00e4ume fasziniert seit vielen Jahrhunderten Reisende, Literatinnen und Naturwissenschaftler. Die Sonnenseite des Oberwallis bietet unz\u00e4hlige Wanderm\u00f6glichkeiten f\u00fcr alle Jahreszeiten &#8211; [&#8230;]\n","protected":false},"featured_media":38628,"template":"","meta":[],"product_brand":[],"product_cat":[21605],"product_tag":[],"class_list":{"0":"post-146282","1":"product","2":"type-product","3":"status-publish","4":"has-post-thumbnail","6":"product_cat-wanderfuehrer-trekking","7":"pa_autor-volken","8":"pa_erscheinungsjahr-21586","9":"pa_region-schweiz","10":"pa_sprache-de","12":"first","13":"instock","14":"taxable","15":"shipping-taxable","16":"purchasable","17":"product-type-simple"},"_links":{"self":[{"href":"https:\/\/pizbube.ch\/en\/wp-json\/wp\/v2\/product\/146282","targetHints":{"allow":["GET"]}}],"collection":[{"href":"https:\/\/pizbube.ch\/en\/wp-json\/wp\/v2\/product"}],"about":[{"href":"https:\/\/pizbube.ch\/en\/wp-json\/wp\/v2\/types\/product"}],"wp:featuredmedia":[{"embeddable":true,"href":"https:\/\/pizbube.ch\/en\/wp-json\/wp\/v2\/media\/38628"}],"wp:attachment":[{"href":"https:\/\/pizbube.ch\/en\/wp-json\/wp\/v2\/media?parent=146282"}],"wp:term":[{"taxonomy":"product_brand","embeddable":true,"href":"https:\/\/pizbube.ch\/en\/wp-json\/wp\/v2\/product_brand?post=146282"},{"taxonomy":"product_cat","embeddable":true,"href":"https:\/\/pizbube.ch\/en\/wp-json\/wp\/v2\/product_cat?post=146282"},{"taxonomy":"product_tag","embeddable":true,"href":"https:\/\/pizbube.ch\/en\/wp-json\/wp\/v2\/product_tag?post=146282"}],"curies":[{"name":"wp","href":"https:\/\/api.w.org\/{rel}","templated":true}]}}