{"id":146283,"date":"2021-01-15T10:53:34","date_gmt":"2021-01-15T10:53:34","guid":{"rendered":"https:\/\/codengine3.ch\/?product=import-placeholder-for-208124"},"modified":"2021-01-15T17:50:29","modified_gmt":"2021-01-15T17:50:29","slug":"oberwalliser-suedtaeler-wanderungen-und-geschichten-zwischen-simplon-zermatt-und-turtmanntal","status":"publish","type":"product","link":"https:\/\/pizbube.ch\/en\/shop\/oberwalliser-suedtaeler-wanderungen-und-geschichten-zwischen-simplon-zermatt-und-turtmanntal\/","title":{"rendered":"Oberwalliser S\u00fcdt\u00e4ler &#8211; Wanderungen und Geschichten zwischen Simplon, Zermatt und Turtmanntal"},"content":{"rendered":"<p>\nBei den Oberwalliser S\u00fcdt\u00e4lern handelt es sich um das Simplongebiet mit<br \/>\nZwischbergen- und Laggintal, die beiden Vispert\u00e4ler Saas- und Mattertal sowie<br \/>\ndas Turtmanntal. Als tiefstes Tal der Alpen ist das Mattertal im Guinness-Buch<br \/>\nder Rekorde verzeichnet. Auch sonst spart die vorgestellte Region nicht mit<br \/>\nSuperlativen: die h\u00f6chste Konzentration von Viertausendern der Alpen, die<br \/>\nl\u00e4ngste Fu\u00dfg\u00e4ngerbr\u00fccke der Welt, der sch\u00f6nste \u00bbBerg der Berge\u00ab, der h\u00f6chste<br \/>\nWandergipfel und der h\u00f6chste Weinberg Europas, die meisten Sonnenstunden der<br \/>\nSchweiz\u2026  <\/p>\n<p>Wer hier wandert, bewegt sich in einem Land der Extreme, das zwischen<br \/>\nmediterranem Klima und arktischer Eisregion eine einzigartige Vielfalt zeigt.<br \/>\nGewaltige Bergpanoramen, f\u00fcr die man nicht bis in den Himalaya reisen muss.<br \/>\nAbenteuerliche H\u00f6henwege, die sich wunderbar zu Weitwanderungen verkn\u00fcpfen<br \/>\nlassen. Das verspricht echten Abstand vom Alltag.<\/p>\n<p>Spannende Hintergrundgeschichten lassen hinter die Kulissen blicken. Dazu gibt<br \/>\nes bew\u00e4hrt-verl\u00e4ssliche Tipps zu Einkehr, \u00dcbernachtung, Anreise und lokalen<br \/>\nProdukten.<\/p>\n<p>1. Auflage; 256 Seiten, 19.0 \u00d7 12.0 cm, Klappenbroschur;<br \/>\nMit Farbfotos, Routenskizzen und Serviceteil  <\/p>","protected":false},"excerpt":{"rendered":"<p>Bei den Oberwalliser S\u00fcdt\u00e4lern handelt es sich um das Simplongebiet mit Zwischbergen- und Laggintal, die beiden Vispert\u00e4ler Saas- und Mattertal sowie das Turtmanntal. Als tiefstes Tal der Alpen ist das Mattertal im Guinness-Buch der Rekorde verzeichnet. Auch sonst spart die vorgestellte Region nicht mit Superlativen: die h\u00f6chste Konzentration von Viertausendern der Alpen, die l\u00e4ngste Fu\u00dfg\u00e4ngerbr\u00fccke [&#8230;]\n","protected":false},"featured_media":39406,"template":"","meta":[],"product_brand":[],"product_cat":[21605],"product_tag":[],"class_list":{"0":"post-146283","1":"product","2":"type-product","3":"status-publish","4":"has-post-thumbnail","6":"product_cat-wanderfuehrer-trekking","7":"pa_autor-kuerschner","8":"pa_erscheinungsjahr-21558","9":"pa_region-schweiz","10":"pa_sprache-de","12":"first","13":"instock","14":"taxable","15":"shipping-taxable","16":"purchasable","17":"product-type-simple"},"_links":{"self":[{"href":"https:\/\/pizbube.ch\/en\/wp-json\/wp\/v2\/product\/146283","targetHints":{"allow":["GET"]}}],"collection":[{"href":"https:\/\/pizbube.ch\/en\/wp-json\/wp\/v2\/product"}],"about":[{"href":"https:\/\/pizbube.ch\/en\/wp-json\/wp\/v2\/types\/product"}],"wp:featuredmedia":[{"embeddable":true,"href":"https:\/\/pizbube.ch\/en\/wp-json\/wp\/v2\/media\/39406"}],"wp:attachment":[{"href":"https:\/\/pizbube.ch\/en\/wp-json\/wp\/v2\/media?parent=146283"}],"wp:term":[{"taxonomy":"product_brand","embeddable":true,"href":"https:\/\/pizbube.ch\/en\/wp-json\/wp\/v2\/product_brand?post=146283"},{"taxonomy":"product_cat","embeddable":true,"href":"https:\/\/pizbube.ch\/en\/wp-json\/wp\/v2\/product_cat?post=146283"},{"taxonomy":"product_tag","embeddable":true,"href":"https:\/\/pizbube.ch\/en\/wp-json\/wp\/v2\/product_tag?post=146283"}],"curies":[{"name":"wp","href":"https:\/\/api.w.org\/{rel}","templated":true}]}}